{"id":14492,"date":"2025-02-01T20:55:46","date_gmt":"2025-02-01T20:55:46","guid":{"rendered":"https:\/\/sensoriberia.es\/?post_type=product&#038;p=14492"},"modified":"2025-02-01T21:09:06","modified_gmt":"2025-02-01T21:09:06","slug":"radar-rds-100","status":"publish","type":"product","link":"https:\/\/sensoriberia.es\/en\/producto\/radar-rds-100\/","title":{"rendered":"Radar RDS 100"},"content":{"rendered":"<p>El sensor de radar RDS 100 de CEDES\u00a0 permite una activaci\u00f3n de puertas muy fiable. Gracias a su gran \u00e1rea de detecci\u00f3n de 4 x 2 m y a una altura de montaje de 2,2 m, el sensor se puede utilizar en todas las puertas autom\u00e1ticas.<\/p>\n<p><a href=\"https:\/\/sensoriberia.es\/wp-content\/uploads\/2025\/02\/ds_rds100_caracteristicas.pdf\" target=\"_blank\" rel=\"noopener\">Caracter\u00edsticas .pdf<\/a><\/p>\n","protected":false},"excerpt":{"rendered":"<p>El sensor de radar RDS 100 de CEDES\u00a0 permite una activaci\u00f3n de puertas muy fiable. Gracias a su gran \u00e1rea de detecci\u00f3n de 4 x 2 m y a una altura de montaje de 2,2 m, el sensor se puede utilizar en todas las puertas autom\u00e1ticas. Caracter\u00edsticas .pdf<\/p>\n","protected":false},"featured_media":14473,"comment_status":"closed","ping_status":"closed","template":"","meta":[],"product_brand":[],"product_cat":[200],"product_tag":[],"class_list":{"0":"post-14492","1":"product","2":"type-product","3":"status-publish","4":"has-post-thumbnail","6":"product_cat-radares","8":"first","9":"instock","10":"taxable","11":"shipping-taxable","12":"product-type-simple"},"yoast_head":"<!-- This site is optimized with the Yoast SEO plugin v27.4 - https:\/\/yoast.com\/product\/yoast-seo-wordpress\/ -->\n<title>Radar RDS 100 - SensorIberia<\/title>\n<meta name=\"description\" content=\"El sensor de radar RDS 100 permite una activaci\u00f3n de puertas de ascensor muy fiable. Gracias a su gran \u00e1rea de detecci\u00f3n de 4 x 2 m y ..\" \/>\n<meta name=\"robots\" content=\"index, follow, max-snippet:-1, max-image-preview:large, max-video-preview:-1\" \/>\n<link rel=\"canonical\" href=\"https:\/\/sensoriberia.es\/en\/producto\/radar-rds-100\/\" \/>\n<meta property=\"og:locale\" content=\"en_US\" \/>\n<meta property=\"og:type\" content=\"article\" \/>\n<meta property=\"og:title\" content=\"Radar RDS 100 - SensorIberia\" \/>\n<meta property=\"og:description\" content=\"El sensor de radar RDS 100 permite una activaci\u00f3n de puertas de ascensor muy fiable. Gracias a su gran \u00e1rea de detecci\u00f3n de 4 x 2 m y ..\" \/>\n<meta property=\"og:url\" content=\"https:\/\/sensoriberia.es\/en\/producto\/radar-rds-100\/\" \/>\n<meta property=\"og:site_name\" content=\"SensorIberia\" \/>\n<meta property=\"article:modified_time\" content=\"2025-02-01T21:09:06+00:00\" \/>\n<meta property=\"og:image\" content=\"https:\/\/sensoriberia.es\/wp-content\/uploads\/2025\/02\/RDS-100-_CEDES.jpg\" \/>\n\t<meta property=\"og:image:width\" content=\"1300\" \/>\n\t<meta property=\"og:image:height\" content=\"866\" \/>\n\t<meta property=\"og:image:type\" content=\"image\/jpeg\" \/>\n<meta name=\"twitter:card\" content=\"summary_large_image\" \/>\n<meta name=\"twitter:label1\" content=\"Est. reading time\" \/>\n\t<meta name=\"twitter:data1\" content=\"1 minute\" \/>\n<script type=\"application\/ld+json\" class=\"yoast-schema-graph\">{\"@context\":\"https:\\\/\\\/schema.org\",\"@graph\":[{\"@type\":\"WebPage\",\"@id\":\"https:\\\/\\\/sensoriberia.es\\\/en\\\/producto\\\/radar-rds-100\\\/\",\"url\":\"https:\\\/\\\/sensoriberia.es\\\/en\\\/producto\\\/radar-rds-100\\\/\",\"name\":\"Radar RDS 100 - SensorIberia\",\"isPartOf\":{\"@id\":\"https:\\\/\\\/sensoriberia.es\\\/en\\\/#website\"},\"primaryImageOfPage\":{\"@id\":\"https:\\\/\\\/sensoriberia.es\\\/en\\\/producto\\\/radar-rds-100\\\/#primaryimage\"},\"image\":{\"@id\":\"https:\\\/\\\/sensoriberia.es\\\/en\\\/producto\\\/radar-rds-100\\\/#primaryimage\"},\"thumbnailUrl\":\"https:\\\/\\\/sensoriberia.es\\\/wp-content\\\/uploads\\\/2025\\\/02\\\/RDS-100-_CEDES.jpg\",\"datePublished\":\"2025-02-01T20:55:46+00:00\",\"dateModified\":\"2025-02-01T21:09:06+00:00\",\"description\":\"El sensor de radar RDS 100 permite una activaci\u00f3n de puertas de ascensor muy fiable. Gracias a su gran \u00e1rea de detecci\u00f3n de 4 x 2 m y ..\",\"breadcrumb\":{\"@id\":\"https:\\\/\\\/sensoriberia.es\\\/en\\\/producto\\\/radar-rds-100\\\/#breadcrumb\"},\"inLanguage\":\"en-US\",\"potentialAction\":[{\"@type\":\"ReadAction\",\"target\":[\"https:\\\/\\\/sensoriberia.es\\\/en\\\/producto\\\/radar-rds-100\\\/\"]}]},{\"@type\":\"ImageObject\",\"inLanguage\":\"en-US\",\"@id\":\"https:\\\/\\\/sensoriberia.es\\\/en\\\/producto\\\/radar-rds-100\\\/#primaryimage\",\"url\":\"https:\\\/\\\/sensoriberia.es\\\/wp-content\\\/uploads\\\/2025\\\/02\\\/RDS-100-_CEDES.jpg\",\"contentUrl\":\"https:\\\/\\\/sensoriberia.es\\\/wp-content\\\/uploads\\\/2025\\\/02\\\/RDS-100-_CEDES.jpg\",\"width\":1300,\"height\":866,\"caption\":\"Radar CEDES para Sensor Iberia\"},{\"@type\":\"BreadcrumbList\",\"@id\":\"https:\\\/\\\/sensoriberia.es\\\/en\\\/producto\\\/radar-rds-100\\\/#breadcrumb\",\"itemListElement\":[{\"@type\":\"ListItem\",\"position\":1,\"name\":\"Portada\",\"item\":\"https:\\\/\\\/sensoriberia.es\\\/en\\\/\"},{\"@type\":\"ListItem\",\"position\":2,\"name\":\"Products\",\"item\":\"https:\\\/\\\/sensoriberia.es\\\/en\\\/products\\\/\"},{\"@type\":\"ListItem\",\"position\":3,\"name\":\"Radar RDS 100\"}]},{\"@type\":\"WebSite\",\"@id\":\"https:\\\/\\\/sensoriberia.es\\\/en\\\/#website\",\"url\":\"https:\\\/\\\/sensoriberia.es\\\/en\\\/\",\"name\":\"Sensor Iberia\",\"description\":\"Distribuidor de sensores fotoel&eacute;ctricos\",\"publisher\":{\"@id\":\"https:\\\/\\\/sensoriberia.es\\\/en\\\/#organization\"},\"potentialAction\":[{\"@type\":\"SearchAction\",\"target\":{\"@type\":\"EntryPoint\",\"urlTemplate\":\"https:\\\/\\\/sensoriberia.es\\\/en\\\/?s={search_term_string}\"},\"query-input\":{\"@type\":\"PropertyValueSpecification\",\"valueRequired\":true,\"valueName\":\"search_term_string\"}}],\"inLanguage\":\"en-US\"},{\"@type\":\"Organization\",\"@id\":\"https:\\\/\\\/sensoriberia.es\\\/en\\\/#organization\",\"name\":\"Sensor Components, S.L.\",\"url\":\"https:\\\/\\\/sensoriberia.es\\\/en\\\/\",\"logo\":{\"@type\":\"ImageObject\",\"inLanguage\":\"en-US\",\"@id\":\"https:\\\/\\\/sensoriberia.es\\\/en\\\/#\\\/schema\\\/logo\\\/image\\\/\",\"url\":\"https:\\\/\\\/sensoriberia.es\\\/wp-content\\\/uploads\\\/2017\\\/06\\\/Solo-logo-sensor4.png\",\"contentUrl\":\"https:\\\/\\\/sensoriberia.es\\\/wp-content\\\/uploads\\\/2017\\\/06\\\/Solo-logo-sensor4.png\",\"width\":607,\"height\":297,\"caption\":\"Sensor Components, S.L.\"},\"image\":{\"@id\":\"https:\\\/\\\/sensoriberia.es\\\/en\\\/#\\\/schema\\\/logo\\\/image\\\/\"},\"sameAs\":[\"https:\\\/\\\/www.linkedin.com\\\/in\\\/marti-sensoriberia\\\/\"]}]}<\/script>\n<!-- \/ Yoast SEO plugin. -->","yoast_head_json":{"title":"Radar RDS 100 - SensorIberia","description":"El sensor de radar RDS 100 permite una activaci\u00f3n de puertas de ascensor muy fiable. Gracias a su gran \u00e1rea de detecci\u00f3n de 4 x 2 m y ..","robots":{"index":"index","follow":"follow","max-snippet":"max-snippet:-1","max-image-preview":"max-image-preview:large","max-video-preview":"max-video-preview:-1"},"canonical":"https:\/\/sensoriberia.es\/en\/producto\/radar-rds-100\/","og_locale":"en_US","og_type":"article","og_title":"Radar RDS 100 - SensorIberia","og_description":"El sensor de radar RDS 100 permite una activaci\u00f3n de puertas de ascensor muy fiable. Gracias a su gran \u00e1rea de detecci\u00f3n de 4 x 2 m y ..","og_url":"https:\/\/sensoriberia.es\/en\/producto\/radar-rds-100\/","og_site_name":"SensorIberia","article_modified_time":"2025-02-01T21:09:06+00:00","og_image":[{"width":1300,"height":866,"url":"https:\/\/sensoriberia.es\/wp-content\/uploads\/2025\/02\/RDS-100-_CEDES.jpg","type":"image\/jpeg"}],"twitter_card":"summary_large_image","twitter_misc":{"Est. reading time":"1 minute"},"schema":{"@context":"https:\/\/schema.org","@graph":[{"@type":"WebPage","@id":"https:\/\/sensoriberia.es\/en\/producto\/radar-rds-100\/","url":"https:\/\/sensoriberia.es\/en\/producto\/radar-rds-100\/","name":"Radar RDS 100 - SensorIberia","isPartOf":{"@id":"https:\/\/sensoriberia.es\/en\/#website"},"primaryImageOfPage":{"@id":"https:\/\/sensoriberia.es\/en\/producto\/radar-rds-100\/#primaryimage"},"image":{"@id":"https:\/\/sensoriberia.es\/en\/producto\/radar-rds-100\/#primaryimage"},"thumbnailUrl":"https:\/\/sensoriberia.es\/wp-content\/uploads\/2025\/02\/RDS-100-_CEDES.jpg","datePublished":"2025-02-01T20:55:46+00:00","dateModified":"2025-02-01T21:09:06+00:00","description":"El sensor de radar RDS 100 permite una activaci\u00f3n de puertas de ascensor muy fiable. Gracias a su gran \u00e1rea de detecci\u00f3n de 4 x 2 m y ..","breadcrumb":{"@id":"https:\/\/sensoriberia.es\/en\/producto\/radar-rds-100\/#breadcrumb"},"inLanguage":"en-US","potentialAction":[{"@type":"ReadAction","target":["https:\/\/sensoriberia.es\/en\/producto\/radar-rds-100\/"]}]},{"@type":"ImageObject","inLanguage":"en-US","@id":"https:\/\/sensoriberia.es\/en\/producto\/radar-rds-100\/#primaryimage","url":"https:\/\/sensoriberia.es\/wp-content\/uploads\/2025\/02\/RDS-100-_CEDES.jpg","contentUrl":"https:\/\/sensoriberia.es\/wp-content\/uploads\/2025\/02\/RDS-100-_CEDES.jpg","width":1300,"height":866,"caption":"Radar CEDES para Sensor Iberia"},{"@type":"BreadcrumbList","@id":"https:\/\/sensoriberia.es\/en\/producto\/radar-rds-100\/#breadcrumb","itemListElement":[{"@type":"ListItem","position":1,"name":"Portada","item":"https:\/\/sensoriberia.es\/en\/"},{"@type":"ListItem","position":2,"name":"Products","item":"https:\/\/sensoriberia.es\/en\/products\/"},{"@type":"ListItem","position":3,"name":"Radar RDS 100"}]},{"@type":"WebSite","@id":"https:\/\/sensoriberia.es\/en\/#website","url":"https:\/\/sensoriberia.es\/en\/","name":"Sensor Iberia","description":"Distribuidor de sensores fotoel&eacute;ctricos","publisher":{"@id":"https:\/\/sensoriberia.es\/en\/#organization"},"potentialAction":[{"@type":"SearchAction","target":{"@type":"EntryPoint","urlTemplate":"https:\/\/sensoriberia.es\/en\/?s={search_term_string}"},"query-input":{"@type":"PropertyValueSpecification","valueRequired":true,"valueName":"search_term_string"}}],"inLanguage":"en-US"},{"@type":"Organization","@id":"https:\/\/sensoriberia.es\/en\/#organization","name":"Sensor Components, S.L.","url":"https:\/\/sensoriberia.es\/en\/","logo":{"@type":"ImageObject","inLanguage":"en-US","@id":"https:\/\/sensoriberia.es\/en\/#\/schema\/logo\/image\/","url":"https:\/\/sensoriberia.es\/wp-content\/uploads\/2017\/06\/Solo-logo-sensor4.png","contentUrl":"https:\/\/sensoriberia.es\/wp-content\/uploads\/2017\/06\/Solo-logo-sensor4.png","width":607,"height":297,"caption":"Sensor Components, S.L."},"image":{"@id":"https:\/\/sensoriberia.es\/en\/#\/schema\/logo\/image\/"},"sameAs":["https:\/\/www.linkedin.com\/in\/marti-sensoriberia\/"]}]}},"_links":{"self":[{"href":"https:\/\/sensoriberia.es\/en\/wp-json\/wp\/v2\/product\/14492","targetHints":{"allow":["GET"]}}],"collection":[{"href":"https:\/\/sensoriberia.es\/en\/wp-json\/wp\/v2\/product"}],"about":[{"href":"https:\/\/sensoriberia.es\/en\/wp-json\/wp\/v2\/types\/product"}],"replies":[{"embeddable":true,"href":"https:\/\/sensoriberia.es\/en\/wp-json\/wp\/v2\/comments?post=14492"}],"wp:featuredmedia":[{"embeddable":true,"href":"https:\/\/sensoriberia.es\/en\/wp-json\/wp\/v2\/media\/14473"}],"wp:attachment":[{"href":"https:\/\/sensoriberia.es\/en\/wp-json\/wp\/v2\/media?parent=14492"}],"wp:term":[{"taxonomy":"product_brand","embeddable":true,"href":"https:\/\/sensoriberia.es\/en\/wp-json\/wp\/v2\/product_brand?post=14492"},{"taxonomy":"product_cat","embeddable":true,"href":"https:\/\/sensoriberia.es\/en\/wp-json\/wp\/v2\/product_cat?post=14492"},{"taxonomy":"product_tag","embeddable":true,"href":"https:\/\/sensoriberia.es\/en\/wp-json\/wp\/v2\/product_tag?post=14492"}],"curies":[{"name":"wp","href":"https:\/\/api.w.org\/{rel}","templated":true}]}}