{"id":14516,"date":"2025-02-24T10:01:14","date_gmt":"2025-02-24T10:01:14","guid":{"rendered":"https:\/\/sensoriberia.es\/?post_type=product&#038;p=14516"},"modified":"2026-02-04T13:06:01","modified_gmt":"2026-02-04T13:06:01","slug":"idiscovery","status":"publish","type":"product","link":"https:\/\/sensoriberia.es\/en\/producto\/idiscovery\/","title":{"rendered":"iDiscovery"},"content":{"rendered":"<p>El iDiscovery es una potente unidad supervisora de seguridad compatible con SIL 3 y EN 81-20\/50. Junto con el APS (Sistema de Posicionamiento Absoluto) de CEDES, se hace cargo de las funciones relevantes para la seguridad del ascensor.<\/p>\n<p>Tambi\u00e9n incluye funciones de inspecci\u00f3n mejoradas para ascensores con espacio reducido para la cabeza o pozo (EN 81-21). El sistema cuenta con un regulador de exceso de velocidad electr\u00f3nico puro para activar un equipo de seguridad activado el\u00e9ctricamente.<\/p>\n<p>Este sistema altamente integrado elimina muchos de los sistemas y componentes individuales que actualmente se requieren para un ascensor convencional. Combinado con APS, iDiscovery reduce significativamente el costo y la complejidad del ascensor, as\u00ed como el tiempo de instalaci\u00f3n y mantenimiento.<\/p>\n<p>La configuraci\u00f3n de los par\u00e1metros relevantes para la seguridad se realiza con clips de configuraci\u00f3n que se montan con la cinta de c\u00f3digo APS. Esto permite configurar los par\u00e1metros de seguridad del dispositivo en el campo en el lugar de trabajo. La configuraci\u00f3n tambi\u00e9n se puede cambiar en el campo. El uso de los clips de configuraci\u00f3n en combinaci\u00f3n con los clips indicadores de piso permite un proceso de ense\u00f1anza totalmente automatizado.<\/p>\n<p><a href=\"https:\/\/sensoriberia.es\/wp-content\/uploads\/2025\/02\/idiscovery_Caracteristicas.pdf\" target=\"_blank\" rel=\"noopener\">Consulta aqu\u00ed toda la informaci\u00f3n del iDiscovery<\/a><\/p>\n","protected":false},"excerpt":{"rendered":"<p>El iDiscovery es una potente unidad supervisora de seguridad compatible con SIL 3 y EN 81-20\/50. Junto con el APS (Sistema de Posicionamiento Absoluto) de CEDES, se hace cargo de las funciones relevantes para la seguridad del ascensor. Tambi\u00e9n incluye funciones de inspecci\u00f3n mejoradas para ascensores con espacio reducido para la cabeza o pozo (EN [&hellip;]<\/p>\n","protected":false},"featured_media":14510,"comment_status":"closed","ping_status":"closed","template":"","meta":[],"product_brand":[],"product_cat":[171,156,160,16,161],"product_tag":[],"class_list":{"0":"post-14516","1":"product","2":"type-product","3":"status-publish","4":"has-post-thumbnail","6":"product_cat-accesorios-2","7":"product_cat-ascensores-y-escaleras-mecanicas","8":"product_cat-servicios-y-dispositivos-iot","9":"product_cat-sin-categorizar","10":"product_cat-sistemas-de-posicionamiento-y-control","12":"first","13":"instock","14":"taxable","15":"shipping-taxable","16":"product-type-simple"},"yoast_head":"<!-- This site is optimized with the Yoast SEO plugin v27.4 - https:\/\/yoast.com\/product\/yoast-seo-wordpress\/ -->\n<title>iDiscovery - SensorIberia<\/title>\n<meta name=\"description\" content=\"El iDiscovery es sistema integrado que elimina muchos de los sistemas y componentes individuales que actualmente se requieren para un ascensor convencional\" \/>\n<meta name=\"robots\" content=\"index, follow, max-snippet:-1, max-image-preview:large, max-video-preview:-1\" \/>\n<link rel=\"canonical\" href=\"https:\/\/sensoriberia.es\/en\/producto\/idiscovery\/\" \/>\n<meta property=\"og:locale\" content=\"en_US\" \/>\n<meta property=\"og:type\" content=\"article\" \/>\n<meta property=\"og:title\" content=\"iDiscovery - SensorIberia\" \/>\n<meta property=\"og:description\" content=\"El iDiscovery es sistema integrado que elimina muchos de los sistemas y componentes individuales que actualmente se requieren para un ascensor convencional\" \/>\n<meta property=\"og:url\" content=\"https:\/\/sensoriberia.es\/en\/producto\/idiscovery\/\" \/>\n<meta property=\"og:site_name\" content=\"SensorIberia\" \/>\n<meta property=\"article:modified_time\" content=\"2026-02-04T13:06:01+00:00\" \/>\n<meta property=\"og:image\" content=\"https:\/\/sensoriberia.es\/wp-content\/uploads\/2025\/02\/idiscovery_CEDES.png\" \/>\n\t<meta property=\"og:image:width\" content=\"800\" \/>\n\t<meta property=\"og:image:height\" content=\"533\" \/>\n\t<meta property=\"og:image:type\" content=\"image\/png\" \/>\n<meta name=\"twitter:card\" content=\"summary_large_image\" \/>\n<meta name=\"twitter:label1\" content=\"Est. reading time\" \/>\n\t<meta name=\"twitter:data1\" content=\"2 minutes\" \/>\n<script type=\"application\/ld+json\" class=\"yoast-schema-graph\">{\"@context\":\"https:\\\/\\\/schema.org\",\"@graph\":[{\"@type\":\"WebPage\",\"@id\":\"https:\\\/\\\/sensoriberia.es\\\/en\\\/producto\\\/idiscovery\\\/\",\"url\":\"https:\\\/\\\/sensoriberia.es\\\/en\\\/producto\\\/idiscovery\\\/\",\"name\":\"iDiscovery - SensorIberia\",\"isPartOf\":{\"@id\":\"https:\\\/\\\/sensoriberia.es\\\/en\\\/#website\"},\"primaryImageOfPage\":{\"@id\":\"https:\\\/\\\/sensoriberia.es\\\/en\\\/producto\\\/idiscovery\\\/#primaryimage\"},\"image\":{\"@id\":\"https:\\\/\\\/sensoriberia.es\\\/en\\\/producto\\\/idiscovery\\\/#primaryimage\"},\"thumbnailUrl\":\"https:\\\/\\\/sensoriberia.es\\\/wp-content\\\/uploads\\\/2025\\\/02\\\/idiscovery_CEDES.png\",\"datePublished\":\"2025-02-24T10:01:14+00:00\",\"dateModified\":\"2026-02-04T13:06:01+00:00\",\"description\":\"El iDiscovery es sistema integrado que elimina muchos de los sistemas y componentes individuales que actualmente se requieren para un ascensor convencional\",\"breadcrumb\":{\"@id\":\"https:\\\/\\\/sensoriberia.es\\\/en\\\/producto\\\/idiscovery\\\/#breadcrumb\"},\"inLanguage\":\"en-US\",\"potentialAction\":[{\"@type\":\"ReadAction\",\"target\":[\"https:\\\/\\\/sensoriberia.es\\\/en\\\/producto\\\/idiscovery\\\/\"]}]},{\"@type\":\"ImageObject\",\"inLanguage\":\"en-US\",\"@id\":\"https:\\\/\\\/sensoriberia.es\\\/en\\\/producto\\\/idiscovery\\\/#primaryimage\",\"url\":\"https:\\\/\\\/sensoriberia.es\\\/wp-content\\\/uploads\\\/2025\\\/02\\\/idiscovery_CEDES.png\",\"contentUrl\":\"https:\\\/\\\/sensoriberia.es\\\/wp-content\\\/uploads\\\/2025\\\/02\\\/idiscovery_CEDES.png\",\"width\":800,\"height\":533},{\"@type\":\"BreadcrumbList\",\"@id\":\"https:\\\/\\\/sensoriberia.es\\\/en\\\/producto\\\/idiscovery\\\/#breadcrumb\",\"itemListElement\":[{\"@type\":\"ListItem\",\"position\":1,\"name\":\"Portada\",\"item\":\"https:\\\/\\\/sensoriberia.es\\\/en\\\/\"},{\"@type\":\"ListItem\",\"position\":2,\"name\":\"Products\",\"item\":\"https:\\\/\\\/sensoriberia.es\\\/en\\\/products\\\/\"},{\"@type\":\"ListItem\",\"position\":3,\"name\":\"iDiscovery\"}]},{\"@type\":\"WebSite\",\"@id\":\"https:\\\/\\\/sensoriberia.es\\\/en\\\/#website\",\"url\":\"https:\\\/\\\/sensoriberia.es\\\/en\\\/\",\"name\":\"Sensor Iberia\",\"description\":\"Distribuidor de sensores fotoel&eacute;ctricos\",\"publisher\":{\"@id\":\"https:\\\/\\\/sensoriberia.es\\\/en\\\/#organization\"},\"potentialAction\":[{\"@type\":\"SearchAction\",\"target\":{\"@type\":\"EntryPoint\",\"urlTemplate\":\"https:\\\/\\\/sensoriberia.es\\\/en\\\/?s={search_term_string}\"},\"query-input\":{\"@type\":\"PropertyValueSpecification\",\"valueRequired\":true,\"valueName\":\"search_term_string\"}}],\"inLanguage\":\"en-US\"},{\"@type\":\"Organization\",\"@id\":\"https:\\\/\\\/sensoriberia.es\\\/en\\\/#organization\",\"name\":\"Sensor Components, S.L.\",\"url\":\"https:\\\/\\\/sensoriberia.es\\\/en\\\/\",\"logo\":{\"@type\":\"ImageObject\",\"inLanguage\":\"en-US\",\"@id\":\"https:\\\/\\\/sensoriberia.es\\\/en\\\/#\\\/schema\\\/logo\\\/image\\\/\",\"url\":\"https:\\\/\\\/sensoriberia.es\\\/wp-content\\\/uploads\\\/2017\\\/06\\\/Solo-logo-sensor4.png\",\"contentUrl\":\"https:\\\/\\\/sensoriberia.es\\\/wp-content\\\/uploads\\\/2017\\\/06\\\/Solo-logo-sensor4.png\",\"width\":607,\"height\":297,\"caption\":\"Sensor Components, S.L.\"},\"image\":{\"@id\":\"https:\\\/\\\/sensoriberia.es\\\/en\\\/#\\\/schema\\\/logo\\\/image\\\/\"},\"sameAs\":[\"https:\\\/\\\/www.linkedin.com\\\/in\\\/marti-sensoriberia\\\/\"]}]}<\/script>\n<!-- \/ Yoast SEO plugin. -->","yoast_head_json":{"title":"iDiscovery - SensorIberia","description":"El iDiscovery es sistema integrado que elimina muchos de los sistemas y componentes individuales que actualmente se requieren para un ascensor convencional","robots":{"index":"index","follow":"follow","max-snippet":"max-snippet:-1","max-image-preview":"max-image-preview:large","max-video-preview":"max-video-preview:-1"},"canonical":"https:\/\/sensoriberia.es\/en\/producto\/idiscovery\/","og_locale":"en_US","og_type":"article","og_title":"iDiscovery - SensorIberia","og_description":"El iDiscovery es sistema integrado que elimina muchos de los sistemas y componentes individuales que actualmente se requieren para un ascensor convencional","og_url":"https:\/\/sensoriberia.es\/en\/producto\/idiscovery\/","og_site_name":"SensorIberia","article_modified_time":"2026-02-04T13:06:01+00:00","og_image":[{"width":800,"height":533,"url":"https:\/\/sensoriberia.es\/wp-content\/uploads\/2025\/02\/idiscovery_CEDES.png","type":"image\/png"}],"twitter_card":"summary_large_image","twitter_misc":{"Est. reading time":"2 minutes"},"schema":{"@context":"https:\/\/schema.org","@graph":[{"@type":"WebPage","@id":"https:\/\/sensoriberia.es\/en\/producto\/idiscovery\/","url":"https:\/\/sensoriberia.es\/en\/producto\/idiscovery\/","name":"iDiscovery - SensorIberia","isPartOf":{"@id":"https:\/\/sensoriberia.es\/en\/#website"},"primaryImageOfPage":{"@id":"https:\/\/sensoriberia.es\/en\/producto\/idiscovery\/#primaryimage"},"image":{"@id":"https:\/\/sensoriberia.es\/en\/producto\/idiscovery\/#primaryimage"},"thumbnailUrl":"https:\/\/sensoriberia.es\/wp-content\/uploads\/2025\/02\/idiscovery_CEDES.png","datePublished":"2025-02-24T10:01:14+00:00","dateModified":"2026-02-04T13:06:01+00:00","description":"El iDiscovery es sistema integrado que elimina muchos de los sistemas y componentes individuales que actualmente se requieren para un ascensor convencional","breadcrumb":{"@id":"https:\/\/sensoriberia.es\/en\/producto\/idiscovery\/#breadcrumb"},"inLanguage":"en-US","potentialAction":[{"@type":"ReadAction","target":["https:\/\/sensoriberia.es\/en\/producto\/idiscovery\/"]}]},{"@type":"ImageObject","inLanguage":"en-US","@id":"https:\/\/sensoriberia.es\/en\/producto\/idiscovery\/#primaryimage","url":"https:\/\/sensoriberia.es\/wp-content\/uploads\/2025\/02\/idiscovery_CEDES.png","contentUrl":"https:\/\/sensoriberia.es\/wp-content\/uploads\/2025\/02\/idiscovery_CEDES.png","width":800,"height":533},{"@type":"BreadcrumbList","@id":"https:\/\/sensoriberia.es\/en\/producto\/idiscovery\/#breadcrumb","itemListElement":[{"@type":"ListItem","position":1,"name":"Portada","item":"https:\/\/sensoriberia.es\/en\/"},{"@type":"ListItem","position":2,"name":"Products","item":"https:\/\/sensoriberia.es\/en\/products\/"},{"@type":"ListItem","position":3,"name":"iDiscovery"}]},{"@type":"WebSite","@id":"https:\/\/sensoriberia.es\/en\/#website","url":"https:\/\/sensoriberia.es\/en\/","name":"Sensor Iberia","description":"Distribuidor de sensores fotoel&eacute;ctricos","publisher":{"@id":"https:\/\/sensoriberia.es\/en\/#organization"},"potentialAction":[{"@type":"SearchAction","target":{"@type":"EntryPoint","urlTemplate":"https:\/\/sensoriberia.es\/en\/?s={search_term_string}"},"query-input":{"@type":"PropertyValueSpecification","valueRequired":true,"valueName":"search_term_string"}}],"inLanguage":"en-US"},{"@type":"Organization","@id":"https:\/\/sensoriberia.es\/en\/#organization","name":"Sensor Components, S.L.","url":"https:\/\/sensoriberia.es\/en\/","logo":{"@type":"ImageObject","inLanguage":"en-US","@id":"https:\/\/sensoriberia.es\/en\/#\/schema\/logo\/image\/","url":"https:\/\/sensoriberia.es\/wp-content\/uploads\/2017\/06\/Solo-logo-sensor4.png","contentUrl":"https:\/\/sensoriberia.es\/wp-content\/uploads\/2017\/06\/Solo-logo-sensor4.png","width":607,"height":297,"caption":"Sensor Components, S.L."},"image":{"@id":"https:\/\/sensoriberia.es\/en\/#\/schema\/logo\/image\/"},"sameAs":["https:\/\/www.linkedin.com\/in\/marti-sensoriberia\/"]}]}},"_links":{"self":[{"href":"https:\/\/sensoriberia.es\/en\/wp-json\/wp\/v2\/product\/14516","targetHints":{"allow":["GET"]}}],"collection":[{"href":"https:\/\/sensoriberia.es\/en\/wp-json\/wp\/v2\/product"}],"about":[{"href":"https:\/\/sensoriberia.es\/en\/wp-json\/wp\/v2\/types\/product"}],"replies":[{"embeddable":true,"href":"https:\/\/sensoriberia.es\/en\/wp-json\/wp\/v2\/comments?post=14516"}],"wp:featuredmedia":[{"embeddable":true,"href":"https:\/\/sensoriberia.es\/en\/wp-json\/wp\/v2\/media\/14510"}],"wp:attachment":[{"href":"https:\/\/sensoriberia.es\/en\/wp-json\/wp\/v2\/media?parent=14516"}],"wp:term":[{"taxonomy":"product_brand","embeddable":true,"href":"https:\/\/sensoriberia.es\/en\/wp-json\/wp\/v2\/product_brand?post=14516"},{"taxonomy":"product_cat","embeddable":true,"href":"https:\/\/sensoriberia.es\/en\/wp-json\/wp\/v2\/product_cat?post=14516"},{"taxonomy":"product_tag","embeddable":true,"href":"https:\/\/sensoriberia.es\/en\/wp-json\/wp\/v2\/product_tag?post=14516"}],"curies":[{"name":"wp","href":"https:\/\/api.w.org\/{rel}","templated":true}]}}