{"id":14143,"date":"2024-10-15T10:44:58","date_gmt":"2024-10-15T10:44:58","guid":{"rendered":"https:\/\/sensoriberia.es\/mision\/"},"modified":"2024-11-12T19:38:19","modified_gmt":"2024-11-12T19:38:19","slug":"missao","status":"publish","type":"page","link":"https:\/\/sensoriberia.es\/pt-pt\/missao\/","title":{"rendered":"Miss\u00e3o"},"content":{"rendered":"<div class=\"wpb-content-wrapper\"><p>[vc_row][vc_column][vc_empty_space height=&#8221;64px&#8221;][\/vc_column][\/vc_row][vc_row][vc_column width=&#8221;2\/3&#8243;][vc_column_text css=&#8221;&#8221;]<\/p>\n<h4>A nossa principal miss\u00e3o \u00e9 aconselhar e oferecer o produto mais adequado aos nossos clientes, sejam eles pequenos ascensoristas, gestores imobili\u00e1rios, hot\u00e9is, edif\u00edcios de escrit\u00f3rios, entre outros, pela necessidade de atualizar e modernizar a seguran\u00e7a nos acessos a elevadores e portas autom\u00e1ticas, para a melhorar e sobretudo para cumprir a regulamenta\u00e7\u00e3o em vigor.<\/h4>\n<h4>O nosso principal valor \u00e9 aconselhar com a melhor op\u00e7\u00e3o poss\u00edvel para cada situa\u00e7\u00e3o e com a filosofia de oferecer sempre o melhor produto dispon\u00edvel no mercado.<\/h4>\n<p>[\/vc_column_text][vc_separator][\/vc_column][vc_column width=&#8221;1\/3&#8243;][vc_single_image image=&#8221;14068&#8243; css=&#8221;.vc_custom_1729671014191{padding-left: 20px !important;}&#8221;][\/vc_column][\/vc_row][vc_row][vc_column][vc_separator][\/vc_column][\/vc_row][vc_row][vc_column][vc_empty_space height=&#8221;64px&#8221;][\/vc_column][\/vc_row]<\/p>\n<\/div>","protected":false},"excerpt":{"rendered":"<p>[vc_row][vc_column][vc_empty_space height=&#8221;64px&#8221;][\/vc_column][\/vc_row][vc_row][vc_column width=&#8221;2\/3&#8243;][vc_column_text css=&#8221;&#8221;] A nossa principal miss\u00e3o \u00e9 aconselhar e oferecer o produto mais adequado aos nossos clientes, sejam eles pequenos ascensoristas, gestores imobili\u00e1rios, hot\u00e9is, edif\u00edcios de escrit\u00f3rios, entre outros, pela necessidade de atualizar e modernizar a seguran\u00e7a nos acessos a elevadores e portas autom\u00e1ticas, para a melhorar e sobretudo para cumprir a regulamenta\u00e7\u00e3o [&hellip;]<\/p>\n","protected":false},"author":2,"featured_media":0,"parent":0,"menu_order":300,"comment_status":"closed","ping_status":"closed","template":"","meta":{"footnotes":""},"class_list":["post-14143","page","type-page","status-publish","hentry"],"yoast_head":"<!-- This site is optimized with the Yoast SEO plugin v27.5 - https:\/\/yoast.com\/product\/yoast-seo-wordpress\/ -->\n<title>Miss\u00e3o - SensorIberia<\/title>\n<meta name=\"robots\" content=\"index, follow, max-snippet:-1, max-image-preview:large, max-video-preview:-1\" \/>\n<link rel=\"canonical\" href=\"https:\/\/sensoriberia.es\/pt-pt\/missao\/\" \/>\n<meta property=\"og:locale\" content=\"pt_PT\" \/>\n<meta property=\"og:type\" content=\"article\" \/>\n<meta property=\"og:title\" content=\"Miss\u00e3o - SensorIberia\" \/>\n<meta property=\"og:description\" content=\"[vc_row][vc_column][vc_empty_space height=&#8221;64px&#8221;][\/vc_column][\/vc_row][vc_row][vc_column width=&#8221;2\/3&#8243;][vc_column_text css=&#8221;&#8221;] A nossa principal miss\u00e3o \u00e9 aconselhar e oferecer o produto mais adequado aos nossos clientes, sejam eles pequenos ascensoristas, gestores imobili\u00e1rios, hot\u00e9is, edif\u00edcios de escrit\u00f3rios, entre outros, pela necessidade de atualizar e modernizar a seguran\u00e7a nos acessos a elevadores e portas autom\u00e1ticas, para a melhorar e sobretudo para cumprir a regulamenta\u00e7\u00e3o [&hellip;]\" \/>\n<meta property=\"og:url\" content=\"https:\/\/sensoriberia.es\/pt-pt\/missao\/\" \/>\n<meta property=\"og:site_name\" content=\"SensorIberia\" \/>\n<meta property=\"article:modified_time\" content=\"2024-11-12T19:38:19+00:00\" \/>\n<meta name=\"twitter:card\" content=\"summary_large_image\" \/>\n<meta name=\"twitter:label1\" content=\"Tempo estimado de leitura\" \/>\n\t<meta name=\"twitter:data1\" content=\"1 minuto\" \/>\n<script type=\"application\/ld+json\" class=\"yoast-schema-graph\">{\"@context\":\"https:\\\/\\\/schema.org\",\"@graph\":[{\"@type\":\"WebPage\",\"@id\":\"https:\\\/\\\/sensoriberia.es\\\/pt-pt\\\/missao\\\/\",\"url\":\"https:\\\/\\\/sensoriberia.es\\\/pt-pt\\\/missao\\\/\",\"name\":\"Miss\u00e3o - SensorIberia\",\"isPartOf\":{\"@id\":\"https:\\\/\\\/sensoriberia.es\\\/pt-pt\\\/#website\"},\"datePublished\":\"2024-10-15T10:44:58+00:00\",\"dateModified\":\"2024-11-12T19:38:19+00:00\",\"breadcrumb\":{\"@id\":\"https:\\\/\\\/sensoriberia.es\\\/pt-pt\\\/missao\\\/#breadcrumb\"},\"inLanguage\":\"pt-PT\",\"potentialAction\":[{\"@type\":\"ReadAction\",\"target\":[\"https:\\\/\\\/sensoriberia.es\\\/pt-pt\\\/missao\\\/\"]}]},{\"@type\":\"BreadcrumbList\",\"@id\":\"https:\\\/\\\/sensoriberia.es\\\/pt-pt\\\/missao\\\/#breadcrumb\",\"itemListElement\":[{\"@type\":\"ListItem\",\"position\":1,\"name\":\"Portada\",\"item\":\"https:\\\/\\\/sensoriberia.es\\\/pt-pt\\\/\"},{\"@type\":\"ListItem\",\"position\":2,\"name\":\"Miss\u00e3o\"}]},{\"@type\":\"WebSite\",\"@id\":\"https:\\\/\\\/sensoriberia.es\\\/pt-pt\\\/#website\",\"url\":\"https:\\\/\\\/sensoriberia.es\\\/pt-pt\\\/\",\"name\":\"Sensor Iberia\",\"description\":\"Distribuidor de sensores fotoel&eacute;ctricos\",\"publisher\":{\"@id\":\"https:\\\/\\\/sensoriberia.es\\\/pt-pt\\\/#organization\"},\"potentialAction\":[{\"@type\":\"SearchAction\",\"target\":{\"@type\":\"EntryPoint\",\"urlTemplate\":\"https:\\\/\\\/sensoriberia.es\\\/pt-pt\\\/?s={search_term_string}\"},\"query-input\":{\"@type\":\"PropertyValueSpecification\",\"valueRequired\":true,\"valueName\":\"search_term_string\"}}],\"inLanguage\":\"pt-PT\"},{\"@type\":\"Organization\",\"@id\":\"https:\\\/\\\/sensoriberia.es\\\/pt-pt\\\/#organization\",\"name\":\"Sensor Components, S.L.\",\"url\":\"https:\\\/\\\/sensoriberia.es\\\/pt-pt\\\/\",\"logo\":{\"@type\":\"ImageObject\",\"inLanguage\":\"pt-PT\",\"@id\":\"https:\\\/\\\/sensoriberia.es\\\/pt-pt\\\/#\\\/schema\\\/logo\\\/image\\\/\",\"url\":\"https:\\\/\\\/sensoriberia.es\\\/wp-content\\\/uploads\\\/2017\\\/06\\\/Solo-logo-sensor4.png\",\"contentUrl\":\"https:\\\/\\\/sensoriberia.es\\\/wp-content\\\/uploads\\\/2017\\\/06\\\/Solo-logo-sensor4.png\",\"width\":607,\"height\":297,\"caption\":\"Sensor Components, S.L.\"},\"image\":{\"@id\":\"https:\\\/\\\/sensoriberia.es\\\/pt-pt\\\/#\\\/schema\\\/logo\\\/image\\\/\"},\"sameAs\":[\"https:\\\/\\\/www.linkedin.com\\\/in\\\/marti-sensoriberia\\\/\"]}]}<\/script>\n<!-- \/ Yoast SEO plugin. -->","yoast_head_json":{"title":"Miss\u00e3o - SensorIberia","robots":{"index":"index","follow":"follow","max-snippet":"max-snippet:-1","max-image-preview":"max-image-preview:large","max-video-preview":"max-video-preview:-1"},"canonical":"https:\/\/sensoriberia.es\/pt-pt\/missao\/","og_locale":"pt_PT","og_type":"article","og_title":"Miss\u00e3o - SensorIberia","og_description":"[vc_row][vc_column][vc_empty_space height=&#8221;64px&#8221;][\/vc_column][\/vc_row][vc_row][vc_column width=&#8221;2\/3&#8243;][vc_column_text css=&#8221;&#8221;] A nossa principal miss\u00e3o \u00e9 aconselhar e oferecer o produto mais adequado aos nossos clientes, sejam eles pequenos ascensoristas, gestores imobili\u00e1rios, hot\u00e9is, edif\u00edcios de escrit\u00f3rios, entre outros, pela necessidade de atualizar e modernizar a seguran\u00e7a nos acessos a elevadores e portas autom\u00e1ticas, para a melhorar e sobretudo para cumprir a regulamenta\u00e7\u00e3o [&hellip;]","og_url":"https:\/\/sensoriberia.es\/pt-pt\/missao\/","og_site_name":"SensorIberia","article_modified_time":"2024-11-12T19:38:19+00:00","twitter_card":"summary_large_image","twitter_misc":{"Tempo estimado de leitura":"1 minuto"},"schema":{"@context":"https:\/\/schema.org","@graph":[{"@type":"WebPage","@id":"https:\/\/sensoriberia.es\/pt-pt\/missao\/","url":"https:\/\/sensoriberia.es\/pt-pt\/missao\/","name":"Miss\u00e3o - SensorIberia","isPartOf":{"@id":"https:\/\/sensoriberia.es\/pt-pt\/#website"},"datePublished":"2024-10-15T10:44:58+00:00","dateModified":"2024-11-12T19:38:19+00:00","breadcrumb":{"@id":"https:\/\/sensoriberia.es\/pt-pt\/missao\/#breadcrumb"},"inLanguage":"pt-PT","potentialAction":[{"@type":"ReadAction","target":["https:\/\/sensoriberia.es\/pt-pt\/missao\/"]}]},{"@type":"BreadcrumbList","@id":"https:\/\/sensoriberia.es\/pt-pt\/missao\/#breadcrumb","itemListElement":[{"@type":"ListItem","position":1,"name":"Portada","item":"https:\/\/sensoriberia.es\/pt-pt\/"},{"@type":"ListItem","position":2,"name":"Miss\u00e3o"}]},{"@type":"WebSite","@id":"https:\/\/sensoriberia.es\/pt-pt\/#website","url":"https:\/\/sensoriberia.es\/pt-pt\/","name":"Sensor Iberia","description":"Distribuidor de sensores fotoel&eacute;ctricos","publisher":{"@id":"https:\/\/sensoriberia.es\/pt-pt\/#organization"},"potentialAction":[{"@type":"SearchAction","target":{"@type":"EntryPoint","urlTemplate":"https:\/\/sensoriberia.es\/pt-pt\/?s={search_term_string}"},"query-input":{"@type":"PropertyValueSpecification","valueRequired":true,"valueName":"search_term_string"}}],"inLanguage":"pt-PT"},{"@type":"Organization","@id":"https:\/\/sensoriberia.es\/pt-pt\/#organization","name":"Sensor Components, S.L.","url":"https:\/\/sensoriberia.es\/pt-pt\/","logo":{"@type":"ImageObject","inLanguage":"pt-PT","@id":"https:\/\/sensoriberia.es\/pt-pt\/#\/schema\/logo\/image\/","url":"https:\/\/sensoriberia.es\/wp-content\/uploads\/2017\/06\/Solo-logo-sensor4.png","contentUrl":"https:\/\/sensoriberia.es\/wp-content\/uploads\/2017\/06\/Solo-logo-sensor4.png","width":607,"height":297,"caption":"Sensor Components, S.L."},"image":{"@id":"https:\/\/sensoriberia.es\/pt-pt\/#\/schema\/logo\/image\/"},"sameAs":["https:\/\/www.linkedin.com\/in\/marti-sensoriberia\/"]}]}},"_links":{"self":[{"href":"https:\/\/sensoriberia.es\/pt-pt\/wp-json\/wp\/v2\/pages\/14143","targetHints":{"allow":["GET"]}}],"collection":[{"href":"https:\/\/sensoriberia.es\/pt-pt\/wp-json\/wp\/v2\/pages"}],"about":[{"href":"https:\/\/sensoriberia.es\/pt-pt\/wp-json\/wp\/v2\/types\/page"}],"author":[{"embeddable":true,"href":"https:\/\/sensoriberia.es\/pt-pt\/wp-json\/wp\/v2\/users\/2"}],"replies":[{"embeddable":true,"href":"https:\/\/sensoriberia.es\/pt-pt\/wp-json\/wp\/v2\/comments?post=14143"}],"version-history":[{"count":1,"href":"https:\/\/sensoriberia.es\/pt-pt\/wp-json\/wp\/v2\/pages\/14143\/revisions"}],"predecessor-version":[{"id":14172,"href":"https:\/\/sensoriberia.es\/pt-pt\/wp-json\/wp\/v2\/pages\/14143\/revisions\/14172"}],"wp:attachment":[{"href":"https:\/\/sensoriberia.es\/pt-pt\/wp-json\/wp\/v2\/media?parent=14143"}],"curies":[{"name":"wp","href":"https:\/\/api.w.org\/{rel}","templated":true}]}}