{"id":14145,"date":"2024-10-15T10:41:59","date_gmt":"2024-10-15T10:41:59","guid":{"rendered":"https:\/\/sensoriberia.es\/actividad-barreras-fotoelectricas\/"},"modified":"2025-01-19T11:53:48","modified_gmt":"2025-01-19T11:53:48","slug":"actividad-barreras-fotoelectricas","status":"publish","type":"page","link":"https:\/\/sensoriberia.es\/pt-pt\/actividad-barreras-fotoelectricas\/","title":{"rendered":"Atividade"},"content":{"rendered":"<div class=\"wpb-content-wrapper\"><p>[vc_row][vc_column][vc_empty_space height=&#8221;64px&#8221;][\/vc_column][\/vc_row][vc_row][vc_column width=&#8221;2\/3&#8243;][vc_column_text css=&#8221;&#8221;]<\/p>\n<h5>O nosso ponto forte \u00e9 a seguran\u00e7a em portas de elevador e portas autom\u00e1ticas industriais e pedonais, bem como a automa\u00e7\u00e3o e seguran\u00e7a em m\u00e1quinas em geral.<\/h5>\n<h5>Prestamos aconselhamento para oferecer a melhor solu\u00e7\u00e3o para o cumprimento das actuais ITC, com barreiras ou faixas Cedes, para todos os tipos de elevadores.<\/h5>\n<h5>Conhecemos as mais diversas aplica\u00e7\u00f5es, necessidades e in\u00fameros componentes de seguran\u00e7a, as suas carater\u00edsticas e crit\u00e9rios de aplica\u00e7\u00e3o, podendo aconselhar a melhor solu\u00e7\u00e3o para cada necessidade espec\u00edfica. Podemos oferecer ao cliente o que necessita para cada aplica\u00e7\u00e3o ou necessidade; cortinas de infravermelhos, barreiras fotoel\u00e9ctricas, fotoc\u00e9lulas, dispositivos, fontes de alimenta\u00e7\u00e3o e aplica\u00e7\u00f5es remotas.<\/h5>\n<p>[\/vc_column_text][\/vc_column][vc_column width=&#8221;1\/3&#8243;][vc_single_image image=&#8221;14357&#8243; img_size=&#8221;medium&#8221; alignment=&#8221;center&#8221; css_animation=&#8221;fadeInRight&#8221; css=&#8221;.vc_custom_1737287511935{padding-left: 20px !important;}&#8221;][\/vc_column][\/vc_row][vc_row][vc_column][vc_empty_space height=&#8221;64px&#8221;][\/vc_column][\/vc_row][vc_row][vc_column width=&#8221;1\/3&#8243;][vc_single_image image=&#8221;14046&#8243; img_size=&#8221;medium&#8221; alignment=&#8221;center&#8221; css_animation=&#8221;fadeInLeft&#8221; css=&#8221;.vc_custom_1729670580846{padding-right: 20px !important;}&#8221;][\/vc_column][vc_column width=&#8221;2\/3&#8243;][vc_column_text css=&#8221;&#8221;]<\/p>\n<h5>A nossa experi\u00eancia em sistemas de proximidade e movimento para a prote\u00e7\u00e3o de pessoas permite-nos aconselhar e oferecer a solu\u00e7\u00e3o mais adequada para cada um dos diferentes sectores.<\/h5>\n<h5>Conhecemos as necessidades espec\u00edficas e, consequentemente, oferecemos a solu\u00e7\u00e3o mais adequada em cada caso. O nosso ponto forte \u00e9 o nosso amplo conhecimento das necessidades t\u00e9cnicas que nos permite oferecer a solu\u00e7\u00e3o mais adequada para cada caso.<\/h5>\n<p>[\/vc_column_text][\/vc_column][\/vc_row][vc_row][vc_column][vc_empty_space height=&#8221;64px&#8221;][\/vc_column][\/vc_row]<\/p>\n<\/div>","protected":false},"excerpt":{"rendered":"<p>[vc_row][vc_column][vc_empty_space height=&#8221;64px&#8221;][\/vc_column][\/vc_row][vc_row][vc_column width=&#8221;2\/3&#8243;][vc_column_text css=&#8221;&#8221;] O nosso ponto forte \u00e9 a seguran\u00e7a em portas de elevador e portas autom\u00e1ticas industriais e pedonais, bem como a automa\u00e7\u00e3o e seguran\u00e7a em m\u00e1quinas em geral. Prestamos aconselhamento para oferecer a melhor solu\u00e7\u00e3o para o cumprimento das actuais ITC, com barreiras ou faixas Cedes, para todos os tipos de elevadores. [&hellip;]<\/p>\n","protected":false},"author":2,"featured_media":0,"parent":0,"menu_order":200,"comment_status":"closed","ping_status":"closed","template":"","meta":{"footnotes":""},"class_list":["post-14145","page","type-page","status-publish","hentry"],"yoast_head":"<!-- This site is optimized with the Yoast SEO plugin v27.4 - https:\/\/yoast.com\/product\/yoast-seo-wordpress\/ -->\n<title>Atividade - SensorIberia - sensores fotoel\u00e9ctricos<\/title>\n<meta name=\"description\" content=\"Prestamos aconselhamento para oferecer a melhor solu\u00e7\u00e3o para o cumprimento das actuais ITC, com barreiras Cedes, para todos os elevadores\" \/>\n<meta name=\"robots\" content=\"index, follow, max-snippet:-1, max-image-preview:large, max-video-preview:-1\" \/>\n<link rel=\"canonical\" href=\"https:\/\/sensoriberia.es\/pt-pt\/actividad-barreras-fotoelectricas\/\" \/>\n<meta property=\"og:locale\" content=\"pt_PT\" \/>\n<meta property=\"og:type\" content=\"article\" \/>\n<meta property=\"og:title\" content=\"Atividade - SensorIberia - sensores fotoel\u00e9ctricos\" \/>\n<meta property=\"og:description\" content=\"Prestamos aconselhamento para oferecer a melhor solu\u00e7\u00e3o para o cumprimento das actuais ITC, com barreiras Cedes, para todos os elevadores\" \/>\n<meta property=\"og:url\" content=\"https:\/\/sensoriberia.es\/pt-pt\/actividad-barreras-fotoelectricas\/\" \/>\n<meta property=\"og:site_name\" content=\"SensorIberia\" \/>\n<meta property=\"article:modified_time\" content=\"2025-01-19T11:53:48+00:00\" \/>\n<meta name=\"twitter:card\" content=\"summary_large_image\" \/>\n<meta name=\"twitter:label1\" content=\"Tempo estimado de leitura\" \/>\n\t<meta name=\"twitter:data1\" content=\"2 minutos\" \/>\n<script type=\"application\/ld+json\" class=\"yoast-schema-graph\">{\"@context\":\"https:\\\/\\\/schema.org\",\"@graph\":[{\"@type\":\"WebPage\",\"@id\":\"https:\\\/\\\/sensoriberia.es\\\/pt-pt\\\/actividad-barreras-fotoelectricas\\\/\",\"url\":\"https:\\\/\\\/sensoriberia.es\\\/pt-pt\\\/actividad-barreras-fotoelectricas\\\/\",\"name\":\"Atividade - SensorIberia - sensores fotoel\u00e9ctricos\",\"isPartOf\":{\"@id\":\"https:\\\/\\\/sensoriberia.es\\\/pt-pt\\\/#website\"},\"datePublished\":\"2024-10-15T10:41:59+00:00\",\"dateModified\":\"2025-01-19T11:53:48+00:00\",\"description\":\"Prestamos aconselhamento para oferecer a melhor solu\u00e7\u00e3o para o cumprimento das actuais ITC, com barreiras Cedes, para todos os elevadores\",\"breadcrumb\":{\"@id\":\"https:\\\/\\\/sensoriberia.es\\\/pt-pt\\\/actividad-barreras-fotoelectricas\\\/#breadcrumb\"},\"inLanguage\":\"pt-PT\",\"potentialAction\":[{\"@type\":\"ReadAction\",\"target\":[\"https:\\\/\\\/sensoriberia.es\\\/pt-pt\\\/actividad-barreras-fotoelectricas\\\/\"]}]},{\"@type\":\"BreadcrumbList\",\"@id\":\"https:\\\/\\\/sensoriberia.es\\\/pt-pt\\\/actividad-barreras-fotoelectricas\\\/#breadcrumb\",\"itemListElement\":[{\"@type\":\"ListItem\",\"position\":1,\"name\":\"Portada\",\"item\":\"https:\\\/\\\/sensoriberia.es\\\/pt-pt\\\/\"},{\"@type\":\"ListItem\",\"position\":2,\"name\":\"Atividade\"}]},{\"@type\":\"WebSite\",\"@id\":\"https:\\\/\\\/sensoriberia.es\\\/pt-pt\\\/#website\",\"url\":\"https:\\\/\\\/sensoriberia.es\\\/pt-pt\\\/\",\"name\":\"Sensor Iberia\",\"description\":\"Distribuidor de sensores fotoel&eacute;ctricos\",\"publisher\":{\"@id\":\"https:\\\/\\\/sensoriberia.es\\\/pt-pt\\\/#organization\"},\"potentialAction\":[{\"@type\":\"SearchAction\",\"target\":{\"@type\":\"EntryPoint\",\"urlTemplate\":\"https:\\\/\\\/sensoriberia.es\\\/pt-pt\\\/?s={search_term_string}\"},\"query-input\":{\"@type\":\"PropertyValueSpecification\",\"valueRequired\":true,\"valueName\":\"search_term_string\"}}],\"inLanguage\":\"pt-PT\"},{\"@type\":\"Organization\",\"@id\":\"https:\\\/\\\/sensoriberia.es\\\/pt-pt\\\/#organization\",\"name\":\"Sensor Components, S.L.\",\"url\":\"https:\\\/\\\/sensoriberia.es\\\/pt-pt\\\/\",\"logo\":{\"@type\":\"ImageObject\",\"inLanguage\":\"pt-PT\",\"@id\":\"https:\\\/\\\/sensoriberia.es\\\/pt-pt\\\/#\\\/schema\\\/logo\\\/image\\\/\",\"url\":\"https:\\\/\\\/sensoriberia.es\\\/wp-content\\\/uploads\\\/2017\\\/06\\\/Solo-logo-sensor4.png\",\"contentUrl\":\"https:\\\/\\\/sensoriberia.es\\\/wp-content\\\/uploads\\\/2017\\\/06\\\/Solo-logo-sensor4.png\",\"width\":607,\"height\":297,\"caption\":\"Sensor Components, S.L.\"},\"image\":{\"@id\":\"https:\\\/\\\/sensoriberia.es\\\/pt-pt\\\/#\\\/schema\\\/logo\\\/image\\\/\"},\"sameAs\":[\"https:\\\/\\\/www.linkedin.com\\\/in\\\/marti-sensoriberia\\\/\"]}]}<\/script>\n<!-- \/ Yoast SEO plugin. -->","yoast_head_json":{"title":"Atividade - SensorIberia - sensores fotoel\u00e9ctricos","description":"Prestamos aconselhamento para oferecer a melhor solu\u00e7\u00e3o para o cumprimento das actuais ITC, com barreiras Cedes, para todos os elevadores","robots":{"index":"index","follow":"follow","max-snippet":"max-snippet:-1","max-image-preview":"max-image-preview:large","max-video-preview":"max-video-preview:-1"},"canonical":"https:\/\/sensoriberia.es\/pt-pt\/actividad-barreras-fotoelectricas\/","og_locale":"pt_PT","og_type":"article","og_title":"Atividade - SensorIberia - sensores fotoel\u00e9ctricos","og_description":"Prestamos aconselhamento para oferecer a melhor solu\u00e7\u00e3o para o cumprimento das actuais ITC, com barreiras Cedes, para todos os elevadores","og_url":"https:\/\/sensoriberia.es\/pt-pt\/actividad-barreras-fotoelectricas\/","og_site_name":"SensorIberia","article_modified_time":"2025-01-19T11:53:48+00:00","twitter_card":"summary_large_image","twitter_misc":{"Tempo estimado de leitura":"2 minutos"},"schema":{"@context":"https:\/\/schema.org","@graph":[{"@type":"WebPage","@id":"https:\/\/sensoriberia.es\/pt-pt\/actividad-barreras-fotoelectricas\/","url":"https:\/\/sensoriberia.es\/pt-pt\/actividad-barreras-fotoelectricas\/","name":"Atividade - SensorIberia - sensores fotoel\u00e9ctricos","isPartOf":{"@id":"https:\/\/sensoriberia.es\/pt-pt\/#website"},"datePublished":"2024-10-15T10:41:59+00:00","dateModified":"2025-01-19T11:53:48+00:00","description":"Prestamos aconselhamento para oferecer a melhor solu\u00e7\u00e3o para o cumprimento das actuais ITC, com barreiras Cedes, para todos os elevadores","breadcrumb":{"@id":"https:\/\/sensoriberia.es\/pt-pt\/actividad-barreras-fotoelectricas\/#breadcrumb"},"inLanguage":"pt-PT","potentialAction":[{"@type":"ReadAction","target":["https:\/\/sensoriberia.es\/pt-pt\/actividad-barreras-fotoelectricas\/"]}]},{"@type":"BreadcrumbList","@id":"https:\/\/sensoriberia.es\/pt-pt\/actividad-barreras-fotoelectricas\/#breadcrumb","itemListElement":[{"@type":"ListItem","position":1,"name":"Portada","item":"https:\/\/sensoriberia.es\/pt-pt\/"},{"@type":"ListItem","position":2,"name":"Atividade"}]},{"@type":"WebSite","@id":"https:\/\/sensoriberia.es\/pt-pt\/#website","url":"https:\/\/sensoriberia.es\/pt-pt\/","name":"Sensor Iberia","description":"Distribuidor de sensores fotoel&eacute;ctricos","publisher":{"@id":"https:\/\/sensoriberia.es\/pt-pt\/#organization"},"potentialAction":[{"@type":"SearchAction","target":{"@type":"EntryPoint","urlTemplate":"https:\/\/sensoriberia.es\/pt-pt\/?s={search_term_string}"},"query-input":{"@type":"PropertyValueSpecification","valueRequired":true,"valueName":"search_term_string"}}],"inLanguage":"pt-PT"},{"@type":"Organization","@id":"https:\/\/sensoriberia.es\/pt-pt\/#organization","name":"Sensor Components, S.L.","url":"https:\/\/sensoriberia.es\/pt-pt\/","logo":{"@type":"ImageObject","inLanguage":"pt-PT","@id":"https:\/\/sensoriberia.es\/pt-pt\/#\/schema\/logo\/image\/","url":"https:\/\/sensoriberia.es\/wp-content\/uploads\/2017\/06\/Solo-logo-sensor4.png","contentUrl":"https:\/\/sensoriberia.es\/wp-content\/uploads\/2017\/06\/Solo-logo-sensor4.png","width":607,"height":297,"caption":"Sensor Components, S.L."},"image":{"@id":"https:\/\/sensoriberia.es\/pt-pt\/#\/schema\/logo\/image\/"},"sameAs":["https:\/\/www.linkedin.com\/in\/marti-sensoriberia\/"]}]}},"_links":{"self":[{"href":"https:\/\/sensoriberia.es\/pt-pt\/wp-json\/wp\/v2\/pages\/14145","targetHints":{"allow":["GET"]}}],"collection":[{"href":"https:\/\/sensoriberia.es\/pt-pt\/wp-json\/wp\/v2\/pages"}],"about":[{"href":"https:\/\/sensoriberia.es\/pt-pt\/wp-json\/wp\/v2\/types\/page"}],"author":[{"embeddable":true,"href":"https:\/\/sensoriberia.es\/pt-pt\/wp-json\/wp\/v2\/users\/2"}],"replies":[{"embeddable":true,"href":"https:\/\/sensoriberia.es\/pt-pt\/wp-json\/wp\/v2\/comments?post=14145"}],"version-history":[{"count":4,"href":"https:\/\/sensoriberia.es\/pt-pt\/wp-json\/wp\/v2\/pages\/14145\/revisions"}],"predecessor-version":[{"id":14377,"href":"https:\/\/sensoriberia.es\/pt-pt\/wp-json\/wp\/v2\/pages\/14145\/revisions\/14377"}],"wp:attachment":[{"href":"https:\/\/sensoriberia.es\/pt-pt\/wp-json\/wp\/v2\/media?parent=14145"}],"curies":[{"name":"wp","href":"https:\/\/api.w.org\/{rel}","templated":true}]}}