{"id":14281,"date":"2024-11-20T10:30:36","date_gmt":"2024-11-20T10:30:36","guid":{"rendered":"https:\/\/sensoriberia.es\/start\/"},"modified":"2025-01-05T19:50:03","modified_gmt":"2025-01-05T19:50:03","slug":"start","status":"publish","type":"page","link":"https:\/\/sensoriberia.es\/pt-pt\/","title":{"rendered":"In\u00edcio"},"content":{"rendered":"<div class=\"wpb-content-wrapper\"><p>[vc_row][vc_column]\n\t\t\t\t<p class=\"rs-p-wp-fix\"><\/p>\n\t\t\t\t<sr7-module data-alias=\"Home\" data-id=\"1\" id=\"SR7_1_1\" data-version=\"6.7.40\">\n\t\t\t\t\t<sr7-adjuster><\/sr7-adjuster>\n\t\t\t\t\t<sr7-content>\n\t\t\t\t\t\t<sr7-slide id=\"SR7_1_1-10\" data-key=\"10\">\n\t\t\t\t\t\t\t<sr7-txt id=\"SR7_1_1-10-0\" class=\"sr7-layer\">Modernizaci\u00f3n para ITC<\/sr7-txt>\n\t\t\t\t\t\t<\/sr7-slide>\n\t\t\t\t\t\t<sr7-slide id=\"SR7_1_1-11\" data-key=\"11\">\n\t\t\t\t\t\t\t<sr7-txt id=\"SR7_1_1-11-10\" class=\"sr7-layer\">Cortina Fotoel\u00e8ctrica<\/sr7-txt>\n\t\t\t\t\t\t<\/sr7-slide>\n\t\t\t\t\t\t<sr7-slide id=\"SR7_1_1-12\" data-key=\"12\">\n\t\t\t\t\t\t\t<sr7-txt id=\"SR7_1_1-12-1\" class=\"sr7-layer\">Sensores de seguridad<\/sr7-txt>\n\t\t\t\t\t\t<\/sr7-slide>\n\t\t\t\t\t\t<sr7-slide id=\"SR7_1_1-13\" data-key=\"13\">\n\t\t\t\t\t\t\t<sr7-txt id=\"SR7_1_1-13-2\" class=\"sr7-layer\">Dispositivos de seguridad<\/sr7-txt>\n\t\t\t\t\t\t<\/sr7-slide>\n\t\t\t\t\t\t<sr7-slide id=\"SR7_1_1-2\" data-key=\"2\">\n\t\t\t\t\t\t<\/sr7-slide>\n\t\t\t\t\t<\/sr7-content>\n\t\t\t\t<\/sr7-module>\n\t\t\t\t<script>\n\t\t\t\t\tSR7.PMH ??={}; SR7.PMH[\"SR7_1_1\"] = {cn:100,state:false,fn: function() { if (_tpt!==undefined && _tpt.prepareModuleHeight !== undefined) {  _tpt.prepareModuleHeight({id:\"SR7_1_1\",el:[533,533,960,720],type:'standard',shdw:'0',gh:[533,533,960,720],gw:[1200,1200,778,480],vpt:['-200px'],size:{fullWidth:true, fullHeight:false},mh:'0',onh:0,onw:0,bg:{color:'transparent'}});   SR7.PMH[\"SR7_1_1\"].state=true;} else if(SR7.PMH[\"SR7_1_1\"].cn-->0)\tsetTimeout( SR7.PMH[\"SR7_1_1\"].fn,19);}};SR7.PMH[\"SR7_1_1\" ].fn();\n\t\t\t\t<\/script>\n[\/vc_column][\/vc_row][vc_row][vc_column][vc_empty_space height=&#8221;40px&#8221;][\/vc_column][\/vc_row][vc_row][vc_column width=&#8221;3\/4&#8243;][vc_column_text css=&#8221;&#8221;]Distribuidores oficiais da CEDES, AG<\/p>\n<h4>A Sensor Iberia \u00e9 a divis\u00e3o da nossa empresa centrada na seguran\u00e7a de pessoas, portas autom\u00e1ticas de acesso e m\u00e1quinas.<\/h4>\n<h4>Aconselhamos e distribu\u00edmos produtos para garantir instala\u00e7\u00f5es que possam representar riscos significativos para os utilizadores e que gerem acidentes frequentes, tudo isto de acordo com os crit\u00e9rios da norma UNE em vigor.<\/h4>\n<p>[\/vc_column_text][\/vc_column][vc_column width=&#8221;1\/4&#8243;][vc_single_image image=&#8221;13857&#8243; img_size=&#8221;200&#215;150&#8243; css=&#8221;&#8221;][\/vc_column][\/vc_row][vc_row][vc_column][vc_empty_space height=&#8221;80px&#8221;][\/vc_column][\/vc_row][vc_row][vc_column][vc_empty_space height=&#8221;8px&#8221;][\/vc_column][\/vc_row][vc_row][vc_column][vc_empty_space][\/vc_column][\/vc_row][vc_row][vc_column][vc_custom_heading text=&#8221;Sobre n\u00f3s&#8221; css=&#8221;&#8221;][\/vc_column][\/vc_row][vc_row][vc_column][vc_empty_space][\/vc_column][\/vc_row][vc_row][vc_column width=&#8221;1\/6&#8243;][vc_single_image image=&#8221;13972&#8243; css=&#8221;&#8221;][vc_progress_bar values=&#8221;%5B%7B%22label%22%3A%22Alem%C3%A3o%22%2C%22value%22%3A%2233%22%7D%2C%7B%22label%22%3A%22Espanhol%22%2C%22value%22%3A%2233%22%7D%2C%7B%22label%22%3A%22Ingl%C3%AAs%22%2C%22value%22%3A%2233%22%7D%5D&#8221; css=&#8221;&#8221; title=&#8221;L\u00ednguas:&#8221;][\/vc_column][vc_column width=&#8221;5\/6&#8243;]<div class=\"nasa-title nasa_type_2\">\r\n                <h3 class=\"nasa-title-heading\"><span>Francisco Garcia Flores, administrador<\/span><\/h3>\r\n                <hr class=\"nasa-separator\" \/><\/div>[vc_separator css=&#8221;&#8221;][vc_column_text css=&#8221;&#8221;]Engenheiro T\u00e9cnico Industrial, especializado em Eletr\u00f3nica.<\/p>\n<p>Possui uma vasta experi\u00eancia em componentes el\u00e9ctricos para a seguran\u00e7a de m\u00e1quinas e portas autom\u00e1ticas, tendo trabalhado na empresa CEDES, onde foi respons\u00e1vel pelo apoio t\u00e9cnico e comercial.[\/vc_column_text][vc_empty_space][vc_btn title=&#8221;Mais em breve&#8230;&#8221; css=&#8221;&#8221; link=&#8221;url:%23&#8243;][\/vc_column][\/vc_row][vc_row][vc_column][vc_empty_space][\/vc_column][\/vc_row][vc_row][vc_column width=&#8221;5\/6&#8243;]<div class=\"nasa-title nasa_type_2\">\r\n                <h3 class=\"nasa-title-heading\"><span>Mart\u00ed Garcia Flores, Administrador<\/span><\/h3>\r\n                <hr class=\"nasa-separator\" \/><\/div>[vc_separator css=&#8221;&#8221;][vc_column_text css=&#8221;&#8221;]Forma\u00e7\u00e3o em m\u00e1quinas el\u00e9ctricas e engenharia ambiental.<\/p>\n<p>Experi\u00eancia na cria\u00e7\u00e3o e administra\u00e7\u00e3o de empresas. Com forma\u00e7\u00e3o em promo\u00e7\u00e3o, visibilidade e posicionamento de marcas em ambientes digitais.[\/vc_column_text][vc_empty_space][vc_btn title=&#8221;Mais em breve&#8230;&#8221; css=&#8221;&#8221; link=&#8221;url:%23&#8243;][\/vc_column][vc_column width=&#8221;1\/6&#8243;][vc_single_image image=&#8221;13972&#8243; css=&#8221;&#8221;][vc_progress_bar values=&#8221;%5B%7B%22label%22%3A%22Espanhol%22%2C%22value%22%3A%2240%22%7D%2C%7B%22label%22%3A%22Catal%C3%A3o%22%2C%22value%22%3A%2240%22%7D%2C%7B%22label%22%3A%22Franc%C3%AAs%22%2C%22value%22%3A%2220%22%7D%5D&#8221; css=&#8221;&#8221; title=&#8221;L\u00ednguas:&#8221;][\/vc_column][\/vc_row][vc_row][vc_column][vc_empty_space][\/vc_column][\/vc_row]<\/p>\n<\/div>","protected":false},"excerpt":{"rendered":"<p>[vc_row][vc_column][\/vc_column][\/vc_row][vc_row][vc_column][vc_empty_space height=&#8221;40px&#8221;][\/vc_column][\/vc_row][vc_row][vc_column width=&#8221;3\/4&#8243;][vc_column_text css=&#8221;&#8221;]Distribuidores oficiais da CEDES, AG A Sensor Iberia \u00e9 a divis\u00e3o da nossa empresa centrada na seguran\u00e7a de pessoas, portas autom\u00e1ticas de acesso e m\u00e1quinas. Aconselhamos e distribu\u00edmos produtos para garantir instala\u00e7\u00f5es que possam representar riscos significativos para os utilizadores e que gerem acidentes frequentes, tudo isto de acordo com os crit\u00e9rios [&hellip;]<\/p>\n","protected":false},"author":2,"featured_media":116,"parent":0,"menu_order":150,"comment_status":"closed","ping_status":"closed","template":"","meta":{"footnotes":""},"class_list":["post-14281","page","type-page","status-publish","has-post-thumbnail","hentry"],"yoast_head":"<!-- This site is optimized with the Yoast SEO plugin v27.4 - https:\/\/yoast.com\/product\/yoast-seo-wordpress\/ -->\n<title>In\u00edcio - SensorIberia<\/title>\n<meta name=\"robots\" content=\"index, follow, max-snippet:-1, max-image-preview:large, max-video-preview:-1\" \/>\n<link rel=\"canonical\" href=\"https:\/\/sensoriberia.es\/pt-pt\/\" \/>\n<meta property=\"og:locale\" content=\"pt_PT\" \/>\n<meta property=\"og:type\" content=\"article\" \/>\n<meta property=\"og:title\" content=\"In\u00edcio - SensorIberia\" \/>\n<meta property=\"og:description\" content=\"[vc_row][vc_column][\/vc_column][\/vc_row][vc_row][vc_column][vc_empty_space height=&#8221;40px&#8221;][\/vc_column][\/vc_row][vc_row][vc_column width=&#8221;3\/4&#8243;][vc_column_text css=&#8221;&#8221;]Distribuidores oficiais da CEDES, AG A Sensor Iberia \u00e9 a divis\u00e3o da nossa empresa centrada na seguran\u00e7a de pessoas, portas autom\u00e1ticas de acesso e m\u00e1quinas. Aconselhamos e distribu\u00edmos produtos para garantir instala\u00e7\u00f5es que possam representar riscos significativos para os utilizadores e que gerem acidentes frequentes, tudo isto de acordo com os crit\u00e9rios [&hellip;]\" \/>\n<meta property=\"og:url\" content=\"https:\/\/sensoriberia.es\/pt-pt\/\" \/>\n<meta property=\"og:site_name\" content=\"SensorIberia\" \/>\n<meta property=\"article:modified_time\" content=\"2025-01-05T19:50:03+00:00\" \/>\n<meta property=\"og:image\" content=\"https:\/\/sensoriberia.es\/wp-content\/uploads\/2024\/09\/Barrera_Actualizacion_ITC.png\" \/>\n\t<meta property=\"og:image:width\" content=\"1800\" \/>\n\t<meta property=\"og:image:height\" content=\"1200\" \/>\n\t<meta property=\"og:image:type\" content=\"image\/png\" \/>\n<meta name=\"twitter:card\" content=\"summary_large_image\" \/>\n<meta name=\"twitter:label1\" content=\"Tempo estimado de leitura\" \/>\n\t<meta name=\"twitter:data1\" content=\"1 minuto\" \/>\n<script type=\"application\/ld+json\" class=\"yoast-schema-graph\">{\"@context\":\"https:\\\/\\\/schema.org\",\"@graph\":[{\"@type\":\"WebPage\",\"@id\":\"https:\\\/\\\/sensoriberia.es\\\/pt-pt\\\/\",\"url\":\"https:\\\/\\\/sensoriberia.es\\\/pt-pt\\\/\",\"name\":\"In\u00edcio - SensorIberia\",\"isPartOf\":{\"@id\":\"https:\\\/\\\/sensoriberia.es\\\/pt-pt\\\/#website\"},\"primaryImageOfPage\":{\"@id\":\"https:\\\/\\\/sensoriberia.es\\\/pt-pt\\\/#primaryimage\"},\"image\":{\"@id\":\"https:\\\/\\\/sensoriberia.es\\\/pt-pt\\\/#primaryimage\"},\"thumbnailUrl\":\"https:\\\/\\\/sensoriberia.es\\\/wp-content\\\/uploads\\\/2024\\\/09\\\/Barrera_Actualizacion_ITC.png\",\"datePublished\":\"2024-11-20T10:30:36+00:00\",\"dateModified\":\"2025-01-05T19:50:03+00:00\",\"breadcrumb\":{\"@id\":\"https:\\\/\\\/sensoriberia.es\\\/pt-pt\\\/#breadcrumb\"},\"inLanguage\":\"pt-PT\",\"potentialAction\":[{\"@type\":\"ReadAction\",\"target\":[\"https:\\\/\\\/sensoriberia.es\\\/pt-pt\\\/\"]}]},{\"@type\":\"ImageObject\",\"inLanguage\":\"pt-PT\",\"@id\":\"https:\\\/\\\/sensoriberia.es\\\/pt-pt\\\/#primaryimage\",\"url\":\"https:\\\/\\\/sensoriberia.es\\\/wp-content\\\/uploads\\\/2024\\\/09\\\/Barrera_Actualizacion_ITC.png\",\"contentUrl\":\"https:\\\/\\\/sensoriberia.es\\\/wp-content\\\/uploads\\\/2024\\\/09\\\/Barrera_Actualizacion_ITC.png\",\"width\":1800,\"height\":1200,\"caption\":\"Barrera de sensores \u00f3pticos para seguridad en puertas de ascensores\"},{\"@type\":\"BreadcrumbList\",\"@id\":\"https:\\\/\\\/sensoriberia.es\\\/pt-pt\\\/#breadcrumb\",\"itemListElement\":[{\"@type\":\"ListItem\",\"position\":1,\"name\":\"Portada\",\"item\":\"https:\\\/\\\/sensoriberia.es\\\/pt-pt\\\/\"},{\"@type\":\"ListItem\",\"position\":2,\"name\":\"In\u00edcio\"}]},{\"@type\":\"WebSite\",\"@id\":\"https:\\\/\\\/sensoriberia.es\\\/pt-pt\\\/#website\",\"url\":\"https:\\\/\\\/sensoriberia.es\\\/pt-pt\\\/\",\"name\":\"Sensor Iberia\",\"description\":\"Distribuidor de sensores fotoel&eacute;ctricos\",\"publisher\":{\"@id\":\"https:\\\/\\\/sensoriberia.es\\\/pt-pt\\\/#organization\"},\"potentialAction\":[{\"@type\":\"SearchAction\",\"target\":{\"@type\":\"EntryPoint\",\"urlTemplate\":\"https:\\\/\\\/sensoriberia.es\\\/pt-pt\\\/?s={search_term_string}\"},\"query-input\":{\"@type\":\"PropertyValueSpecification\",\"valueRequired\":true,\"valueName\":\"search_term_string\"}}],\"inLanguage\":\"pt-PT\"},{\"@type\":\"Organization\",\"@id\":\"https:\\\/\\\/sensoriberia.es\\\/pt-pt\\\/#organization\",\"name\":\"Sensor Components, S.L.\",\"url\":\"https:\\\/\\\/sensoriberia.es\\\/pt-pt\\\/\",\"logo\":{\"@type\":\"ImageObject\",\"inLanguage\":\"pt-PT\",\"@id\":\"https:\\\/\\\/sensoriberia.es\\\/pt-pt\\\/#\\\/schema\\\/logo\\\/image\\\/\",\"url\":\"https:\\\/\\\/sensoriberia.es\\\/wp-content\\\/uploads\\\/2017\\\/06\\\/Solo-logo-sensor4.png\",\"contentUrl\":\"https:\\\/\\\/sensoriberia.es\\\/wp-content\\\/uploads\\\/2017\\\/06\\\/Solo-logo-sensor4.png\",\"width\":607,\"height\":297,\"caption\":\"Sensor Components, S.L.\"},\"image\":{\"@id\":\"https:\\\/\\\/sensoriberia.es\\\/pt-pt\\\/#\\\/schema\\\/logo\\\/image\\\/\"},\"sameAs\":[\"https:\\\/\\\/www.linkedin.com\\\/in\\\/marti-sensoriberia\\\/\"]}]}<\/script>\n<!-- \/ Yoast SEO plugin. -->","yoast_head_json":{"title":"In\u00edcio - SensorIberia","robots":{"index":"index","follow":"follow","max-snippet":"max-snippet:-1","max-image-preview":"max-image-preview:large","max-video-preview":"max-video-preview:-1"},"canonical":"https:\/\/sensoriberia.es\/pt-pt\/","og_locale":"pt_PT","og_type":"article","og_title":"In\u00edcio - SensorIberia","og_description":"[vc_row][vc_column][\/vc_column][\/vc_row][vc_row][vc_column][vc_empty_space height=&#8221;40px&#8221;][\/vc_column][\/vc_row][vc_row][vc_column width=&#8221;3\/4&#8243;][vc_column_text css=&#8221;&#8221;]Distribuidores oficiais da CEDES, AG A Sensor Iberia \u00e9 a divis\u00e3o da nossa empresa centrada na seguran\u00e7a de pessoas, portas autom\u00e1ticas de acesso e m\u00e1quinas. Aconselhamos e distribu\u00edmos produtos para garantir instala\u00e7\u00f5es que possam representar riscos significativos para os utilizadores e que gerem acidentes frequentes, tudo isto de acordo com os crit\u00e9rios [&hellip;]","og_url":"https:\/\/sensoriberia.es\/pt-pt\/","og_site_name":"SensorIberia","article_modified_time":"2025-01-05T19:50:03+00:00","og_image":[{"width":1800,"height":1200,"url":"https:\/\/sensoriberia.es\/wp-content\/uploads\/2024\/09\/Barrera_Actualizacion_ITC.png","type":"image\/png"}],"twitter_card":"summary_large_image","twitter_misc":{"Tempo estimado de leitura":"1 minuto"},"schema":{"@context":"https:\/\/schema.org","@graph":[{"@type":"WebPage","@id":"https:\/\/sensoriberia.es\/pt-pt\/","url":"https:\/\/sensoriberia.es\/pt-pt\/","name":"In\u00edcio - SensorIberia","isPartOf":{"@id":"https:\/\/sensoriberia.es\/pt-pt\/#website"},"primaryImageOfPage":{"@id":"https:\/\/sensoriberia.es\/pt-pt\/#primaryimage"},"image":{"@id":"https:\/\/sensoriberia.es\/pt-pt\/#primaryimage"},"thumbnailUrl":"https:\/\/sensoriberia.es\/wp-content\/uploads\/2024\/09\/Barrera_Actualizacion_ITC.png","datePublished":"2024-11-20T10:30:36+00:00","dateModified":"2025-01-05T19:50:03+00:00","breadcrumb":{"@id":"https:\/\/sensoriberia.es\/pt-pt\/#breadcrumb"},"inLanguage":"pt-PT","potentialAction":[{"@type":"ReadAction","target":["https:\/\/sensoriberia.es\/pt-pt\/"]}]},{"@type":"ImageObject","inLanguage":"pt-PT","@id":"https:\/\/sensoriberia.es\/pt-pt\/#primaryimage","url":"https:\/\/sensoriberia.es\/wp-content\/uploads\/2024\/09\/Barrera_Actualizacion_ITC.png","contentUrl":"https:\/\/sensoriberia.es\/wp-content\/uploads\/2024\/09\/Barrera_Actualizacion_ITC.png","width":1800,"height":1200,"caption":"Barrera de sensores \u00f3pticos para seguridad en puertas de ascensores"},{"@type":"BreadcrumbList","@id":"https:\/\/sensoriberia.es\/pt-pt\/#breadcrumb","itemListElement":[{"@type":"ListItem","position":1,"name":"Portada","item":"https:\/\/sensoriberia.es\/pt-pt\/"},{"@type":"ListItem","position":2,"name":"In\u00edcio"}]},{"@type":"WebSite","@id":"https:\/\/sensoriberia.es\/pt-pt\/#website","url":"https:\/\/sensoriberia.es\/pt-pt\/","name":"Sensor Iberia","description":"Distribuidor de sensores fotoel&eacute;ctricos","publisher":{"@id":"https:\/\/sensoriberia.es\/pt-pt\/#organization"},"potentialAction":[{"@type":"SearchAction","target":{"@type":"EntryPoint","urlTemplate":"https:\/\/sensoriberia.es\/pt-pt\/?s={search_term_string}"},"query-input":{"@type":"PropertyValueSpecification","valueRequired":true,"valueName":"search_term_string"}}],"inLanguage":"pt-PT"},{"@type":"Organization","@id":"https:\/\/sensoriberia.es\/pt-pt\/#organization","name":"Sensor Components, S.L.","url":"https:\/\/sensoriberia.es\/pt-pt\/","logo":{"@type":"ImageObject","inLanguage":"pt-PT","@id":"https:\/\/sensoriberia.es\/pt-pt\/#\/schema\/logo\/image\/","url":"https:\/\/sensoriberia.es\/wp-content\/uploads\/2017\/06\/Solo-logo-sensor4.png","contentUrl":"https:\/\/sensoriberia.es\/wp-content\/uploads\/2017\/06\/Solo-logo-sensor4.png","width":607,"height":297,"caption":"Sensor Components, S.L."},"image":{"@id":"https:\/\/sensoriberia.es\/pt-pt\/#\/schema\/logo\/image\/"},"sameAs":["https:\/\/www.linkedin.com\/in\/marti-sensoriberia\/"]}]}},"_links":{"self":[{"href":"https:\/\/sensoriberia.es\/pt-pt\/wp-json\/wp\/v2\/pages\/14281","targetHints":{"allow":["GET"]}}],"collection":[{"href":"https:\/\/sensoriberia.es\/pt-pt\/wp-json\/wp\/v2\/pages"}],"about":[{"href":"https:\/\/sensoriberia.es\/pt-pt\/wp-json\/wp\/v2\/types\/page"}],"author":[{"embeddable":true,"href":"https:\/\/sensoriberia.es\/pt-pt\/wp-json\/wp\/v2\/users\/2"}],"replies":[{"embeddable":true,"href":"https:\/\/sensoriberia.es\/pt-pt\/wp-json\/wp\/v2\/comments?post=14281"}],"version-history":[{"count":3,"href":"https:\/\/sensoriberia.es\/pt-pt\/wp-json\/wp\/v2\/pages\/14281\/revisions"}],"predecessor-version":[{"id":14288,"href":"https:\/\/sensoriberia.es\/pt-pt\/wp-json\/wp\/v2\/pages\/14281\/revisions\/14288"}],"wp:featuredmedia":[{"embeddable":true,"href":"https:\/\/sensoriberia.es\/pt-pt\/wp-json\/wp\/v2\/media\/116"}],"wp:attachment":[{"href":"https:\/\/sensoriberia.es\/pt-pt\/wp-json\/wp\/v2\/media?parent=14281"}],"curies":[{"name":"wp","href":"https:\/\/api.w.org\/{rel}","templated":true}]}}