{"id":14086,"date":"2024-10-22T23:19:17","date_gmt":"2024-10-22T23:19:17","guid":{"rendered":"https:\/\/sensoriberia.es\/?post_type=product&#038;p=14086"},"modified":"2025-08-25T15:18:15","modified_gmt":"2025-08-25T15:18:15","slug":"easygard-100","status":"publish","type":"product","link":"https:\/\/sensoriberia.es\/pt-pt\/producto\/easygard-100\/","title":{"rendered":"ITC EasyGard 100"},"content":{"rendered":"<p>Banda fotoel\u00e9ctrica ideal para actualizaci\u00f3n ITC.<\/p>\n<p>&nbsp;<\/p>\n<p>Las cortinas de luz CEDES easygard100 est\u00e1n dise\u00f1adas en l\u00ednea con los \u00faltimos requisitos de puertas de ascensor. Los productos cumplen con el c\u00f3digo EN81-20 normativa actual ITC, adem\u00e1s ofrecen un excelente rendimiento y cumplen con las m\u00e1s altas expectativas de calidad.<\/p>\n<p><a href=\"https:\/\/sensoriberia.es\/wp-content\/uploads\/2025\/08\/Easygard100_32_36_elements_v14.pdf\">Caracter\u00edsticas t\u00e9cnicas<\/a><\/p>\n","protected":false},"excerpt":{"rendered":"<p>Banda de sensores \u00f3pticos<\/p>\n","protected":false},"featured_media":114,"comment_status":"closed","ping_status":"closed","template":"","meta":[],"product_brand":[],"product_cat":[156,201,167,163,166],"product_tag":[206],"class_list":{"0":"post-14086","1":"product","2":"type-product","3":"status-publish","4":"has-post-thumbnail","6":"product_cat-ascensores-y-escaleras-mecanicas","7":"product_cat-banda-fotoelectrica","8":"product_cat-barreras-de-luz","9":"product_cat-cortinas-de-luz","10":"product_cat-cortinas-de-luz-2","11":"product_tag-117-547","13":"first","14":"instock","15":"taxable","16":"shipping-taxable","17":"purchasable","18":"product-type-simple"},"yoast_head":"<!-- This site is optimized with the Yoast SEO plugin v27.4 - https:\/\/yoast.com\/product\/yoast-seo-wordpress\/ -->\n<title>ITC EasyGard 100 - SensorIberia - nueva ITC<\/title>\n<meta name=\"description\" content=\"Banda o barrera de sensores \u00f3pticos ITC, de la marca CEDES, para la seguridad en el acceso de puertas de ascensores. Desarrolladas para nueva ITC\" \/>\n<meta name=\"robots\" content=\"index, follow, max-snippet:-1, max-image-preview:large, max-video-preview:-1\" \/>\n<link rel=\"canonical\" href=\"https:\/\/sensoriberia.es\/pt-pt\/producto\/easygard-100\/\" \/>\n<meta property=\"og:locale\" content=\"pt_PT\" \/>\n<meta property=\"og:type\" content=\"article\" \/>\n<meta property=\"og:title\" content=\"ITC EasyGard 100 - SensorIberia - nueva ITC\" \/>\n<meta property=\"og:description\" content=\"Banda o barrera de sensores \u00f3pticos ITC, de la marca CEDES, para la seguridad en el acceso de puertas de ascensores. Desarrolladas para nueva ITC\" \/>\n<meta property=\"og:url\" content=\"https:\/\/sensoriberia.es\/pt-pt\/producto\/easygard-100\/\" \/>\n<meta property=\"og:site_name\" content=\"SensorIberia\" \/>\n<meta property=\"article:modified_time\" content=\"2025-08-25T15:18:15+00:00\" \/>\n<meta property=\"og:image\" content=\"https:\/\/sensoriberia.es\/wp-content\/uploads\/2024\/09\/Barrera_Actualizacion_ITC.png\" \/>\n\t<meta property=\"og:image:width\" content=\"1800\" \/>\n\t<meta property=\"og:image:height\" content=\"1200\" \/>\n\t<meta property=\"og:image:type\" content=\"image\/png\" \/>\n<meta name=\"twitter:card\" content=\"summary_large_image\" \/>\n<meta name=\"twitter:label1\" content=\"Tempo estimado de leitura\" \/>\n\t<meta name=\"twitter:data1\" content=\"1 minuto\" \/>\n<script type=\"application\/ld+json\" class=\"yoast-schema-graph\">{\"@context\":\"https:\\\/\\\/schema.org\",\"@graph\":[{\"@type\":\"WebPage\",\"@id\":\"https:\\\/\\\/sensoriberia.es\\\/pt-pt\\\/producto\\\/easygard-100\\\/\",\"url\":\"https:\\\/\\\/sensoriberia.es\\\/pt-pt\\\/producto\\\/easygard-100\\\/\",\"name\":\"ITC EasyGard 100 - SensorIberia - nueva ITC\",\"isPartOf\":{\"@id\":\"https:\\\/\\\/sensoriberia.es\\\/pt-pt\\\/#website\"},\"primaryImageOfPage\":{\"@id\":\"https:\\\/\\\/sensoriberia.es\\\/pt-pt\\\/producto\\\/easygard-100\\\/#primaryimage\"},\"image\":{\"@id\":\"https:\\\/\\\/sensoriberia.es\\\/pt-pt\\\/producto\\\/easygard-100\\\/#primaryimage\"},\"thumbnailUrl\":\"https:\\\/\\\/sensoriberia.es\\\/wp-content\\\/uploads\\\/2024\\\/09\\\/Barrera_Actualizacion_ITC.png\",\"datePublished\":\"2024-10-22T23:19:17+00:00\",\"dateModified\":\"2025-08-25T15:18:15+00:00\",\"description\":\"Banda o barrera de sensores \u00f3pticos ITC, de la marca CEDES, para la seguridad en el acceso de puertas de ascensores. Desarrolladas para nueva ITC\",\"breadcrumb\":{\"@id\":\"https:\\\/\\\/sensoriberia.es\\\/pt-pt\\\/producto\\\/easygard-100\\\/#breadcrumb\"},\"inLanguage\":\"pt-PT\",\"potentialAction\":[{\"@type\":\"ReadAction\",\"target\":[\"https:\\\/\\\/sensoriberia.es\\\/pt-pt\\\/producto\\\/easygard-100\\\/\"]}]},{\"@type\":\"ImageObject\",\"inLanguage\":\"pt-PT\",\"@id\":\"https:\\\/\\\/sensoriberia.es\\\/pt-pt\\\/producto\\\/easygard-100\\\/#primaryimage\",\"url\":\"https:\\\/\\\/sensoriberia.es\\\/wp-content\\\/uploads\\\/2024\\\/09\\\/Barrera_Actualizacion_ITC.png\",\"contentUrl\":\"https:\\\/\\\/sensoriberia.es\\\/wp-content\\\/uploads\\\/2024\\\/09\\\/Barrera_Actualizacion_ITC.png\",\"width\":1800,\"height\":1200,\"caption\":\"Barrera de sensores \u00f3pticos para seguridad en puertas de ascensores\"},{\"@type\":\"BreadcrumbList\",\"@id\":\"https:\\\/\\\/sensoriberia.es\\\/pt-pt\\\/producto\\\/easygard-100\\\/#breadcrumb\",\"itemListElement\":[{\"@type\":\"ListItem\",\"position\":1,\"name\":\"Portada\",\"item\":\"https:\\\/\\\/sensoriberia.es\\\/pt-pt\\\/\"},{\"@type\":\"ListItem\",\"position\":2,\"name\":\"Produtos\",\"item\":\"https:\\\/\\\/sensoriberia.es\\\/pt-pt\\\/produtos-de-seguranca\\\/\"},{\"@type\":\"ListItem\",\"position\":3,\"name\":\"ITC EasyGard 100\"}]},{\"@type\":\"WebSite\",\"@id\":\"https:\\\/\\\/sensoriberia.es\\\/pt-pt\\\/#website\",\"url\":\"https:\\\/\\\/sensoriberia.es\\\/pt-pt\\\/\",\"name\":\"Sensor Iberia\",\"description\":\"Distribuidor de sensores fotoel&eacute;ctricos\",\"publisher\":{\"@id\":\"https:\\\/\\\/sensoriberia.es\\\/pt-pt\\\/#organization\"},\"potentialAction\":[{\"@type\":\"SearchAction\",\"target\":{\"@type\":\"EntryPoint\",\"urlTemplate\":\"https:\\\/\\\/sensoriberia.es\\\/pt-pt\\\/?s={search_term_string}\"},\"query-input\":{\"@type\":\"PropertyValueSpecification\",\"valueRequired\":true,\"valueName\":\"search_term_string\"}}],\"inLanguage\":\"pt-PT\"},{\"@type\":\"Organization\",\"@id\":\"https:\\\/\\\/sensoriberia.es\\\/pt-pt\\\/#organization\",\"name\":\"Sensor Components, S.L.\",\"url\":\"https:\\\/\\\/sensoriberia.es\\\/pt-pt\\\/\",\"logo\":{\"@type\":\"ImageObject\",\"inLanguage\":\"pt-PT\",\"@id\":\"https:\\\/\\\/sensoriberia.es\\\/pt-pt\\\/#\\\/schema\\\/logo\\\/image\\\/\",\"url\":\"https:\\\/\\\/sensoriberia.es\\\/wp-content\\\/uploads\\\/2017\\\/06\\\/Solo-logo-sensor4.png\",\"contentUrl\":\"https:\\\/\\\/sensoriberia.es\\\/wp-content\\\/uploads\\\/2017\\\/06\\\/Solo-logo-sensor4.png\",\"width\":607,\"height\":297,\"caption\":\"Sensor Components, S.L.\"},\"image\":{\"@id\":\"https:\\\/\\\/sensoriberia.es\\\/pt-pt\\\/#\\\/schema\\\/logo\\\/image\\\/\"},\"sameAs\":[\"https:\\\/\\\/www.linkedin.com\\\/in\\\/marti-sensoriberia\\\/\"]}]}<\/script>\n<!-- \/ Yoast SEO plugin. -->","yoast_head_json":{"title":"ITC EasyGard 100 - SensorIberia - nueva ITC","description":"Banda o barrera de sensores \u00f3pticos ITC, de la marca CEDES, para la seguridad en el acceso de puertas de ascensores. Desarrolladas para nueva ITC","robots":{"index":"index","follow":"follow","max-snippet":"max-snippet:-1","max-image-preview":"max-image-preview:large","max-video-preview":"max-video-preview:-1"},"canonical":"https:\/\/sensoriberia.es\/pt-pt\/producto\/easygard-100\/","og_locale":"pt_PT","og_type":"article","og_title":"ITC EasyGard 100 - SensorIberia - nueva ITC","og_description":"Banda o barrera de sensores \u00f3pticos ITC, de la marca CEDES, para la seguridad en el acceso de puertas de ascensores. Desarrolladas para nueva ITC","og_url":"https:\/\/sensoriberia.es\/pt-pt\/producto\/easygard-100\/","og_site_name":"SensorIberia","article_modified_time":"2025-08-25T15:18:15+00:00","og_image":[{"width":1800,"height":1200,"url":"https:\/\/sensoriberia.es\/wp-content\/uploads\/2024\/09\/Barrera_Actualizacion_ITC.png","type":"image\/png"}],"twitter_card":"summary_large_image","twitter_misc":{"Tempo estimado de leitura":"1 minuto"},"schema":{"@context":"https:\/\/schema.org","@graph":[{"@type":"WebPage","@id":"https:\/\/sensoriberia.es\/pt-pt\/producto\/easygard-100\/","url":"https:\/\/sensoriberia.es\/pt-pt\/producto\/easygard-100\/","name":"ITC EasyGard 100 - SensorIberia - nueva ITC","isPartOf":{"@id":"https:\/\/sensoriberia.es\/pt-pt\/#website"},"primaryImageOfPage":{"@id":"https:\/\/sensoriberia.es\/pt-pt\/producto\/easygard-100\/#primaryimage"},"image":{"@id":"https:\/\/sensoriberia.es\/pt-pt\/producto\/easygard-100\/#primaryimage"},"thumbnailUrl":"https:\/\/sensoriberia.es\/wp-content\/uploads\/2024\/09\/Barrera_Actualizacion_ITC.png","datePublished":"2024-10-22T23:19:17+00:00","dateModified":"2025-08-25T15:18:15+00:00","description":"Banda o barrera de sensores \u00f3pticos ITC, de la marca CEDES, para la seguridad en el acceso de puertas de ascensores. Desarrolladas para nueva ITC","breadcrumb":{"@id":"https:\/\/sensoriberia.es\/pt-pt\/producto\/easygard-100\/#breadcrumb"},"inLanguage":"pt-PT","potentialAction":[{"@type":"ReadAction","target":["https:\/\/sensoriberia.es\/pt-pt\/producto\/easygard-100\/"]}]},{"@type":"ImageObject","inLanguage":"pt-PT","@id":"https:\/\/sensoriberia.es\/pt-pt\/producto\/easygard-100\/#primaryimage","url":"https:\/\/sensoriberia.es\/wp-content\/uploads\/2024\/09\/Barrera_Actualizacion_ITC.png","contentUrl":"https:\/\/sensoriberia.es\/wp-content\/uploads\/2024\/09\/Barrera_Actualizacion_ITC.png","width":1800,"height":1200,"caption":"Barrera de sensores \u00f3pticos para seguridad en puertas de ascensores"},{"@type":"BreadcrumbList","@id":"https:\/\/sensoriberia.es\/pt-pt\/producto\/easygard-100\/#breadcrumb","itemListElement":[{"@type":"ListItem","position":1,"name":"Portada","item":"https:\/\/sensoriberia.es\/pt-pt\/"},{"@type":"ListItem","position":2,"name":"Produtos","item":"https:\/\/sensoriberia.es\/pt-pt\/produtos-de-seguranca\/"},{"@type":"ListItem","position":3,"name":"ITC EasyGard 100"}]},{"@type":"WebSite","@id":"https:\/\/sensoriberia.es\/pt-pt\/#website","url":"https:\/\/sensoriberia.es\/pt-pt\/","name":"Sensor Iberia","description":"Distribuidor de sensores fotoel&eacute;ctricos","publisher":{"@id":"https:\/\/sensoriberia.es\/pt-pt\/#organization"},"potentialAction":[{"@type":"SearchAction","target":{"@type":"EntryPoint","urlTemplate":"https:\/\/sensoriberia.es\/pt-pt\/?s={search_term_string}"},"query-input":{"@type":"PropertyValueSpecification","valueRequired":true,"valueName":"search_term_string"}}],"inLanguage":"pt-PT"},{"@type":"Organization","@id":"https:\/\/sensoriberia.es\/pt-pt\/#organization","name":"Sensor Components, S.L.","url":"https:\/\/sensoriberia.es\/pt-pt\/","logo":{"@type":"ImageObject","inLanguage":"pt-PT","@id":"https:\/\/sensoriberia.es\/pt-pt\/#\/schema\/logo\/image\/","url":"https:\/\/sensoriberia.es\/wp-content\/uploads\/2017\/06\/Solo-logo-sensor4.png","contentUrl":"https:\/\/sensoriberia.es\/wp-content\/uploads\/2017\/06\/Solo-logo-sensor4.png","width":607,"height":297,"caption":"Sensor Components, S.L."},"image":{"@id":"https:\/\/sensoriberia.es\/pt-pt\/#\/schema\/logo\/image\/"},"sameAs":["https:\/\/www.linkedin.com\/in\/marti-sensoriberia\/"]}]}},"_links":{"self":[{"href":"https:\/\/sensoriberia.es\/pt-pt\/wp-json\/wp\/v2\/product\/14086","targetHints":{"allow":["GET"]}}],"collection":[{"href":"https:\/\/sensoriberia.es\/pt-pt\/wp-json\/wp\/v2\/product"}],"about":[{"href":"https:\/\/sensoriberia.es\/pt-pt\/wp-json\/wp\/v2\/types\/product"}],"replies":[{"embeddable":true,"href":"https:\/\/sensoriberia.es\/pt-pt\/wp-json\/wp\/v2\/comments?post=14086"}],"wp:featuredmedia":[{"embeddable":true,"href":"https:\/\/sensoriberia.es\/pt-pt\/wp-json\/wp\/v2\/media\/114"}],"wp:attachment":[{"href":"https:\/\/sensoriberia.es\/pt-pt\/wp-json\/wp\/v2\/media?parent=14086"}],"wp:term":[{"taxonomy":"product_brand","embeddable":true,"href":"https:\/\/sensoriberia.es\/pt-pt\/wp-json\/wp\/v2\/product_brand?post=14086"},{"taxonomy":"product_cat","embeddable":true,"href":"https:\/\/sensoriberia.es\/pt-pt\/wp-json\/wp\/v2\/product_cat?post=14086"},{"taxonomy":"product_tag","embeddable":true,"href":"https:\/\/sensoriberia.es\/pt-pt\/wp-json\/wp\/v2\/product_tag?post=14086"}],"curies":[{"name":"wp","href":"https:\/\/api.w.org\/{rel}","templated":true}]}}