{"id":14321,"date":"2024-10-22T23:16:53","date_gmt":"2024-10-22T23:16:53","guid":{"rendered":"https:\/\/sensoriberia.es\/producto\/14321\/"},"modified":"2025-01-17T07:05:57","modified_gmt":"2025-01-17T07:05:57","slug":"14321","status":"publish","type":"product","link":"https:\/\/sensoriberia.es\/pt-pt\/producto\/14321\/","title":{"rendered":"IMS PRO"},"content":{"rendered":"<p>O sensor IMS Pro proporciona um novo n\u00edvel de prote\u00e7\u00e3o ao monitorizar a \u00e1rea de entrada do elevador. Isto reduz o tempo total de abertura da porta e melhora a efici\u00eancia do elevador.<\/p>\n<p>Este sensor \u00e9 adequado para todos os tipos de elevadores, mas particularmente para elevadores em hospitais, lares de idosos, escolas infantis e instala\u00e7\u00f5es de produ\u00e7\u00e3o.<\/p>\n","protected":false},"excerpt":{"rendered":"<p>O sensor IMS Pro proporciona um novo n\u00edvel de prote\u00e7\u00e3o ao monitorizar a \u00e1rea de entrada do elevador. Isto reduz o tempo total de abertura da porta e melhora a efici\u00eancia do elevador. Este sensor \u00e9 adequado para todos os tipos de elevadores, mas particularmente para elevadores em hospitais, lares de idosos, escolas infantis e [&hellip;]<\/p>\n","protected":false},"featured_media":120,"comment_status":"closed","ping_status":"closed","template":"","meta":[],"product_brand":[],"product_cat":[181,185],"product_tag":[],"class_list":{"0":"post-14321","1":"product","2":"type-product","3":"status-publish","4":"has-post-thumbnail","6":"product_cat-cortinas-de-luz-pt","7":"product_cat-sensores-tof-3d-pt","9":"first","10":"instock","11":"taxable","12":"shipping-taxable","13":"purchasable","14":"product-type-simple"},"yoast_head":"<!-- This site is optimized with the Yoast SEO plugin v27.4 - https:\/\/yoast.com\/product\/yoast-seo-wordpress\/ -->\n<title>IMS PRO - SensorIberia<\/title>\n<meta name=\"description\" content=\"O sensor IMS Pro, proporciona um novo n\u00edvel de prote\u00e7\u00e3o ao monitorizar a \u00e1rea de entrada do elevador. \u00c9 adequado para todos os tipos de elevadores.\" \/>\n<meta name=\"robots\" content=\"index, follow, max-snippet:-1, max-image-preview:large, max-video-preview:-1\" \/>\n<link rel=\"canonical\" href=\"https:\/\/sensoriberia.es\/pt-pt\/producto\/14321\/\" \/>\n<meta property=\"og:locale\" content=\"pt_PT\" \/>\n<meta property=\"og:type\" content=\"article\" \/>\n<meta property=\"og:title\" content=\"IMS PRO - SensorIberia\" \/>\n<meta property=\"og:description\" content=\"O sensor IMS Pro, proporciona um novo n\u00edvel de prote\u00e7\u00e3o ao monitorizar a \u00e1rea de entrada do elevador. \u00c9 adequado para todos os tipos de elevadores.\" \/>\n<meta property=\"og:url\" content=\"https:\/\/sensoriberia.es\/pt-pt\/producto\/14321\/\" \/>\n<meta property=\"og:site_name\" content=\"SensorIberia\" \/>\n<meta property=\"article:modified_time\" content=\"2025-01-17T07:05:57+00:00\" \/>\n<meta property=\"og:image\" content=\"https:\/\/sensoriberia.es\/wp-content\/uploads\/2024\/09\/Sensor-IMS_100-Cedes.jpeg\" \/>\n\t<meta property=\"og:image:width\" content=\"1800\" \/>\n\t<meta property=\"og:image:height\" content=\"1200\" \/>\n\t<meta property=\"og:image:type\" content=\"image\/jpeg\" \/>\n<meta name=\"twitter:card\" content=\"summary_large_image\" \/>\n<meta name=\"twitter:label1\" content=\"Tempo estimado de leitura\" \/>\n\t<meta name=\"twitter:data1\" content=\"1 minuto\" \/>\n<script type=\"application\/ld+json\" class=\"yoast-schema-graph\">{\"@context\":\"https:\\\/\\\/schema.org\",\"@graph\":[{\"@type\":\"WebPage\",\"@id\":\"https:\\\/\\\/sensoriberia.es\\\/pt-pt\\\/producto\\\/14321\\\/\",\"url\":\"https:\\\/\\\/sensoriberia.es\\\/pt-pt\\\/producto\\\/14321\\\/\",\"name\":\"IMS PRO - SensorIberia\",\"isPartOf\":{\"@id\":\"https:\\\/\\\/sensoriberia.es\\\/pt-pt\\\/#website\"},\"primaryImageOfPage\":{\"@id\":\"https:\\\/\\\/sensoriberia.es\\\/pt-pt\\\/producto\\\/14321\\\/#primaryimage\"},\"image\":{\"@id\":\"https:\\\/\\\/sensoriberia.es\\\/pt-pt\\\/producto\\\/14321\\\/#primaryimage\"},\"thumbnailUrl\":\"https:\\\/\\\/sensoriberia.es\\\/wp-content\\\/uploads\\\/2024\\\/09\\\/Sensor-IMS_100-Cedes.jpeg\",\"datePublished\":\"2024-10-22T23:16:53+00:00\",\"dateModified\":\"2025-01-17T07:05:57+00:00\",\"description\":\"O sensor IMS Pro, proporciona um novo n\u00edvel de prote\u00e7\u00e3o ao monitorizar a \u00e1rea de entrada do elevador. \u00c9 adequado para todos os tipos de elevadores.\",\"breadcrumb\":{\"@id\":\"https:\\\/\\\/sensoriberia.es\\\/pt-pt\\\/producto\\\/14321\\\/#breadcrumb\"},\"inLanguage\":\"pt-PT\",\"potentialAction\":[{\"@type\":\"ReadAction\",\"target\":[\"https:\\\/\\\/sensoriberia.es\\\/pt-pt\\\/producto\\\/14321\\\/\"]}]},{\"@type\":\"ImageObject\",\"inLanguage\":\"pt-PT\",\"@id\":\"https:\\\/\\\/sensoriberia.es\\\/pt-pt\\\/producto\\\/14321\\\/#primaryimage\",\"url\":\"https:\\\/\\\/sensoriberia.es\\\/wp-content\\\/uploads\\\/2024\\\/09\\\/Sensor-IMS_100-Cedes.jpeg\",\"contentUrl\":\"https:\\\/\\\/sensoriberia.es\\\/wp-content\\\/uploads\\\/2024\\\/09\\\/Sensor-IMS_100-Cedes.jpeg\",\"width\":1800,\"height\":1200,\"caption\":\"108 175\"},{\"@type\":\"BreadcrumbList\",\"@id\":\"https:\\\/\\\/sensoriberia.es\\\/pt-pt\\\/producto\\\/14321\\\/#breadcrumb\",\"itemListElement\":[{\"@type\":\"ListItem\",\"position\":1,\"name\":\"Portada\",\"item\":\"https:\\\/\\\/sensoriberia.es\\\/pt-pt\\\/\"},{\"@type\":\"ListItem\",\"position\":2,\"name\":\"Produtos\",\"item\":\"https:\\\/\\\/sensoriberia.es\\\/pt-pt\\\/produtos-de-seguranca\\\/\"},{\"@type\":\"ListItem\",\"position\":3,\"name\":\"IMS PRO\"}]},{\"@type\":\"WebSite\",\"@id\":\"https:\\\/\\\/sensoriberia.es\\\/pt-pt\\\/#website\",\"url\":\"https:\\\/\\\/sensoriberia.es\\\/pt-pt\\\/\",\"name\":\"Sensor Iberia\",\"description\":\"Distribuidor de sensores fotoel&eacute;ctricos\",\"publisher\":{\"@id\":\"https:\\\/\\\/sensoriberia.es\\\/pt-pt\\\/#organization\"},\"potentialAction\":[{\"@type\":\"SearchAction\",\"target\":{\"@type\":\"EntryPoint\",\"urlTemplate\":\"https:\\\/\\\/sensoriberia.es\\\/pt-pt\\\/?s={search_term_string}\"},\"query-input\":{\"@type\":\"PropertyValueSpecification\",\"valueRequired\":true,\"valueName\":\"search_term_string\"}}],\"inLanguage\":\"pt-PT\"},{\"@type\":\"Organization\",\"@id\":\"https:\\\/\\\/sensoriberia.es\\\/pt-pt\\\/#organization\",\"name\":\"Sensor Components, S.L.\",\"url\":\"https:\\\/\\\/sensoriberia.es\\\/pt-pt\\\/\",\"logo\":{\"@type\":\"ImageObject\",\"inLanguage\":\"pt-PT\",\"@id\":\"https:\\\/\\\/sensoriberia.es\\\/pt-pt\\\/#\\\/schema\\\/logo\\\/image\\\/\",\"url\":\"https:\\\/\\\/sensoriberia.es\\\/wp-content\\\/uploads\\\/2017\\\/06\\\/Solo-logo-sensor4.png\",\"contentUrl\":\"https:\\\/\\\/sensoriberia.es\\\/wp-content\\\/uploads\\\/2017\\\/06\\\/Solo-logo-sensor4.png\",\"width\":607,\"height\":297,\"caption\":\"Sensor Components, S.L.\"},\"image\":{\"@id\":\"https:\\\/\\\/sensoriberia.es\\\/pt-pt\\\/#\\\/schema\\\/logo\\\/image\\\/\"},\"sameAs\":[\"https:\\\/\\\/www.linkedin.com\\\/in\\\/marti-sensoriberia\\\/\"]}]}<\/script>\n<!-- \/ Yoast SEO plugin. -->","yoast_head_json":{"title":"IMS PRO - SensorIberia","description":"O sensor IMS Pro, proporciona um novo n\u00edvel de prote\u00e7\u00e3o ao monitorizar a \u00e1rea de entrada do elevador. \u00c9 adequado para todos os tipos de elevadores.","robots":{"index":"index","follow":"follow","max-snippet":"max-snippet:-1","max-image-preview":"max-image-preview:large","max-video-preview":"max-video-preview:-1"},"canonical":"https:\/\/sensoriberia.es\/pt-pt\/producto\/14321\/","og_locale":"pt_PT","og_type":"article","og_title":"IMS PRO - SensorIberia","og_description":"O sensor IMS Pro, proporciona um novo n\u00edvel de prote\u00e7\u00e3o ao monitorizar a \u00e1rea de entrada do elevador. \u00c9 adequado para todos os tipos de elevadores.","og_url":"https:\/\/sensoriberia.es\/pt-pt\/producto\/14321\/","og_site_name":"SensorIberia","article_modified_time":"2025-01-17T07:05:57+00:00","og_image":[{"width":1800,"height":1200,"url":"https:\/\/sensoriberia.es\/wp-content\/uploads\/2024\/09\/Sensor-IMS_100-Cedes.jpeg","type":"image\/jpeg"}],"twitter_card":"summary_large_image","twitter_misc":{"Tempo estimado de leitura":"1 minuto"},"schema":{"@context":"https:\/\/schema.org","@graph":[{"@type":"WebPage","@id":"https:\/\/sensoriberia.es\/pt-pt\/producto\/14321\/","url":"https:\/\/sensoriberia.es\/pt-pt\/producto\/14321\/","name":"IMS PRO - SensorIberia","isPartOf":{"@id":"https:\/\/sensoriberia.es\/pt-pt\/#website"},"primaryImageOfPage":{"@id":"https:\/\/sensoriberia.es\/pt-pt\/producto\/14321\/#primaryimage"},"image":{"@id":"https:\/\/sensoriberia.es\/pt-pt\/producto\/14321\/#primaryimage"},"thumbnailUrl":"https:\/\/sensoriberia.es\/wp-content\/uploads\/2024\/09\/Sensor-IMS_100-Cedes.jpeg","datePublished":"2024-10-22T23:16:53+00:00","dateModified":"2025-01-17T07:05:57+00:00","description":"O sensor IMS Pro, proporciona um novo n\u00edvel de prote\u00e7\u00e3o ao monitorizar a \u00e1rea de entrada do elevador. \u00c9 adequado para todos os tipos de elevadores.","breadcrumb":{"@id":"https:\/\/sensoriberia.es\/pt-pt\/producto\/14321\/#breadcrumb"},"inLanguage":"pt-PT","potentialAction":[{"@type":"ReadAction","target":["https:\/\/sensoriberia.es\/pt-pt\/producto\/14321\/"]}]},{"@type":"ImageObject","inLanguage":"pt-PT","@id":"https:\/\/sensoriberia.es\/pt-pt\/producto\/14321\/#primaryimage","url":"https:\/\/sensoriberia.es\/wp-content\/uploads\/2024\/09\/Sensor-IMS_100-Cedes.jpeg","contentUrl":"https:\/\/sensoriberia.es\/wp-content\/uploads\/2024\/09\/Sensor-IMS_100-Cedes.jpeg","width":1800,"height":1200,"caption":"108 175"},{"@type":"BreadcrumbList","@id":"https:\/\/sensoriberia.es\/pt-pt\/producto\/14321\/#breadcrumb","itemListElement":[{"@type":"ListItem","position":1,"name":"Portada","item":"https:\/\/sensoriberia.es\/pt-pt\/"},{"@type":"ListItem","position":2,"name":"Produtos","item":"https:\/\/sensoriberia.es\/pt-pt\/produtos-de-seguranca\/"},{"@type":"ListItem","position":3,"name":"IMS PRO"}]},{"@type":"WebSite","@id":"https:\/\/sensoriberia.es\/pt-pt\/#website","url":"https:\/\/sensoriberia.es\/pt-pt\/","name":"Sensor Iberia","description":"Distribuidor de sensores fotoel&eacute;ctricos","publisher":{"@id":"https:\/\/sensoriberia.es\/pt-pt\/#organization"},"potentialAction":[{"@type":"SearchAction","target":{"@type":"EntryPoint","urlTemplate":"https:\/\/sensoriberia.es\/pt-pt\/?s={search_term_string}"},"query-input":{"@type":"PropertyValueSpecification","valueRequired":true,"valueName":"search_term_string"}}],"inLanguage":"pt-PT"},{"@type":"Organization","@id":"https:\/\/sensoriberia.es\/pt-pt\/#organization","name":"Sensor Components, S.L.","url":"https:\/\/sensoriberia.es\/pt-pt\/","logo":{"@type":"ImageObject","inLanguage":"pt-PT","@id":"https:\/\/sensoriberia.es\/pt-pt\/#\/schema\/logo\/image\/","url":"https:\/\/sensoriberia.es\/wp-content\/uploads\/2017\/06\/Solo-logo-sensor4.png","contentUrl":"https:\/\/sensoriberia.es\/wp-content\/uploads\/2017\/06\/Solo-logo-sensor4.png","width":607,"height":297,"caption":"Sensor Components, S.L."},"image":{"@id":"https:\/\/sensoriberia.es\/pt-pt\/#\/schema\/logo\/image\/"},"sameAs":["https:\/\/www.linkedin.com\/in\/marti-sensoriberia\/"]}]}},"_links":{"self":[{"href":"https:\/\/sensoriberia.es\/pt-pt\/wp-json\/wp\/v2\/product\/14321","targetHints":{"allow":["GET"]}}],"collection":[{"href":"https:\/\/sensoriberia.es\/pt-pt\/wp-json\/wp\/v2\/product"}],"about":[{"href":"https:\/\/sensoriberia.es\/pt-pt\/wp-json\/wp\/v2\/types\/product"}],"replies":[{"embeddable":true,"href":"https:\/\/sensoriberia.es\/pt-pt\/wp-json\/wp\/v2\/comments?post=14321"}],"wp:featuredmedia":[{"embeddable":true,"href":"https:\/\/sensoriberia.es\/pt-pt\/wp-json\/wp\/v2\/media\/120"}],"wp:attachment":[{"href":"https:\/\/sensoriberia.es\/pt-pt\/wp-json\/wp\/v2\/media?parent=14321"}],"wp:term":[{"taxonomy":"product_brand","embeddable":true,"href":"https:\/\/sensoriberia.es\/pt-pt\/wp-json\/wp\/v2\/product_brand?post=14321"},{"taxonomy":"product_cat","embeddable":true,"href":"https:\/\/sensoriberia.es\/pt-pt\/wp-json\/wp\/v2\/product_cat?post=14321"},{"taxonomy":"product_tag","embeddable":true,"href":"https:\/\/sensoriberia.es\/pt-pt\/wp-json\/wp\/v2\/product_tag?post=14321"}],"curies":[{"name":"wp","href":"https:\/\/api.w.org\/{rel}","templated":true}]}}