{"id":14330,"date":"2024-10-23T06:09:46","date_gmt":"2024-10-23T06:09:46","guid":{"rendered":"https:\/\/sensoriberia.es\/producto\/gridscan-pro\/"},"modified":"2025-01-18T18:17:30","modified_gmt":"2025-01-18T18:17:30","slug":"gridscan-pro","status":"publish","type":"product","link":"https:\/\/sensoriberia.es\/pt-pt\/producto\/gridscan-pro\/","title":{"rendered":"GridScan Pro"},"content":{"rendered":"<p>O GridScan\/Pro \u00e9 uma cortina de luz de seguran\u00e7a Cedes certificada SIL 2 altamente fi\u00e1vel para portas industriais.<\/p>\n<p>Gra\u00e7as \u00e0 sua conce\u00e7\u00e3o de m\u00faltiplas sa\u00eddas e ao modo de funcionamento vari\u00e1vel (supress\u00e3o a est\u00e1tico), o GridScan\/Pro pode ser integrado em todos os tipos de sistemas de controlo de portas.<\/p>\n<p><a href=\"https:\/\/sensoriberia.es\/wp-content\/uploads\/2025\/01\/Caracteristicas_GridScanPro.pdf\" target=\"_blank\" rel=\"noopener\">Caracter\u00edsticas em .pdf.<\/a><\/p>\n","protected":false},"excerpt":{"rendered":"<p>O GridScan\/Pro \u00e9 uma cortina de luz de seguran\u00e7a Cedes certificada SIL 2 altamente fi\u00e1vel para portas industriais. Gra\u00e7as \u00e0 sua conce\u00e7\u00e3o de m\u00faltiplas sa\u00eddas e ao modo de funcionamento vari\u00e1vel (supress\u00e3o a est\u00e1tico), o GridScan\/Pro pode ser integrado em todos os tipos de sistemas de controlo de portas. Caracter\u00edsticas em .pdf.<\/p>\n","protected":false},"featured_media":14076,"comment_status":"closed","ping_status":"closed","template":"","meta":[],"product_brand":[],"product_cat":[191,180,181],"product_tag":[],"class_list":{"0":"post-14330","1":"product","2":"type-product","3":"status-publish","4":"has-post-thumbnail","6":"product_cat-barreiras-de-luz","7":"product_cat-cortinas-de-luz-pt-2","8":"product_cat-cortinas-de-luz-pt","10":"first","11":"instock","12":"taxable","13":"shipping-taxable","14":"product-type-simple"},"yoast_head":"<!-- This site is optimized with the Yoast SEO plugin v27.4 - https:\/\/yoast.com\/product\/yoast-seo-wordpress\/ -->\n<title>GridScan Pro - SensorIberia<\/title>\n<meta name=\"description\" content=\"O GridScan\/Pro \u00e9 uma cortina de luz de seguran\u00e7a Cedes certificada SIL 2 altamente fi\u00e1vel para portas industriais. Gra\u00e7as \u00e0 sua conce\u00e7\u00e3o de m\u00faltiplas\" \/>\n<meta name=\"robots\" content=\"index, follow, max-snippet:-1, max-image-preview:large, max-video-preview:-1\" \/>\n<link rel=\"canonical\" href=\"https:\/\/sensoriberia.es\/pt-pt\/producto\/gridscan-pro\/\" \/>\n<meta property=\"og:locale\" content=\"pt_PT\" \/>\n<meta property=\"og:type\" content=\"article\" \/>\n<meta property=\"og:title\" content=\"GridScan Pro - SensorIberia\" \/>\n<meta property=\"og:description\" content=\"O GridScan\/Pro \u00e9 uma cortina de luz de seguran\u00e7a Cedes certificada SIL 2 altamente fi\u00e1vel para portas industriais. Gra\u00e7as \u00e0 sua conce\u00e7\u00e3o de m\u00faltiplas\" \/>\n<meta property=\"og:url\" content=\"https:\/\/sensoriberia.es\/pt-pt\/producto\/gridscan-pro\/\" \/>\n<meta property=\"og:site_name\" content=\"SensorIberia\" \/>\n<meta property=\"article:modified_time\" content=\"2025-01-18T18:17:30+00:00\" \/>\n<meta property=\"og:image\" content=\"https:\/\/sensoriberia.es\/wp-content\/uploads\/2024\/10\/Gridscan_pro-600x561.png\" \/>\n\t<meta property=\"og:image:width\" content=\"600\" \/>\n\t<meta property=\"og:image:height\" content=\"561\" \/>\n\t<meta property=\"og:image:type\" content=\"image\/png\" \/>\n<meta name=\"twitter:card\" content=\"summary_large_image\" \/>\n<meta name=\"twitter:label1\" content=\"Tempo estimado de leitura\" \/>\n\t<meta name=\"twitter:data1\" content=\"1 minuto\" \/>\n<script type=\"application\/ld+json\" class=\"yoast-schema-graph\">{\"@context\":\"https:\\\/\\\/schema.org\",\"@graph\":[{\"@type\":\"WebPage\",\"@id\":\"https:\\\/\\\/sensoriberia.es\\\/pt-pt\\\/producto\\\/gridscan-pro\\\/\",\"url\":\"https:\\\/\\\/sensoriberia.es\\\/pt-pt\\\/producto\\\/gridscan-pro\\\/\",\"name\":\"GridScan Pro - SensorIberia\",\"isPartOf\":{\"@id\":\"https:\\\/\\\/sensoriberia.es\\\/pt-pt\\\/#website\"},\"primaryImageOfPage\":{\"@id\":\"https:\\\/\\\/sensoriberia.es\\\/pt-pt\\\/producto\\\/gridscan-pro\\\/#primaryimage\"},\"image\":{\"@id\":\"https:\\\/\\\/sensoriberia.es\\\/pt-pt\\\/producto\\\/gridscan-pro\\\/#primaryimage\"},\"thumbnailUrl\":\"https:\\\/\\\/sensoriberia.es\\\/wp-content\\\/uploads\\\/2024\\\/10\\\/Gridscan_pro.png\",\"datePublished\":\"2024-10-23T06:09:46+00:00\",\"dateModified\":\"2025-01-18T18:17:30+00:00\",\"description\":\"O GridScan\\\/Pro \u00e9 uma cortina de luz de seguran\u00e7a Cedes certificada SIL 2 altamente fi\u00e1vel para portas industriais. Gra\u00e7as \u00e0 sua conce\u00e7\u00e3o de m\u00faltiplas\",\"breadcrumb\":{\"@id\":\"https:\\\/\\\/sensoriberia.es\\\/pt-pt\\\/producto\\\/gridscan-pro\\\/#breadcrumb\"},\"inLanguage\":\"pt-PT\",\"potentialAction\":[{\"@type\":\"ReadAction\",\"target\":[\"https:\\\/\\\/sensoriberia.es\\\/pt-pt\\\/producto\\\/gridscan-pro\\\/\"]}]},{\"@type\":\"ImageObject\",\"inLanguage\":\"pt-PT\",\"@id\":\"https:\\\/\\\/sensoriberia.es\\\/pt-pt\\\/producto\\\/gridscan-pro\\\/#primaryimage\",\"url\":\"https:\\\/\\\/sensoriberia.es\\\/wp-content\\\/uploads\\\/2024\\\/10\\\/Gridscan_pro.png\",\"contentUrl\":\"https:\\\/\\\/sensoriberia.es\\\/wp-content\\\/uploads\\\/2024\\\/10\\\/Gridscan_pro.png\",\"width\":5053,\"height\":4724,\"caption\":\"114 988\"},{\"@type\":\"BreadcrumbList\",\"@id\":\"https:\\\/\\\/sensoriberia.es\\\/pt-pt\\\/producto\\\/gridscan-pro\\\/#breadcrumb\",\"itemListElement\":[{\"@type\":\"ListItem\",\"position\":1,\"name\":\"Portada\",\"item\":\"https:\\\/\\\/sensoriberia.es\\\/pt-pt\\\/\"},{\"@type\":\"ListItem\",\"position\":2,\"name\":\"Produtos\",\"item\":\"https:\\\/\\\/sensoriberia.es\\\/pt-pt\\\/produtos-de-seguranca\\\/\"},{\"@type\":\"ListItem\",\"position\":3,\"name\":\"GridScan Pro\"}]},{\"@type\":\"WebSite\",\"@id\":\"https:\\\/\\\/sensoriberia.es\\\/pt-pt\\\/#website\",\"url\":\"https:\\\/\\\/sensoriberia.es\\\/pt-pt\\\/\",\"name\":\"Sensor Iberia\",\"description\":\"Distribuidor de sensores fotoel&eacute;ctricos\",\"publisher\":{\"@id\":\"https:\\\/\\\/sensoriberia.es\\\/pt-pt\\\/#organization\"},\"potentialAction\":[{\"@type\":\"SearchAction\",\"target\":{\"@type\":\"EntryPoint\",\"urlTemplate\":\"https:\\\/\\\/sensoriberia.es\\\/pt-pt\\\/?s={search_term_string}\"},\"query-input\":{\"@type\":\"PropertyValueSpecification\",\"valueRequired\":true,\"valueName\":\"search_term_string\"}}],\"inLanguage\":\"pt-PT\"},{\"@type\":\"Organization\",\"@id\":\"https:\\\/\\\/sensoriberia.es\\\/pt-pt\\\/#organization\",\"name\":\"Sensor Components, S.L.\",\"url\":\"https:\\\/\\\/sensoriberia.es\\\/pt-pt\\\/\",\"logo\":{\"@type\":\"ImageObject\",\"inLanguage\":\"pt-PT\",\"@id\":\"https:\\\/\\\/sensoriberia.es\\\/pt-pt\\\/#\\\/schema\\\/logo\\\/image\\\/\",\"url\":\"https:\\\/\\\/sensoriberia.es\\\/wp-content\\\/uploads\\\/2017\\\/06\\\/Solo-logo-sensor4.png\",\"contentUrl\":\"https:\\\/\\\/sensoriberia.es\\\/wp-content\\\/uploads\\\/2017\\\/06\\\/Solo-logo-sensor4.png\",\"width\":607,\"height\":297,\"caption\":\"Sensor Components, S.L.\"},\"image\":{\"@id\":\"https:\\\/\\\/sensoriberia.es\\\/pt-pt\\\/#\\\/schema\\\/logo\\\/image\\\/\"},\"sameAs\":[\"https:\\\/\\\/www.linkedin.com\\\/in\\\/marti-sensoriberia\\\/\"]}]}<\/script>\n<!-- \/ Yoast SEO plugin. -->","yoast_head_json":{"title":"GridScan Pro - SensorIberia","description":"O GridScan\/Pro \u00e9 uma cortina de luz de seguran\u00e7a Cedes certificada SIL 2 altamente fi\u00e1vel para portas industriais. Gra\u00e7as \u00e0 sua conce\u00e7\u00e3o de m\u00faltiplas","robots":{"index":"index","follow":"follow","max-snippet":"max-snippet:-1","max-image-preview":"max-image-preview:large","max-video-preview":"max-video-preview:-1"},"canonical":"https:\/\/sensoriberia.es\/pt-pt\/producto\/gridscan-pro\/","og_locale":"pt_PT","og_type":"article","og_title":"GridScan Pro - SensorIberia","og_description":"O GridScan\/Pro \u00e9 uma cortina de luz de seguran\u00e7a Cedes certificada SIL 2 altamente fi\u00e1vel para portas industriais. Gra\u00e7as \u00e0 sua conce\u00e7\u00e3o de m\u00faltiplas","og_url":"https:\/\/sensoriberia.es\/pt-pt\/producto\/gridscan-pro\/","og_site_name":"SensorIberia","article_modified_time":"2025-01-18T18:17:30+00:00","og_image":[{"width":600,"height":561,"url":"https:\/\/sensoriberia.es\/wp-content\/uploads\/2024\/10\/Gridscan_pro-600x561.png","type":"image\/png"}],"twitter_card":"summary_large_image","twitter_misc":{"Tempo estimado de leitura":"1 minuto"},"schema":{"@context":"https:\/\/schema.org","@graph":[{"@type":"WebPage","@id":"https:\/\/sensoriberia.es\/pt-pt\/producto\/gridscan-pro\/","url":"https:\/\/sensoriberia.es\/pt-pt\/producto\/gridscan-pro\/","name":"GridScan Pro - SensorIberia","isPartOf":{"@id":"https:\/\/sensoriberia.es\/pt-pt\/#website"},"primaryImageOfPage":{"@id":"https:\/\/sensoriberia.es\/pt-pt\/producto\/gridscan-pro\/#primaryimage"},"image":{"@id":"https:\/\/sensoriberia.es\/pt-pt\/producto\/gridscan-pro\/#primaryimage"},"thumbnailUrl":"https:\/\/sensoriberia.es\/wp-content\/uploads\/2024\/10\/Gridscan_pro.png","datePublished":"2024-10-23T06:09:46+00:00","dateModified":"2025-01-18T18:17:30+00:00","description":"O GridScan\/Pro \u00e9 uma cortina de luz de seguran\u00e7a Cedes certificada SIL 2 altamente fi\u00e1vel para portas industriais. Gra\u00e7as \u00e0 sua conce\u00e7\u00e3o de m\u00faltiplas","breadcrumb":{"@id":"https:\/\/sensoriberia.es\/pt-pt\/producto\/gridscan-pro\/#breadcrumb"},"inLanguage":"pt-PT","potentialAction":[{"@type":"ReadAction","target":["https:\/\/sensoriberia.es\/pt-pt\/producto\/gridscan-pro\/"]}]},{"@type":"ImageObject","inLanguage":"pt-PT","@id":"https:\/\/sensoriberia.es\/pt-pt\/producto\/gridscan-pro\/#primaryimage","url":"https:\/\/sensoriberia.es\/wp-content\/uploads\/2024\/10\/Gridscan_pro.png","contentUrl":"https:\/\/sensoriberia.es\/wp-content\/uploads\/2024\/10\/Gridscan_pro.png","width":5053,"height":4724,"caption":"114 988"},{"@type":"BreadcrumbList","@id":"https:\/\/sensoriberia.es\/pt-pt\/producto\/gridscan-pro\/#breadcrumb","itemListElement":[{"@type":"ListItem","position":1,"name":"Portada","item":"https:\/\/sensoriberia.es\/pt-pt\/"},{"@type":"ListItem","position":2,"name":"Produtos","item":"https:\/\/sensoriberia.es\/pt-pt\/produtos-de-seguranca\/"},{"@type":"ListItem","position":3,"name":"GridScan Pro"}]},{"@type":"WebSite","@id":"https:\/\/sensoriberia.es\/pt-pt\/#website","url":"https:\/\/sensoriberia.es\/pt-pt\/","name":"Sensor Iberia","description":"Distribuidor de sensores fotoel&eacute;ctricos","publisher":{"@id":"https:\/\/sensoriberia.es\/pt-pt\/#organization"},"potentialAction":[{"@type":"SearchAction","target":{"@type":"EntryPoint","urlTemplate":"https:\/\/sensoriberia.es\/pt-pt\/?s={search_term_string}"},"query-input":{"@type":"PropertyValueSpecification","valueRequired":true,"valueName":"search_term_string"}}],"inLanguage":"pt-PT"},{"@type":"Organization","@id":"https:\/\/sensoriberia.es\/pt-pt\/#organization","name":"Sensor Components, S.L.","url":"https:\/\/sensoriberia.es\/pt-pt\/","logo":{"@type":"ImageObject","inLanguage":"pt-PT","@id":"https:\/\/sensoriberia.es\/pt-pt\/#\/schema\/logo\/image\/","url":"https:\/\/sensoriberia.es\/wp-content\/uploads\/2017\/06\/Solo-logo-sensor4.png","contentUrl":"https:\/\/sensoriberia.es\/wp-content\/uploads\/2017\/06\/Solo-logo-sensor4.png","width":607,"height":297,"caption":"Sensor Components, S.L."},"image":{"@id":"https:\/\/sensoriberia.es\/pt-pt\/#\/schema\/logo\/image\/"},"sameAs":["https:\/\/www.linkedin.com\/in\/marti-sensoriberia\/"]}]}},"_links":{"self":[{"href":"https:\/\/sensoriberia.es\/pt-pt\/wp-json\/wp\/v2\/product\/14330","targetHints":{"allow":["GET"]}}],"collection":[{"href":"https:\/\/sensoriberia.es\/pt-pt\/wp-json\/wp\/v2\/product"}],"about":[{"href":"https:\/\/sensoriberia.es\/pt-pt\/wp-json\/wp\/v2\/types\/product"}],"replies":[{"embeddable":true,"href":"https:\/\/sensoriberia.es\/pt-pt\/wp-json\/wp\/v2\/comments?post=14330"}],"wp:featuredmedia":[{"embeddable":true,"href":"https:\/\/sensoriberia.es\/pt-pt\/wp-json\/wp\/v2\/media\/14076"}],"wp:attachment":[{"href":"https:\/\/sensoriberia.es\/pt-pt\/wp-json\/wp\/v2\/media?parent=14330"}],"wp:term":[{"taxonomy":"product_brand","embeddable":true,"href":"https:\/\/sensoriberia.es\/pt-pt\/wp-json\/wp\/v2\/product_brand?post=14330"},{"taxonomy":"product_cat","embeddable":true,"href":"https:\/\/sensoriberia.es\/pt-pt\/wp-json\/wp\/v2\/product_cat?post=14330"},{"taxonomy":"product_tag","embeddable":true,"href":"https:\/\/sensoriberia.es\/pt-pt\/wp-json\/wp\/v2\/product_tag?post=14330"}],"curies":[{"name":"wp","href":"https:\/\/api.w.org\/{rel}","templated":true}]}}