{"id":14405,"date":"2025-01-21T11:33:42","date_gmt":"2025-01-21T11:33:42","guid":{"rendered":"https:\/\/sensoriberia.es\/producto\/cegard-mini-cc\/"},"modified":"2025-01-21T11:54:03","modified_gmt":"2025-01-21T11:54:03","slug":"cegard-mini-cc","status":"publish","type":"product","link":"https:\/\/sensoriberia.es\/pt-pt\/producto\/cegard-mini-cc\/","title":{"rendered":"Cegard\/Mini-CC"},"content":{"rendered":"<p>A cortina de luz cegard\/Mini-CC oferece um aumento significativo do n\u00edvel de prote\u00e7\u00e3o das portas de elevadores gra\u00e7as \u00e0s suas vigas interligadas, que permanecem activas at\u00e9 que a porta do elevador esteja completamente fechada.<\/p>\n","protected":false},"excerpt":{"rendered":"<p>A cortina de luz cegard\/Mini-CC oferece um aumento significativo do n\u00edvel de prote\u00e7\u00e3o das portas de elevadores gra\u00e7as \u00e0s suas vigas interligadas, que permanecem activas at\u00e9 que a porta do elevador esteja completamente fechada.<\/p>\n","protected":false},"featured_media":14386,"comment_status":"closed","ping_status":"closed","template":"","meta":[],"product_brand":[],"product_cat":[191,180,181,159],"product_tag":[],"class_list":{"0":"post-14405","1":"product","2":"type-product","3":"status-publish","4":"has-post-thumbnail","6":"product_cat-barreiras-de-luz","7":"product_cat-cortinas-de-luz-pt-2","8":"product_cat-cortinas-de-luz-pt","9":"product_cat-elevadores-e-escadas-rolantes","11":"first","12":"instock","13":"taxable","14":"shipping-taxable","15":"product-type-simple"},"yoast_head":"<!-- This site is optimized with the Yoast SEO plugin v27.4 - https:\/\/yoast.com\/product\/yoast-seo-wordpress\/ -->\n<title>Cegard\/Mini-CC - SensorIberia<\/title>\n<meta name=\"description\" content=\"A cortina de luz cegard\/Mini-CC oferece um aumento significativo do n\u00edvel de prote\u00e7\u00e3o das portas de elevadores gra\u00e7as \u00e0s suas vigas interligadas\" \/>\n<meta name=\"robots\" content=\"index, follow, max-snippet:-1, max-image-preview:large, max-video-preview:-1\" \/>\n<link rel=\"canonical\" href=\"https:\/\/sensoriberia.es\/pt-pt\/producto\/cegard-mini-cc\/\" \/>\n<meta property=\"og:locale\" content=\"pt_PT\" \/>\n<meta property=\"og:type\" content=\"article\" \/>\n<meta property=\"og:title\" content=\"Cegard\/Mini-CC - SensorIberia\" \/>\n<meta property=\"og:description\" content=\"A cortina de luz cegard\/Mini-CC oferece um aumento significativo do n\u00edvel de prote\u00e7\u00e3o das portas de elevadores gra\u00e7as \u00e0s suas vigas interligadas\" \/>\n<meta property=\"og:url\" content=\"https:\/\/sensoriberia.es\/pt-pt\/producto\/cegard-mini-cc\/\" \/>\n<meta property=\"og:site_name\" content=\"SensorIberia\" \/>\n<meta property=\"article:modified_time\" content=\"2025-01-21T11:54:03+00:00\" \/>\n<meta property=\"og:image\" content=\"https:\/\/sensoriberia.es\/wp-content\/uploads\/2025\/01\/CegardMini-CC.jpg\" \/>\n\t<meta property=\"og:image:width\" content=\"1800\" \/>\n\t<meta property=\"og:image:height\" content=\"1200\" \/>\n\t<meta property=\"og:image:type\" content=\"image\/jpeg\" \/>\n<meta name=\"twitter:card\" content=\"summary_large_image\" \/>\n<meta name=\"twitter:label1\" content=\"Tempo estimado de leitura\" \/>\n\t<meta name=\"twitter:data1\" content=\"1 minuto\" \/>\n<script type=\"application\/ld+json\" class=\"yoast-schema-graph\">{\"@context\":\"https:\\\/\\\/schema.org\",\"@graph\":[{\"@type\":\"WebPage\",\"@id\":\"https:\\\/\\\/sensoriberia.es\\\/pt-pt\\\/producto\\\/cegard-mini-cc\\\/\",\"url\":\"https:\\\/\\\/sensoriberia.es\\\/pt-pt\\\/producto\\\/cegard-mini-cc\\\/\",\"name\":\"Cegard\\\/Mini-CC - SensorIberia\",\"isPartOf\":{\"@id\":\"https:\\\/\\\/sensoriberia.es\\\/pt-pt\\\/#website\"},\"primaryImageOfPage\":{\"@id\":\"https:\\\/\\\/sensoriberia.es\\\/pt-pt\\\/producto\\\/cegard-mini-cc\\\/#primaryimage\"},\"image\":{\"@id\":\"https:\\\/\\\/sensoriberia.es\\\/pt-pt\\\/producto\\\/cegard-mini-cc\\\/#primaryimage\"},\"thumbnailUrl\":\"https:\\\/\\\/sensoriberia.es\\\/wp-content\\\/uploads\\\/2025\\\/01\\\/CegardMini-CC.jpg\",\"datePublished\":\"2025-01-21T11:33:42+00:00\",\"dateModified\":\"2025-01-21T11:54:03+00:00\",\"description\":\"A cortina de luz cegard\\\/Mini-CC oferece um aumento significativo do n\u00edvel de prote\u00e7\u00e3o das portas de elevadores gra\u00e7as \u00e0s suas vigas interligadas\",\"breadcrumb\":{\"@id\":\"https:\\\/\\\/sensoriberia.es\\\/pt-pt\\\/producto\\\/cegard-mini-cc\\\/#breadcrumb\"},\"inLanguage\":\"pt-PT\",\"potentialAction\":[{\"@type\":\"ReadAction\",\"target\":[\"https:\\\/\\\/sensoriberia.es\\\/pt-pt\\\/producto\\\/cegard-mini-cc\\\/\"]}]},{\"@type\":\"ImageObject\",\"inLanguage\":\"pt-PT\",\"@id\":\"https:\\\/\\\/sensoriberia.es\\\/pt-pt\\\/producto\\\/cegard-mini-cc\\\/#primaryimage\",\"url\":\"https:\\\/\\\/sensoriberia.es\\\/wp-content\\\/uploads\\\/2025\\\/01\\\/CegardMini-CC.jpg\",\"contentUrl\":\"https:\\\/\\\/sensoriberia.es\\\/wp-content\\\/uploads\\\/2025\\\/01\\\/CegardMini-CC.jpg\",\"width\":1800,\"height\":1200},{\"@type\":\"BreadcrumbList\",\"@id\":\"https:\\\/\\\/sensoriberia.es\\\/pt-pt\\\/producto\\\/cegard-mini-cc\\\/#breadcrumb\",\"itemListElement\":[{\"@type\":\"ListItem\",\"position\":1,\"name\":\"Portada\",\"item\":\"https:\\\/\\\/sensoriberia.es\\\/pt-pt\\\/\"},{\"@type\":\"ListItem\",\"position\":2,\"name\":\"Produtos\",\"item\":\"https:\\\/\\\/sensoriberia.es\\\/pt-pt\\\/produtos-de-seguranca\\\/\"},{\"@type\":\"ListItem\",\"position\":3,\"name\":\"Cegard\\\/Mini-CC\"}]},{\"@type\":\"WebSite\",\"@id\":\"https:\\\/\\\/sensoriberia.es\\\/pt-pt\\\/#website\",\"url\":\"https:\\\/\\\/sensoriberia.es\\\/pt-pt\\\/\",\"name\":\"Sensor Iberia\",\"description\":\"Distribuidor de sensores fotoel&eacute;ctricos\",\"publisher\":{\"@id\":\"https:\\\/\\\/sensoriberia.es\\\/pt-pt\\\/#organization\"},\"potentialAction\":[{\"@type\":\"SearchAction\",\"target\":{\"@type\":\"EntryPoint\",\"urlTemplate\":\"https:\\\/\\\/sensoriberia.es\\\/pt-pt\\\/?s={search_term_string}\"},\"query-input\":{\"@type\":\"PropertyValueSpecification\",\"valueRequired\":true,\"valueName\":\"search_term_string\"}}],\"inLanguage\":\"pt-PT\"},{\"@type\":\"Organization\",\"@id\":\"https:\\\/\\\/sensoriberia.es\\\/pt-pt\\\/#organization\",\"name\":\"Sensor Components, S.L.\",\"url\":\"https:\\\/\\\/sensoriberia.es\\\/pt-pt\\\/\",\"logo\":{\"@type\":\"ImageObject\",\"inLanguage\":\"pt-PT\",\"@id\":\"https:\\\/\\\/sensoriberia.es\\\/pt-pt\\\/#\\\/schema\\\/logo\\\/image\\\/\",\"url\":\"https:\\\/\\\/sensoriberia.es\\\/wp-content\\\/uploads\\\/2017\\\/06\\\/Solo-logo-sensor4.png\",\"contentUrl\":\"https:\\\/\\\/sensoriberia.es\\\/wp-content\\\/uploads\\\/2017\\\/06\\\/Solo-logo-sensor4.png\",\"width\":607,\"height\":297,\"caption\":\"Sensor Components, S.L.\"},\"image\":{\"@id\":\"https:\\\/\\\/sensoriberia.es\\\/pt-pt\\\/#\\\/schema\\\/logo\\\/image\\\/\"},\"sameAs\":[\"https:\\\/\\\/www.linkedin.com\\\/in\\\/marti-sensoriberia\\\/\"]}]}<\/script>\n<!-- \/ Yoast SEO plugin. -->","yoast_head_json":{"title":"Cegard\/Mini-CC - SensorIberia","description":"A cortina de luz cegard\/Mini-CC oferece um aumento significativo do n\u00edvel de prote\u00e7\u00e3o das portas de elevadores gra\u00e7as \u00e0s suas vigas interligadas","robots":{"index":"index","follow":"follow","max-snippet":"max-snippet:-1","max-image-preview":"max-image-preview:large","max-video-preview":"max-video-preview:-1"},"canonical":"https:\/\/sensoriberia.es\/pt-pt\/producto\/cegard-mini-cc\/","og_locale":"pt_PT","og_type":"article","og_title":"Cegard\/Mini-CC - SensorIberia","og_description":"A cortina de luz cegard\/Mini-CC oferece um aumento significativo do n\u00edvel de prote\u00e7\u00e3o das portas de elevadores gra\u00e7as \u00e0s suas vigas interligadas","og_url":"https:\/\/sensoriberia.es\/pt-pt\/producto\/cegard-mini-cc\/","og_site_name":"SensorIberia","article_modified_time":"2025-01-21T11:54:03+00:00","og_image":[{"width":1800,"height":1200,"url":"https:\/\/sensoriberia.es\/wp-content\/uploads\/2025\/01\/CegardMini-CC.jpg","type":"image\/jpeg"}],"twitter_card":"summary_large_image","twitter_misc":{"Tempo estimado de leitura":"1 minuto"},"schema":{"@context":"https:\/\/schema.org","@graph":[{"@type":"WebPage","@id":"https:\/\/sensoriberia.es\/pt-pt\/producto\/cegard-mini-cc\/","url":"https:\/\/sensoriberia.es\/pt-pt\/producto\/cegard-mini-cc\/","name":"Cegard\/Mini-CC - SensorIberia","isPartOf":{"@id":"https:\/\/sensoriberia.es\/pt-pt\/#website"},"primaryImageOfPage":{"@id":"https:\/\/sensoriberia.es\/pt-pt\/producto\/cegard-mini-cc\/#primaryimage"},"image":{"@id":"https:\/\/sensoriberia.es\/pt-pt\/producto\/cegard-mini-cc\/#primaryimage"},"thumbnailUrl":"https:\/\/sensoriberia.es\/wp-content\/uploads\/2025\/01\/CegardMini-CC.jpg","datePublished":"2025-01-21T11:33:42+00:00","dateModified":"2025-01-21T11:54:03+00:00","description":"A cortina de luz cegard\/Mini-CC oferece um aumento significativo do n\u00edvel de prote\u00e7\u00e3o das portas de elevadores gra\u00e7as \u00e0s suas vigas interligadas","breadcrumb":{"@id":"https:\/\/sensoriberia.es\/pt-pt\/producto\/cegard-mini-cc\/#breadcrumb"},"inLanguage":"pt-PT","potentialAction":[{"@type":"ReadAction","target":["https:\/\/sensoriberia.es\/pt-pt\/producto\/cegard-mini-cc\/"]}]},{"@type":"ImageObject","inLanguage":"pt-PT","@id":"https:\/\/sensoriberia.es\/pt-pt\/producto\/cegard-mini-cc\/#primaryimage","url":"https:\/\/sensoriberia.es\/wp-content\/uploads\/2025\/01\/CegardMini-CC.jpg","contentUrl":"https:\/\/sensoriberia.es\/wp-content\/uploads\/2025\/01\/CegardMini-CC.jpg","width":1800,"height":1200},{"@type":"BreadcrumbList","@id":"https:\/\/sensoriberia.es\/pt-pt\/producto\/cegard-mini-cc\/#breadcrumb","itemListElement":[{"@type":"ListItem","position":1,"name":"Portada","item":"https:\/\/sensoriberia.es\/pt-pt\/"},{"@type":"ListItem","position":2,"name":"Produtos","item":"https:\/\/sensoriberia.es\/pt-pt\/produtos-de-seguranca\/"},{"@type":"ListItem","position":3,"name":"Cegard\/Mini-CC"}]},{"@type":"WebSite","@id":"https:\/\/sensoriberia.es\/pt-pt\/#website","url":"https:\/\/sensoriberia.es\/pt-pt\/","name":"Sensor Iberia","description":"Distribuidor de sensores fotoel&eacute;ctricos","publisher":{"@id":"https:\/\/sensoriberia.es\/pt-pt\/#organization"},"potentialAction":[{"@type":"SearchAction","target":{"@type":"EntryPoint","urlTemplate":"https:\/\/sensoriberia.es\/pt-pt\/?s={search_term_string}"},"query-input":{"@type":"PropertyValueSpecification","valueRequired":true,"valueName":"search_term_string"}}],"inLanguage":"pt-PT"},{"@type":"Organization","@id":"https:\/\/sensoriberia.es\/pt-pt\/#organization","name":"Sensor Components, S.L.","url":"https:\/\/sensoriberia.es\/pt-pt\/","logo":{"@type":"ImageObject","inLanguage":"pt-PT","@id":"https:\/\/sensoriberia.es\/pt-pt\/#\/schema\/logo\/image\/","url":"https:\/\/sensoriberia.es\/wp-content\/uploads\/2017\/06\/Solo-logo-sensor4.png","contentUrl":"https:\/\/sensoriberia.es\/wp-content\/uploads\/2017\/06\/Solo-logo-sensor4.png","width":607,"height":297,"caption":"Sensor Components, S.L."},"image":{"@id":"https:\/\/sensoriberia.es\/pt-pt\/#\/schema\/logo\/image\/"},"sameAs":["https:\/\/www.linkedin.com\/in\/marti-sensoriberia\/"]}]}},"_links":{"self":[{"href":"https:\/\/sensoriberia.es\/pt-pt\/wp-json\/wp\/v2\/product\/14405","targetHints":{"allow":["GET"]}}],"collection":[{"href":"https:\/\/sensoriberia.es\/pt-pt\/wp-json\/wp\/v2\/product"}],"about":[{"href":"https:\/\/sensoriberia.es\/pt-pt\/wp-json\/wp\/v2\/types\/product"}],"replies":[{"embeddable":true,"href":"https:\/\/sensoriberia.es\/pt-pt\/wp-json\/wp\/v2\/comments?post=14405"}],"wp:featuredmedia":[{"embeddable":true,"href":"https:\/\/sensoriberia.es\/pt-pt\/wp-json\/wp\/v2\/media\/14386"}],"wp:attachment":[{"href":"https:\/\/sensoriberia.es\/pt-pt\/wp-json\/wp\/v2\/media?parent=14405"}],"wp:term":[{"taxonomy":"product_brand","embeddable":true,"href":"https:\/\/sensoriberia.es\/pt-pt\/wp-json\/wp\/v2\/product_brand?post=14405"},{"taxonomy":"product_cat","embeddable":true,"href":"https:\/\/sensoriberia.es\/pt-pt\/wp-json\/wp\/v2\/product_cat?post=14405"},{"taxonomy":"product_tag","embeddable":true,"href":"https:\/\/sensoriberia.es\/pt-pt\/wp-json\/wp\/v2\/product_tag?post=14405"}],"curies":[{"name":"wp","href":"https:\/\/api.w.org\/{rel}","templated":true}]}}