{"id":14416,"date":"2025-01-21T12:28:02","date_gmt":"2025-01-21T12:28:02","guid":{"rendered":"https:\/\/sensoriberia.es\/producto\/gridscan-mini\/"},"modified":"2025-01-21T12:36:59","modified_gmt":"2025-01-21T12:36:59","slug":"gridscan-mini","status":"publish","type":"product","link":"https:\/\/sensoriberia.es\/pt-pt\/producto\/gridscan-mini\/","title":{"rendered":"GridScan\/Mini"},"content":{"rendered":"<p>A GridScan\/Mini \u00e9 uma cortina \u00f3tica de seguran\u00e7a extremamente compacta da Cedes, com certifica\u00e7\u00e3o SIL 2.<\/p>\n<p>Dispon\u00edvel em 2.000mm (refer\u00eancia 113 264) e 2.500mm (refer\u00eancia 113. 262).<\/p>\n<p>A sua fun\u00e7\u00e3o de fecho de porta permite-lhe ser integrada no design da porta. O sistema com sa\u00edda FSS est\u00e1 em conformidade com a norma EN 13849-1 Cat. 2 sem testes.<\/p>\n","protected":false},"excerpt":{"rendered":"<p>A GridScan\/Mini \u00e9 uma cortina \u00f3tica de seguran\u00e7a extremamente compacta da Cedes, com certifica\u00e7\u00e3o SIL 2. Dispon\u00edvel em 2.000mm (refer\u00eancia 113 264) e 2.500mm (refer\u00eancia 113. 262). A sua fun\u00e7\u00e3o de fecho de porta permite-lhe ser integrada no design da porta. O sistema com sa\u00edda FSS est\u00e1 em conformidade com a norma EN 13849-1 Cat. [&hellip;]<\/p>\n","protected":false},"featured_media":14392,"comment_status":"closed","ping_status":"closed","template":"","meta":[],"product_brand":[],"product_cat":[174,173,153,191,180,181,159],"product_tag":[],"class_list":{"0":"post-14416","1":"product","2":"type-product","3":"status-publish","4":"has-post-thumbnail","6":"product_cat-acessorios-2","7":"product_cat-acessorios","8":"product_cat-automacao-de-entrada","9":"product_cat-barreiras-de-luz","10":"product_cat-cortinas-de-luz-pt-2","11":"product_cat-cortinas-de-luz-pt","12":"product_cat-elevadores-e-escadas-rolantes","14":"first","15":"instock","16":"taxable","17":"shipping-taxable","18":"product-type-simple"},"yoast_head":"<!-- This site is optimized with the Yoast SEO plugin v27.4 - https:\/\/yoast.com\/product\/yoast-seo-wordpress\/ -->\n<title>GridScan\/Mini - SensorIberia<\/title>\n<meta name=\"description\" content=\"A GridScan\/Mini \u00e9 uma cortina \u00f3tica de seguran\u00e7a extremamente compacta da Cedes. Dispon\u00edvel em 2.000mm (refer\u00eancia 113 264) e 2.500mm (refer\u00eancia 113. 262)\" \/>\n<meta name=\"robots\" content=\"index, follow, max-snippet:-1, max-image-preview:large, max-video-preview:-1\" \/>\n<link rel=\"canonical\" href=\"https:\/\/sensoriberia.es\/pt-pt\/producto\/gridscan-mini\/\" \/>\n<meta property=\"og:locale\" content=\"pt_PT\" \/>\n<meta property=\"og:type\" content=\"article\" \/>\n<meta property=\"og:title\" content=\"GridScan\/Mini - SensorIberia\" \/>\n<meta property=\"og:description\" content=\"A GridScan\/Mini \u00e9 uma cortina \u00f3tica de seguran\u00e7a extremamente compacta da Cedes. Dispon\u00edvel em 2.000mm (refer\u00eancia 113 264) e 2.500mm (refer\u00eancia 113. 262)\" \/>\n<meta property=\"og:url\" content=\"https:\/\/sensoriberia.es\/pt-pt\/producto\/gridscan-mini\/\" \/>\n<meta property=\"og:site_name\" content=\"SensorIberia\" \/>\n<meta property=\"article:modified_time\" content=\"2025-01-21T12:36:59+00:00\" \/>\n<meta property=\"og:image\" content=\"https:\/\/sensoriberia.es\/wp-content\/uploads\/2025\/01\/Gridscan_mini-scaled.jpeg\" \/>\n\t<meta property=\"og:image:width\" content=\"2560\" \/>\n\t<meta property=\"og:image:height\" content=\"2356\" \/>\n\t<meta property=\"og:image:type\" content=\"image\/jpeg\" \/>\n<meta name=\"twitter:card\" content=\"summary_large_image\" \/>\n<meta name=\"twitter:label1\" content=\"Tempo estimado de leitura\" \/>\n\t<meta name=\"twitter:data1\" content=\"1 minuto\" \/>\n<script type=\"application\/ld+json\" class=\"yoast-schema-graph\">{\"@context\":\"https:\\\/\\\/schema.org\",\"@graph\":[{\"@type\":\"WebPage\",\"@id\":\"https:\\\/\\\/sensoriberia.es\\\/pt-pt\\\/producto\\\/gridscan-mini\\\/\",\"url\":\"https:\\\/\\\/sensoriberia.es\\\/pt-pt\\\/producto\\\/gridscan-mini\\\/\",\"name\":\"GridScan\\\/Mini - SensorIberia\",\"isPartOf\":{\"@id\":\"https:\\\/\\\/sensoriberia.es\\\/pt-pt\\\/#website\"},\"primaryImageOfPage\":{\"@id\":\"https:\\\/\\\/sensoriberia.es\\\/pt-pt\\\/producto\\\/gridscan-mini\\\/#primaryimage\"},\"image\":{\"@id\":\"https:\\\/\\\/sensoriberia.es\\\/pt-pt\\\/producto\\\/gridscan-mini\\\/#primaryimage\"},\"thumbnailUrl\":\"https:\\\/\\\/sensoriberia.es\\\/wp-content\\\/uploads\\\/2025\\\/01\\\/Gridscan_mini-scaled.jpeg\",\"datePublished\":\"2025-01-21T12:28:02+00:00\",\"dateModified\":\"2025-01-21T12:36:59+00:00\",\"description\":\"A GridScan\\\/Mini \u00e9 uma cortina \u00f3tica de seguran\u00e7a extremamente compacta da Cedes. Dispon\u00edvel em 2.000mm (refer\u00eancia 113 264) e 2.500mm (refer\u00eancia 113. 262)\",\"breadcrumb\":{\"@id\":\"https:\\\/\\\/sensoriberia.es\\\/pt-pt\\\/producto\\\/gridscan-mini\\\/#breadcrumb\"},\"inLanguage\":\"pt-PT\",\"potentialAction\":[{\"@type\":\"ReadAction\",\"target\":[\"https:\\\/\\\/sensoriberia.es\\\/pt-pt\\\/producto\\\/gridscan-mini\\\/\"]}]},{\"@type\":\"ImageObject\",\"inLanguage\":\"pt-PT\",\"@id\":\"https:\\\/\\\/sensoriberia.es\\\/pt-pt\\\/producto\\\/gridscan-mini\\\/#primaryimage\",\"url\":\"https:\\\/\\\/sensoriberia.es\\\/wp-content\\\/uploads\\\/2025\\\/01\\\/Gridscan_mini-scaled.jpeg\",\"contentUrl\":\"https:\\\/\\\/sensoriberia.es\\\/wp-content\\\/uploads\\\/2025\\\/01\\\/Gridscan_mini-scaled.jpeg\",\"width\":2560,\"height\":2356,\"caption\":\"113 262 2500mm113 264 2000mm\"},{\"@type\":\"BreadcrumbList\",\"@id\":\"https:\\\/\\\/sensoriberia.es\\\/pt-pt\\\/producto\\\/gridscan-mini\\\/#breadcrumb\",\"itemListElement\":[{\"@type\":\"ListItem\",\"position\":1,\"name\":\"Portada\",\"item\":\"https:\\\/\\\/sensoriberia.es\\\/pt-pt\\\/\"},{\"@type\":\"ListItem\",\"position\":2,\"name\":\"Produtos\",\"item\":\"https:\\\/\\\/sensoriberia.es\\\/pt-pt\\\/produtos-de-seguranca\\\/\"},{\"@type\":\"ListItem\",\"position\":3,\"name\":\"GridScan\\\/Mini\"}]},{\"@type\":\"WebSite\",\"@id\":\"https:\\\/\\\/sensoriberia.es\\\/pt-pt\\\/#website\",\"url\":\"https:\\\/\\\/sensoriberia.es\\\/pt-pt\\\/\",\"name\":\"Sensor Iberia\",\"description\":\"Distribuidor de sensores fotoel&eacute;ctricos\",\"publisher\":{\"@id\":\"https:\\\/\\\/sensoriberia.es\\\/pt-pt\\\/#organization\"},\"potentialAction\":[{\"@type\":\"SearchAction\",\"target\":{\"@type\":\"EntryPoint\",\"urlTemplate\":\"https:\\\/\\\/sensoriberia.es\\\/pt-pt\\\/?s={search_term_string}\"},\"query-input\":{\"@type\":\"PropertyValueSpecification\",\"valueRequired\":true,\"valueName\":\"search_term_string\"}}],\"inLanguage\":\"pt-PT\"},{\"@type\":\"Organization\",\"@id\":\"https:\\\/\\\/sensoriberia.es\\\/pt-pt\\\/#organization\",\"name\":\"Sensor Components, S.L.\",\"url\":\"https:\\\/\\\/sensoriberia.es\\\/pt-pt\\\/\",\"logo\":{\"@type\":\"ImageObject\",\"inLanguage\":\"pt-PT\",\"@id\":\"https:\\\/\\\/sensoriberia.es\\\/pt-pt\\\/#\\\/schema\\\/logo\\\/image\\\/\",\"url\":\"https:\\\/\\\/sensoriberia.es\\\/wp-content\\\/uploads\\\/2017\\\/06\\\/Solo-logo-sensor4.png\",\"contentUrl\":\"https:\\\/\\\/sensoriberia.es\\\/wp-content\\\/uploads\\\/2017\\\/06\\\/Solo-logo-sensor4.png\",\"width\":607,\"height\":297,\"caption\":\"Sensor Components, S.L.\"},\"image\":{\"@id\":\"https:\\\/\\\/sensoriberia.es\\\/pt-pt\\\/#\\\/schema\\\/logo\\\/image\\\/\"},\"sameAs\":[\"https:\\\/\\\/www.linkedin.com\\\/in\\\/marti-sensoriberia\\\/\"]}]}<\/script>\n<!-- \/ Yoast SEO plugin. -->","yoast_head_json":{"title":"GridScan\/Mini - SensorIberia","description":"A GridScan\/Mini \u00e9 uma cortina \u00f3tica de seguran\u00e7a extremamente compacta da Cedes. Dispon\u00edvel em 2.000mm (refer\u00eancia 113 264) e 2.500mm (refer\u00eancia 113. 262)","robots":{"index":"index","follow":"follow","max-snippet":"max-snippet:-1","max-image-preview":"max-image-preview:large","max-video-preview":"max-video-preview:-1"},"canonical":"https:\/\/sensoriberia.es\/pt-pt\/producto\/gridscan-mini\/","og_locale":"pt_PT","og_type":"article","og_title":"GridScan\/Mini - SensorIberia","og_description":"A GridScan\/Mini \u00e9 uma cortina \u00f3tica de seguran\u00e7a extremamente compacta da Cedes. Dispon\u00edvel em 2.000mm (refer\u00eancia 113 264) e 2.500mm (refer\u00eancia 113. 262)","og_url":"https:\/\/sensoriberia.es\/pt-pt\/producto\/gridscan-mini\/","og_site_name":"SensorIberia","article_modified_time":"2025-01-21T12:36:59+00:00","og_image":[{"width":2560,"height":2356,"url":"https:\/\/sensoriberia.es\/wp-content\/uploads\/2025\/01\/Gridscan_mini-scaled.jpeg","type":"image\/jpeg"}],"twitter_card":"summary_large_image","twitter_misc":{"Tempo estimado de leitura":"1 minuto"},"schema":{"@context":"https:\/\/schema.org","@graph":[{"@type":"WebPage","@id":"https:\/\/sensoriberia.es\/pt-pt\/producto\/gridscan-mini\/","url":"https:\/\/sensoriberia.es\/pt-pt\/producto\/gridscan-mini\/","name":"GridScan\/Mini - SensorIberia","isPartOf":{"@id":"https:\/\/sensoriberia.es\/pt-pt\/#website"},"primaryImageOfPage":{"@id":"https:\/\/sensoriberia.es\/pt-pt\/producto\/gridscan-mini\/#primaryimage"},"image":{"@id":"https:\/\/sensoriberia.es\/pt-pt\/producto\/gridscan-mini\/#primaryimage"},"thumbnailUrl":"https:\/\/sensoriberia.es\/wp-content\/uploads\/2025\/01\/Gridscan_mini-scaled.jpeg","datePublished":"2025-01-21T12:28:02+00:00","dateModified":"2025-01-21T12:36:59+00:00","description":"A GridScan\/Mini \u00e9 uma cortina \u00f3tica de seguran\u00e7a extremamente compacta da Cedes. Dispon\u00edvel em 2.000mm (refer\u00eancia 113 264) e 2.500mm (refer\u00eancia 113. 262)","breadcrumb":{"@id":"https:\/\/sensoriberia.es\/pt-pt\/producto\/gridscan-mini\/#breadcrumb"},"inLanguage":"pt-PT","potentialAction":[{"@type":"ReadAction","target":["https:\/\/sensoriberia.es\/pt-pt\/producto\/gridscan-mini\/"]}]},{"@type":"ImageObject","inLanguage":"pt-PT","@id":"https:\/\/sensoriberia.es\/pt-pt\/producto\/gridscan-mini\/#primaryimage","url":"https:\/\/sensoriberia.es\/wp-content\/uploads\/2025\/01\/Gridscan_mini-scaled.jpeg","contentUrl":"https:\/\/sensoriberia.es\/wp-content\/uploads\/2025\/01\/Gridscan_mini-scaled.jpeg","width":2560,"height":2356,"caption":"113 262 2500mm113 264 2000mm"},{"@type":"BreadcrumbList","@id":"https:\/\/sensoriberia.es\/pt-pt\/producto\/gridscan-mini\/#breadcrumb","itemListElement":[{"@type":"ListItem","position":1,"name":"Portada","item":"https:\/\/sensoriberia.es\/pt-pt\/"},{"@type":"ListItem","position":2,"name":"Produtos","item":"https:\/\/sensoriberia.es\/pt-pt\/produtos-de-seguranca\/"},{"@type":"ListItem","position":3,"name":"GridScan\/Mini"}]},{"@type":"WebSite","@id":"https:\/\/sensoriberia.es\/pt-pt\/#website","url":"https:\/\/sensoriberia.es\/pt-pt\/","name":"Sensor Iberia","description":"Distribuidor de sensores fotoel&eacute;ctricos","publisher":{"@id":"https:\/\/sensoriberia.es\/pt-pt\/#organization"},"potentialAction":[{"@type":"SearchAction","target":{"@type":"EntryPoint","urlTemplate":"https:\/\/sensoriberia.es\/pt-pt\/?s={search_term_string}"},"query-input":{"@type":"PropertyValueSpecification","valueRequired":true,"valueName":"search_term_string"}}],"inLanguage":"pt-PT"},{"@type":"Organization","@id":"https:\/\/sensoriberia.es\/pt-pt\/#organization","name":"Sensor Components, S.L.","url":"https:\/\/sensoriberia.es\/pt-pt\/","logo":{"@type":"ImageObject","inLanguage":"pt-PT","@id":"https:\/\/sensoriberia.es\/pt-pt\/#\/schema\/logo\/image\/","url":"https:\/\/sensoriberia.es\/wp-content\/uploads\/2017\/06\/Solo-logo-sensor4.png","contentUrl":"https:\/\/sensoriberia.es\/wp-content\/uploads\/2017\/06\/Solo-logo-sensor4.png","width":607,"height":297,"caption":"Sensor Components, S.L."},"image":{"@id":"https:\/\/sensoriberia.es\/pt-pt\/#\/schema\/logo\/image\/"},"sameAs":["https:\/\/www.linkedin.com\/in\/marti-sensoriberia\/"]}]}},"_links":{"self":[{"href":"https:\/\/sensoriberia.es\/pt-pt\/wp-json\/wp\/v2\/product\/14416","targetHints":{"allow":["GET"]}}],"collection":[{"href":"https:\/\/sensoriberia.es\/pt-pt\/wp-json\/wp\/v2\/product"}],"about":[{"href":"https:\/\/sensoriberia.es\/pt-pt\/wp-json\/wp\/v2\/types\/product"}],"replies":[{"embeddable":true,"href":"https:\/\/sensoriberia.es\/pt-pt\/wp-json\/wp\/v2\/comments?post=14416"}],"wp:featuredmedia":[{"embeddable":true,"href":"https:\/\/sensoriberia.es\/pt-pt\/wp-json\/wp\/v2\/media\/14392"}],"wp:attachment":[{"href":"https:\/\/sensoriberia.es\/pt-pt\/wp-json\/wp\/v2\/media?parent=14416"}],"wp:term":[{"taxonomy":"product_brand","embeddable":true,"href":"https:\/\/sensoriberia.es\/pt-pt\/wp-json\/wp\/v2\/product_brand?post=14416"},{"taxonomy":"product_cat","embeddable":true,"href":"https:\/\/sensoriberia.es\/pt-pt\/wp-json\/wp\/v2\/product_cat?post=14416"},{"taxonomy":"product_tag","embeddable":true,"href":"https:\/\/sensoriberia.es\/pt-pt\/wp-json\/wp\/v2\/product_tag?post=14416"}],"curies":[{"name":"wp","href":"https:\/\/api.w.org\/{rel}","templated":true}]}}