{"id":14421,"date":"2025-01-21T12:48:17","date_gmt":"2025-01-21T12:48:17","guid":{"rendered":"https:\/\/sensoriberia.es\/producto\/gridscan-mini-sr\/"},"modified":"2025-01-21T13:00:41","modified_gmt":"2025-01-21T13:00:41","slug":"gridscan-mini-sr","status":"publish","type":"product","link":"https:\/\/sensoriberia.es\/pt-pt\/producto\/gridscan-mini-sr\/","title":{"rendered":"GridScan\/Mini SR"},"content":{"rendered":"<p>O GridScan\/Mini-SR tem a sua aplica\u00e7\u00e3o em medidas de prote\u00e7\u00e3o para entradas de plataformas elevat\u00f3rias.<\/p>\n<p>\u00c9 certificado pela EN ISO 13849-1 e cumpre a categoria de seguran\u00e7a 2 e o n\u00edvel de desempenho D sem a necessidade de um teste pelo controlador do elevador.<\/p>\n","protected":false},"excerpt":{"rendered":"<p>O GridScan\/Mini-SR tem a sua aplica\u00e7\u00e3o em medidas de prote\u00e7\u00e3o para entradas de plataformas elevat\u00f3rias. \u00c9 certificado pela EN ISO 13849-1 e cumpre a categoria de seguran\u00e7a 2 e o n\u00edvel de desempenho D sem a necessidade de um teste pelo controlador do elevador.<\/p>\n","protected":false},"featured_media":14395,"comment_status":"closed","ping_status":"closed","template":"","meta":[],"product_brand":[],"product_cat":[173,174,153,191,181,180,159],"product_tag":[],"class_list":{"0":"post-14421","1":"product","2":"type-product","3":"status-publish","4":"has-post-thumbnail","6":"product_cat-acessorios","7":"product_cat-acessorios-2","8":"product_cat-automacao-de-entrada","9":"product_cat-barreiras-de-luz","10":"product_cat-cortinas-de-luz-pt","11":"product_cat-cortinas-de-luz-pt-2","12":"product_cat-elevadores-e-escadas-rolantes","14":"first","15":"instock","16":"taxable","17":"shipping-taxable","18":"product-type-simple"},"yoast_head":"<!-- This site is optimized with the Yoast SEO plugin v27.4 - https:\/\/yoast.com\/product\/yoast-seo-wordpress\/ -->\n<title>GridScan\/Mini SR - SensorIberia<\/title>\n<meta name=\"description\" content=\"O GridScan\/Mini-SR tem a sua aplica\u00e7\u00e3o em medidas de prote\u00e7\u00e3o para entradas de plataformas elevat\u00f3rias.\u00c9 certificado pela EN ISO 13849-1 e cumpre a\" \/>\n<meta name=\"robots\" content=\"index, follow, max-snippet:-1, max-image-preview:large, max-video-preview:-1\" \/>\n<link rel=\"canonical\" href=\"https:\/\/sensoriberia.es\/pt-pt\/producto\/gridscan-mini-sr\/\" \/>\n<meta property=\"og:locale\" content=\"pt_PT\" \/>\n<meta property=\"og:type\" content=\"article\" \/>\n<meta property=\"og:title\" content=\"GridScan\/Mini SR - SensorIberia\" \/>\n<meta property=\"og:description\" content=\"O GridScan\/Mini-SR tem a sua aplica\u00e7\u00e3o em medidas de prote\u00e7\u00e3o para entradas de plataformas elevat\u00f3rias.\u00c9 certificado pela EN ISO 13849-1 e cumpre a\" \/>\n<meta property=\"og:url\" content=\"https:\/\/sensoriberia.es\/pt-pt\/producto\/gridscan-mini-sr\/\" \/>\n<meta property=\"og:site_name\" content=\"SensorIberia\" \/>\n<meta property=\"article:modified_time\" content=\"2025-01-21T13:00:41+00:00\" \/>\n<meta property=\"og:image\" content=\"https:\/\/sensoriberia.es\/wp-content\/uploads\/2025\/01\/Gridscan-mini-SR.jpg\" \/>\n\t<meta property=\"og:image:width\" content=\"1800\" \/>\n\t<meta property=\"og:image:height\" content=\"1200\" \/>\n\t<meta property=\"og:image:type\" content=\"image\/jpeg\" \/>\n<meta name=\"twitter:card\" content=\"summary_large_image\" \/>\n<meta name=\"twitter:label1\" content=\"Tempo estimado de leitura\" \/>\n\t<meta name=\"twitter:data1\" content=\"1 minuto\" \/>\n<script type=\"application\/ld+json\" class=\"yoast-schema-graph\">{\"@context\":\"https:\\\/\\\/schema.org\",\"@graph\":[{\"@type\":\"WebPage\",\"@id\":\"https:\\\/\\\/sensoriberia.es\\\/pt-pt\\\/producto\\\/gridscan-mini-sr\\\/\",\"url\":\"https:\\\/\\\/sensoriberia.es\\\/pt-pt\\\/producto\\\/gridscan-mini-sr\\\/\",\"name\":\"GridScan\\\/Mini SR - SensorIberia\",\"isPartOf\":{\"@id\":\"https:\\\/\\\/sensoriberia.es\\\/pt-pt\\\/#website\"},\"primaryImageOfPage\":{\"@id\":\"https:\\\/\\\/sensoriberia.es\\\/pt-pt\\\/producto\\\/gridscan-mini-sr\\\/#primaryimage\"},\"image\":{\"@id\":\"https:\\\/\\\/sensoriberia.es\\\/pt-pt\\\/producto\\\/gridscan-mini-sr\\\/#primaryimage\"},\"thumbnailUrl\":\"https:\\\/\\\/sensoriberia.es\\\/wp-content\\\/uploads\\\/2025\\\/01\\\/Gridscan-mini-SR.jpg\",\"datePublished\":\"2025-01-21T12:48:17+00:00\",\"dateModified\":\"2025-01-21T13:00:41+00:00\",\"description\":\"O GridScan\\\/Mini-SR tem a sua aplica\u00e7\u00e3o em medidas de prote\u00e7\u00e3o para entradas de plataformas elevat\u00f3rias.\u00c9 certificado pela EN ISO 13849-1 e cumpre a\",\"breadcrumb\":{\"@id\":\"https:\\\/\\\/sensoriberia.es\\\/pt-pt\\\/producto\\\/gridscan-mini-sr\\\/#breadcrumb\"},\"inLanguage\":\"pt-PT\",\"potentialAction\":[{\"@type\":\"ReadAction\",\"target\":[\"https:\\\/\\\/sensoriberia.es\\\/pt-pt\\\/producto\\\/gridscan-mini-sr\\\/\"]}]},{\"@type\":\"ImageObject\",\"inLanguage\":\"pt-PT\",\"@id\":\"https:\\\/\\\/sensoriberia.es\\\/pt-pt\\\/producto\\\/gridscan-mini-sr\\\/#primaryimage\",\"url\":\"https:\\\/\\\/sensoriberia.es\\\/wp-content\\\/uploads\\\/2025\\\/01\\\/Gridscan-mini-SR.jpg\",\"contentUrl\":\"https:\\\/\\\/sensoriberia.es\\\/wp-content\\\/uploads\\\/2025\\\/01\\\/Gridscan-mini-SR.jpg\",\"width\":1800,\"height\":1200,\"caption\":\"El GridScan\\\/Mini-SR tiene su aplicaci\u00f3n en medidas de protecci\u00f3n para las entradas a los ascensores de plataforma.Adem\u00e1s cuenta con certificaci\u00f3n EN ISO 13849-1 y cumple con la categor\u00eda de seguridad 2 y el nivel de rendimiento\"},{\"@type\":\"BreadcrumbList\",\"@id\":\"https:\\\/\\\/sensoriberia.es\\\/pt-pt\\\/producto\\\/gridscan-mini-sr\\\/#breadcrumb\",\"itemListElement\":[{\"@type\":\"ListItem\",\"position\":1,\"name\":\"Portada\",\"item\":\"https:\\\/\\\/sensoriberia.es\\\/pt-pt\\\/\"},{\"@type\":\"ListItem\",\"position\":2,\"name\":\"Produtos\",\"item\":\"https:\\\/\\\/sensoriberia.es\\\/pt-pt\\\/produtos-de-seguranca\\\/\"},{\"@type\":\"ListItem\",\"position\":3,\"name\":\"GridScan\\\/Mini SR\"}]},{\"@type\":\"WebSite\",\"@id\":\"https:\\\/\\\/sensoriberia.es\\\/pt-pt\\\/#website\",\"url\":\"https:\\\/\\\/sensoriberia.es\\\/pt-pt\\\/\",\"name\":\"Sensor Iberia\",\"description\":\"Distribuidor de sensores fotoel&eacute;ctricos\",\"publisher\":{\"@id\":\"https:\\\/\\\/sensoriberia.es\\\/pt-pt\\\/#organization\"},\"potentialAction\":[{\"@type\":\"SearchAction\",\"target\":{\"@type\":\"EntryPoint\",\"urlTemplate\":\"https:\\\/\\\/sensoriberia.es\\\/pt-pt\\\/?s={search_term_string}\"},\"query-input\":{\"@type\":\"PropertyValueSpecification\",\"valueRequired\":true,\"valueName\":\"search_term_string\"}}],\"inLanguage\":\"pt-PT\"},{\"@type\":\"Organization\",\"@id\":\"https:\\\/\\\/sensoriberia.es\\\/pt-pt\\\/#organization\",\"name\":\"Sensor Components, S.L.\",\"url\":\"https:\\\/\\\/sensoriberia.es\\\/pt-pt\\\/\",\"logo\":{\"@type\":\"ImageObject\",\"inLanguage\":\"pt-PT\",\"@id\":\"https:\\\/\\\/sensoriberia.es\\\/pt-pt\\\/#\\\/schema\\\/logo\\\/image\\\/\",\"url\":\"https:\\\/\\\/sensoriberia.es\\\/wp-content\\\/uploads\\\/2017\\\/06\\\/Solo-logo-sensor4.png\",\"contentUrl\":\"https:\\\/\\\/sensoriberia.es\\\/wp-content\\\/uploads\\\/2017\\\/06\\\/Solo-logo-sensor4.png\",\"width\":607,\"height\":297,\"caption\":\"Sensor Components, S.L.\"},\"image\":{\"@id\":\"https:\\\/\\\/sensoriberia.es\\\/pt-pt\\\/#\\\/schema\\\/logo\\\/image\\\/\"},\"sameAs\":[\"https:\\\/\\\/www.linkedin.com\\\/in\\\/marti-sensoriberia\\\/\"]}]}<\/script>\n<!-- \/ Yoast SEO plugin. -->","yoast_head_json":{"title":"GridScan\/Mini SR - SensorIberia","description":"O GridScan\/Mini-SR tem a sua aplica\u00e7\u00e3o em medidas de prote\u00e7\u00e3o para entradas de plataformas elevat\u00f3rias.\u00c9 certificado pela EN ISO 13849-1 e cumpre a","robots":{"index":"index","follow":"follow","max-snippet":"max-snippet:-1","max-image-preview":"max-image-preview:large","max-video-preview":"max-video-preview:-1"},"canonical":"https:\/\/sensoriberia.es\/pt-pt\/producto\/gridscan-mini-sr\/","og_locale":"pt_PT","og_type":"article","og_title":"GridScan\/Mini SR - SensorIberia","og_description":"O GridScan\/Mini-SR tem a sua aplica\u00e7\u00e3o em medidas de prote\u00e7\u00e3o para entradas de plataformas elevat\u00f3rias.\u00c9 certificado pela EN ISO 13849-1 e cumpre a","og_url":"https:\/\/sensoriberia.es\/pt-pt\/producto\/gridscan-mini-sr\/","og_site_name":"SensorIberia","article_modified_time":"2025-01-21T13:00:41+00:00","og_image":[{"width":1800,"height":1200,"url":"https:\/\/sensoriberia.es\/wp-content\/uploads\/2025\/01\/Gridscan-mini-SR.jpg","type":"image\/jpeg"}],"twitter_card":"summary_large_image","twitter_misc":{"Tempo estimado de leitura":"1 minuto"},"schema":{"@context":"https:\/\/schema.org","@graph":[{"@type":"WebPage","@id":"https:\/\/sensoriberia.es\/pt-pt\/producto\/gridscan-mini-sr\/","url":"https:\/\/sensoriberia.es\/pt-pt\/producto\/gridscan-mini-sr\/","name":"GridScan\/Mini SR - SensorIberia","isPartOf":{"@id":"https:\/\/sensoriberia.es\/pt-pt\/#website"},"primaryImageOfPage":{"@id":"https:\/\/sensoriberia.es\/pt-pt\/producto\/gridscan-mini-sr\/#primaryimage"},"image":{"@id":"https:\/\/sensoriberia.es\/pt-pt\/producto\/gridscan-mini-sr\/#primaryimage"},"thumbnailUrl":"https:\/\/sensoriberia.es\/wp-content\/uploads\/2025\/01\/Gridscan-mini-SR.jpg","datePublished":"2025-01-21T12:48:17+00:00","dateModified":"2025-01-21T13:00:41+00:00","description":"O GridScan\/Mini-SR tem a sua aplica\u00e7\u00e3o em medidas de prote\u00e7\u00e3o para entradas de plataformas elevat\u00f3rias.\u00c9 certificado pela EN ISO 13849-1 e cumpre a","breadcrumb":{"@id":"https:\/\/sensoriberia.es\/pt-pt\/producto\/gridscan-mini-sr\/#breadcrumb"},"inLanguage":"pt-PT","potentialAction":[{"@type":"ReadAction","target":["https:\/\/sensoriberia.es\/pt-pt\/producto\/gridscan-mini-sr\/"]}]},{"@type":"ImageObject","inLanguage":"pt-PT","@id":"https:\/\/sensoriberia.es\/pt-pt\/producto\/gridscan-mini-sr\/#primaryimage","url":"https:\/\/sensoriberia.es\/wp-content\/uploads\/2025\/01\/Gridscan-mini-SR.jpg","contentUrl":"https:\/\/sensoriberia.es\/wp-content\/uploads\/2025\/01\/Gridscan-mini-SR.jpg","width":1800,"height":1200,"caption":"El GridScan\/Mini-SR tiene su aplicaci\u00f3n en medidas de protecci\u00f3n para las entradas a los ascensores de plataforma.Adem\u00e1s cuenta con certificaci\u00f3n EN ISO 13849-1 y cumple con la categor\u00eda de seguridad 2 y el nivel de rendimiento"},{"@type":"BreadcrumbList","@id":"https:\/\/sensoriberia.es\/pt-pt\/producto\/gridscan-mini-sr\/#breadcrumb","itemListElement":[{"@type":"ListItem","position":1,"name":"Portada","item":"https:\/\/sensoriberia.es\/pt-pt\/"},{"@type":"ListItem","position":2,"name":"Produtos","item":"https:\/\/sensoriberia.es\/pt-pt\/produtos-de-seguranca\/"},{"@type":"ListItem","position":3,"name":"GridScan\/Mini SR"}]},{"@type":"WebSite","@id":"https:\/\/sensoriberia.es\/pt-pt\/#website","url":"https:\/\/sensoriberia.es\/pt-pt\/","name":"Sensor Iberia","description":"Distribuidor de sensores fotoel&eacute;ctricos","publisher":{"@id":"https:\/\/sensoriberia.es\/pt-pt\/#organization"},"potentialAction":[{"@type":"SearchAction","target":{"@type":"EntryPoint","urlTemplate":"https:\/\/sensoriberia.es\/pt-pt\/?s={search_term_string}"},"query-input":{"@type":"PropertyValueSpecification","valueRequired":true,"valueName":"search_term_string"}}],"inLanguage":"pt-PT"},{"@type":"Organization","@id":"https:\/\/sensoriberia.es\/pt-pt\/#organization","name":"Sensor Components, S.L.","url":"https:\/\/sensoriberia.es\/pt-pt\/","logo":{"@type":"ImageObject","inLanguage":"pt-PT","@id":"https:\/\/sensoriberia.es\/pt-pt\/#\/schema\/logo\/image\/","url":"https:\/\/sensoriberia.es\/wp-content\/uploads\/2017\/06\/Solo-logo-sensor4.png","contentUrl":"https:\/\/sensoriberia.es\/wp-content\/uploads\/2017\/06\/Solo-logo-sensor4.png","width":607,"height":297,"caption":"Sensor Components, S.L."},"image":{"@id":"https:\/\/sensoriberia.es\/pt-pt\/#\/schema\/logo\/image\/"},"sameAs":["https:\/\/www.linkedin.com\/in\/marti-sensoriberia\/"]}]}},"_links":{"self":[{"href":"https:\/\/sensoriberia.es\/pt-pt\/wp-json\/wp\/v2\/product\/14421","targetHints":{"allow":["GET"]}}],"collection":[{"href":"https:\/\/sensoriberia.es\/pt-pt\/wp-json\/wp\/v2\/product"}],"about":[{"href":"https:\/\/sensoriberia.es\/pt-pt\/wp-json\/wp\/v2\/types\/product"}],"replies":[{"embeddable":true,"href":"https:\/\/sensoriberia.es\/pt-pt\/wp-json\/wp\/v2\/comments?post=14421"}],"wp:featuredmedia":[{"embeddable":true,"href":"https:\/\/sensoriberia.es\/pt-pt\/wp-json\/wp\/v2\/media\/14395"}],"wp:attachment":[{"href":"https:\/\/sensoriberia.es\/pt-pt\/wp-json\/wp\/v2\/media?parent=14421"}],"wp:term":[{"taxonomy":"product_brand","embeddable":true,"href":"https:\/\/sensoriberia.es\/pt-pt\/wp-json\/wp\/v2\/product_brand?post=14421"},{"taxonomy":"product_cat","embeddable":true,"href":"https:\/\/sensoriberia.es\/pt-pt\/wp-json\/wp\/v2\/product_cat?post=14421"},{"taxonomy":"product_tag","embeddable":true,"href":"https:\/\/sensoriberia.es\/pt-pt\/wp-json\/wp\/v2\/product_tag?post=14421"}],"curies":[{"name":"wp","href":"https:\/\/api.w.org\/{rel}","templated":true}]}}