{"id":14488,"date":"2025-02-01T20:39:32","date_gmt":"2025-02-01T20:39:32","guid":{"rendered":"https:\/\/sensoriberia.es\/?post_type=product&#038;p=14488"},"modified":"2025-02-01T20:39:32","modified_gmt":"2025-02-01T20:39:32","slug":"tps-210","status":"publish","type":"product","link":"https:\/\/sensoriberia.es\/pt-pt\/producto\/tps-210\/","title":{"rendered":"TPS 210"},"content":{"rendered":"<p>El TPS 210 es un sensor de detecci\u00f3n de direcci\u00f3n basado en tecnolog\u00eda de triangulaci\u00f3n (medici\u00f3n de \u00e1ngulos con infrarrojos).<\/p>\n<p>Tambi\u00e9n se puede utilizar para aplicaciones para contar el flujo de personas.<\/p>\n","protected":false},"excerpt":{"rendered":"<p>El TPS 210 es un sensor de detecci\u00f3n de direcci\u00f3n basado en tecnolog\u00eda de triangulaci\u00f3n (medici\u00f3n de \u00e1ngulos con infrarrojos). Tambi\u00e9n se puede utilizar para aplicaciones para contar el flujo de personas.<\/p>\n","protected":false},"featured_media":14482,"comment_status":"closed","ping_status":"closed","template":"","meta":[],"product_brand":[],"product_cat":[162,169],"product_tag":[],"class_list":{"0":"post-14488","1":"product","2":"type-product","3":"status-publish","4":"has-post-thumbnail","6":"product_cat-sensores-tof-3d","7":"product_cat-sensores-tof-3d-2","9":"first","10":"instock","11":"taxable","12":"shipping-taxable","13":"product-type-simple"},"yoast_head":"<!-- This site is optimized with the Yoast SEO plugin v27.4 - https:\/\/yoast.com\/product\/yoast-seo-wordpress\/ -->\n<title>TPS 210 - SensorIberia<\/title>\n<meta name=\"description\" content=\"El TPS 210 es un sensor CEDES para SENSOR IBERIA de detecci\u00f3n de direcci\u00f3n basado en tecnolog\u00eda de triangulaci\u00f3n (medici\u00f3n de \u00e1ngulos con infrarrojos)\" \/>\n<meta name=\"robots\" content=\"index, follow, max-snippet:-1, max-image-preview:large, max-video-preview:-1\" \/>\n<link rel=\"canonical\" href=\"https:\/\/sensoriberia.es\/pt-pt\/producto\/tps-210\/\" \/>\n<meta property=\"og:locale\" content=\"pt_PT\" \/>\n<meta property=\"og:type\" content=\"article\" \/>\n<meta property=\"og:title\" content=\"TPS 210 - SensorIberia\" \/>\n<meta property=\"og:description\" content=\"El TPS 210 es un sensor CEDES para SENSOR IBERIA de detecci\u00f3n de direcci\u00f3n basado en tecnolog\u00eda de triangulaci\u00f3n (medici\u00f3n de \u00e1ngulos con infrarrojos)\" \/>\n<meta property=\"og:url\" content=\"https:\/\/sensoriberia.es\/pt-pt\/producto\/tps-210\/\" \/>\n<meta property=\"og:site_name\" content=\"SensorIberia\" \/>\n<meta property=\"og:image\" content=\"https:\/\/sensoriberia.es\/wp-content\/uploads\/2025\/02\/TPS-210_-CEDES.jpg\" \/>\n\t<meta property=\"og:image:width\" content=\"1800\" \/>\n\t<meta property=\"og:image:height\" content=\"1200\" \/>\n\t<meta property=\"og:image:type\" content=\"image\/jpeg\" \/>\n<meta name=\"twitter:card\" content=\"summary_large_image\" \/>\n<meta name=\"twitter:label1\" content=\"Tempo estimado de leitura\" \/>\n\t<meta name=\"twitter:data1\" content=\"1 minuto\" \/>\n<script type=\"application\/ld+json\" class=\"yoast-schema-graph\">{\"@context\":\"https:\\\/\\\/schema.org\",\"@graph\":[{\"@type\":\"WebPage\",\"@id\":\"https:\\\/\\\/sensoriberia.es\\\/pt-pt\\\/producto\\\/tps-210\\\/\",\"url\":\"https:\\\/\\\/sensoriberia.es\\\/pt-pt\\\/producto\\\/tps-210\\\/\",\"name\":\"TPS 210 - SensorIberia\",\"isPartOf\":{\"@id\":\"https:\\\/\\\/sensoriberia.es\\\/pt-pt\\\/#website\"},\"primaryImageOfPage\":{\"@id\":\"https:\\\/\\\/sensoriberia.es\\\/pt-pt\\\/producto\\\/tps-210\\\/#primaryimage\"},\"image\":{\"@id\":\"https:\\\/\\\/sensoriberia.es\\\/pt-pt\\\/producto\\\/tps-210\\\/#primaryimage\"},\"thumbnailUrl\":\"https:\\\/\\\/sensoriberia.es\\\/wp-content\\\/uploads\\\/2025\\\/02\\\/TPS-210_-CEDES.jpg\",\"datePublished\":\"2025-02-01T20:39:32+00:00\",\"description\":\"El TPS 210 es un sensor CEDES para SENSOR IBERIA de detecci\u00f3n de direcci\u00f3n basado en tecnolog\u00eda de triangulaci\u00f3n (medici\u00f3n de \u00e1ngulos con infrarrojos)\",\"breadcrumb\":{\"@id\":\"https:\\\/\\\/sensoriberia.es\\\/pt-pt\\\/producto\\\/tps-210\\\/#breadcrumb\"},\"inLanguage\":\"pt-PT\",\"potentialAction\":[{\"@type\":\"ReadAction\",\"target\":[\"https:\\\/\\\/sensoriberia.es\\\/pt-pt\\\/producto\\\/tps-210\\\/\"]}]},{\"@type\":\"ImageObject\",\"inLanguage\":\"pt-PT\",\"@id\":\"https:\\\/\\\/sensoriberia.es\\\/pt-pt\\\/producto\\\/tps-210\\\/#primaryimage\",\"url\":\"https:\\\/\\\/sensoriberia.es\\\/wp-content\\\/uploads\\\/2025\\\/02\\\/TPS-210_-CEDES.jpg\",\"contentUrl\":\"https:\\\/\\\/sensoriberia.es\\\/wp-content\\\/uploads\\\/2025\\\/02\\\/TPS-210_-CEDES.jpg\",\"width\":1800,\"height\":1200,\"caption\":\"Radar con tecnologia de detecci\u00f3n triangular CEDES para SENSORIBERIA\"},{\"@type\":\"BreadcrumbList\",\"@id\":\"https:\\\/\\\/sensoriberia.es\\\/pt-pt\\\/producto\\\/tps-210\\\/#breadcrumb\",\"itemListElement\":[{\"@type\":\"ListItem\",\"position\":1,\"name\":\"Portada\",\"item\":\"https:\\\/\\\/sensoriberia.es\\\/pt-pt\\\/\"},{\"@type\":\"ListItem\",\"position\":2,\"name\":\"Produtos\",\"item\":\"https:\\\/\\\/sensoriberia.es\\\/pt-pt\\\/produtos-de-seguranca\\\/\"},{\"@type\":\"ListItem\",\"position\":3,\"name\":\"TPS 210\"}]},{\"@type\":\"WebSite\",\"@id\":\"https:\\\/\\\/sensoriberia.es\\\/pt-pt\\\/#website\",\"url\":\"https:\\\/\\\/sensoriberia.es\\\/pt-pt\\\/\",\"name\":\"Sensor Iberia\",\"description\":\"Distribuidor de sensores fotoel&eacute;ctricos\",\"publisher\":{\"@id\":\"https:\\\/\\\/sensoriberia.es\\\/pt-pt\\\/#organization\"},\"potentialAction\":[{\"@type\":\"SearchAction\",\"target\":{\"@type\":\"EntryPoint\",\"urlTemplate\":\"https:\\\/\\\/sensoriberia.es\\\/pt-pt\\\/?s={search_term_string}\"},\"query-input\":{\"@type\":\"PropertyValueSpecification\",\"valueRequired\":true,\"valueName\":\"search_term_string\"}}],\"inLanguage\":\"pt-PT\"},{\"@type\":\"Organization\",\"@id\":\"https:\\\/\\\/sensoriberia.es\\\/pt-pt\\\/#organization\",\"name\":\"Sensor Components, S.L.\",\"url\":\"https:\\\/\\\/sensoriberia.es\\\/pt-pt\\\/\",\"logo\":{\"@type\":\"ImageObject\",\"inLanguage\":\"pt-PT\",\"@id\":\"https:\\\/\\\/sensoriberia.es\\\/pt-pt\\\/#\\\/schema\\\/logo\\\/image\\\/\",\"url\":\"https:\\\/\\\/sensoriberia.es\\\/wp-content\\\/uploads\\\/2017\\\/06\\\/Solo-logo-sensor4.png\",\"contentUrl\":\"https:\\\/\\\/sensoriberia.es\\\/wp-content\\\/uploads\\\/2017\\\/06\\\/Solo-logo-sensor4.png\",\"width\":607,\"height\":297,\"caption\":\"Sensor Components, S.L.\"},\"image\":{\"@id\":\"https:\\\/\\\/sensoriberia.es\\\/pt-pt\\\/#\\\/schema\\\/logo\\\/image\\\/\"},\"sameAs\":[\"https:\\\/\\\/www.linkedin.com\\\/in\\\/marti-sensoriberia\\\/\"]}]}<\/script>\n<!-- \/ Yoast SEO plugin. -->","yoast_head_json":{"title":"TPS 210 - SensorIberia","description":"El TPS 210 es un sensor CEDES para SENSOR IBERIA de detecci\u00f3n de direcci\u00f3n basado en tecnolog\u00eda de triangulaci\u00f3n (medici\u00f3n de \u00e1ngulos con infrarrojos)","robots":{"index":"index","follow":"follow","max-snippet":"max-snippet:-1","max-image-preview":"max-image-preview:large","max-video-preview":"max-video-preview:-1"},"canonical":"https:\/\/sensoriberia.es\/pt-pt\/producto\/tps-210\/","og_locale":"pt_PT","og_type":"article","og_title":"TPS 210 - SensorIberia","og_description":"El TPS 210 es un sensor CEDES para SENSOR IBERIA de detecci\u00f3n de direcci\u00f3n basado en tecnolog\u00eda de triangulaci\u00f3n (medici\u00f3n de \u00e1ngulos con infrarrojos)","og_url":"https:\/\/sensoriberia.es\/pt-pt\/producto\/tps-210\/","og_site_name":"SensorIberia","og_image":[{"width":1800,"height":1200,"url":"https:\/\/sensoriberia.es\/wp-content\/uploads\/2025\/02\/TPS-210_-CEDES.jpg","type":"image\/jpeg"}],"twitter_card":"summary_large_image","twitter_misc":{"Tempo estimado de leitura":"1 minuto"},"schema":{"@context":"https:\/\/schema.org","@graph":[{"@type":"WebPage","@id":"https:\/\/sensoriberia.es\/pt-pt\/producto\/tps-210\/","url":"https:\/\/sensoriberia.es\/pt-pt\/producto\/tps-210\/","name":"TPS 210 - SensorIberia","isPartOf":{"@id":"https:\/\/sensoriberia.es\/pt-pt\/#website"},"primaryImageOfPage":{"@id":"https:\/\/sensoriberia.es\/pt-pt\/producto\/tps-210\/#primaryimage"},"image":{"@id":"https:\/\/sensoriberia.es\/pt-pt\/producto\/tps-210\/#primaryimage"},"thumbnailUrl":"https:\/\/sensoriberia.es\/wp-content\/uploads\/2025\/02\/TPS-210_-CEDES.jpg","datePublished":"2025-02-01T20:39:32+00:00","description":"El TPS 210 es un sensor CEDES para SENSOR IBERIA de detecci\u00f3n de direcci\u00f3n basado en tecnolog\u00eda de triangulaci\u00f3n (medici\u00f3n de \u00e1ngulos con infrarrojos)","breadcrumb":{"@id":"https:\/\/sensoriberia.es\/pt-pt\/producto\/tps-210\/#breadcrumb"},"inLanguage":"pt-PT","potentialAction":[{"@type":"ReadAction","target":["https:\/\/sensoriberia.es\/pt-pt\/producto\/tps-210\/"]}]},{"@type":"ImageObject","inLanguage":"pt-PT","@id":"https:\/\/sensoriberia.es\/pt-pt\/producto\/tps-210\/#primaryimage","url":"https:\/\/sensoriberia.es\/wp-content\/uploads\/2025\/02\/TPS-210_-CEDES.jpg","contentUrl":"https:\/\/sensoriberia.es\/wp-content\/uploads\/2025\/02\/TPS-210_-CEDES.jpg","width":1800,"height":1200,"caption":"Radar con tecnologia de detecci\u00f3n triangular CEDES para SENSORIBERIA"},{"@type":"BreadcrumbList","@id":"https:\/\/sensoriberia.es\/pt-pt\/producto\/tps-210\/#breadcrumb","itemListElement":[{"@type":"ListItem","position":1,"name":"Portada","item":"https:\/\/sensoriberia.es\/pt-pt\/"},{"@type":"ListItem","position":2,"name":"Produtos","item":"https:\/\/sensoriberia.es\/pt-pt\/produtos-de-seguranca\/"},{"@type":"ListItem","position":3,"name":"TPS 210"}]},{"@type":"WebSite","@id":"https:\/\/sensoriberia.es\/pt-pt\/#website","url":"https:\/\/sensoriberia.es\/pt-pt\/","name":"Sensor Iberia","description":"Distribuidor de sensores fotoel&eacute;ctricos","publisher":{"@id":"https:\/\/sensoriberia.es\/pt-pt\/#organization"},"potentialAction":[{"@type":"SearchAction","target":{"@type":"EntryPoint","urlTemplate":"https:\/\/sensoriberia.es\/pt-pt\/?s={search_term_string}"},"query-input":{"@type":"PropertyValueSpecification","valueRequired":true,"valueName":"search_term_string"}}],"inLanguage":"pt-PT"},{"@type":"Organization","@id":"https:\/\/sensoriberia.es\/pt-pt\/#organization","name":"Sensor Components, S.L.","url":"https:\/\/sensoriberia.es\/pt-pt\/","logo":{"@type":"ImageObject","inLanguage":"pt-PT","@id":"https:\/\/sensoriberia.es\/pt-pt\/#\/schema\/logo\/image\/","url":"https:\/\/sensoriberia.es\/wp-content\/uploads\/2017\/06\/Solo-logo-sensor4.png","contentUrl":"https:\/\/sensoriberia.es\/wp-content\/uploads\/2017\/06\/Solo-logo-sensor4.png","width":607,"height":297,"caption":"Sensor Components, S.L."},"image":{"@id":"https:\/\/sensoriberia.es\/pt-pt\/#\/schema\/logo\/image\/"},"sameAs":["https:\/\/www.linkedin.com\/in\/marti-sensoriberia\/"]}]}},"_links":{"self":[{"href":"https:\/\/sensoriberia.es\/pt-pt\/wp-json\/wp\/v2\/product\/14488","targetHints":{"allow":["GET"]}}],"collection":[{"href":"https:\/\/sensoriberia.es\/pt-pt\/wp-json\/wp\/v2\/product"}],"about":[{"href":"https:\/\/sensoriberia.es\/pt-pt\/wp-json\/wp\/v2\/types\/product"}],"replies":[{"embeddable":true,"href":"https:\/\/sensoriberia.es\/pt-pt\/wp-json\/wp\/v2\/comments?post=14488"}],"wp:featuredmedia":[{"embeddable":true,"href":"https:\/\/sensoriberia.es\/pt-pt\/wp-json\/wp\/v2\/media\/14482"}],"wp:attachment":[{"href":"https:\/\/sensoriberia.es\/pt-pt\/wp-json\/wp\/v2\/media?parent=14488"}],"wp:term":[{"taxonomy":"product_brand","embeddable":true,"href":"https:\/\/sensoriberia.es\/pt-pt\/wp-json\/wp\/v2\/product_brand?post=14488"},{"taxonomy":"product_cat","embeddable":true,"href":"https:\/\/sensoriberia.es\/pt-pt\/wp-json\/wp\/v2\/product_cat?post=14488"},{"taxonomy":"product_tag","embeddable":true,"href":"https:\/\/sensoriberia.es\/pt-pt\/wp-json\/wp\/v2\/product_tag?post=14488"}],"curies":[{"name":"wp","href":"https:\/\/api.w.org\/{rel}","templated":true}]}}